{"id":2175,"date":"2024-05-14T14:46:40","date_gmt":"2024-05-14T12:46:40","guid":{"rendered":"https:\/\/dev.desarrolloproyectoswp.com\/producto\/bobine-de-fil-a-cirer-100-coton-vierge\/"},"modified":"2024-05-14T14:46:40","modified_gmt":"2024-05-14T12:46:40","slug":"bobine-de-fil-a-cirer-100-coton-vierge","status":"publish","type":"product","link":"https:\/\/dev.desarrolloproyectoswp.com\/fr\/producto\/bobine-de-fil-a-cirer-100-coton-vierge\/","title":{"rendered":"Bobine de fil \u00e0 cirer &#8211; 100% coton vierge ;"},"content":{"rendered":"<p>Bobine en 100% coton vierge, sans colorant. Sp\u00e9cialement con\u00e7ue pour l&rsquo;\u00e9pilation du fil. 100 % naturel sans fibres synth\u00e9tiques (polyester) ni colorants.  <\/p>\n<ul>\n<li>Fil \u00e9pilatoire 100 % coton vierge.<\/li>\n<li>100 % naturel, sans fibres synth\u00e9tiques, sans colorants.<\/li>\n<li>Recommand\u00e9 pour toutes les peaux, id\u00e9al pour les peaux les plus d\u00e9licates et sensibles.<\/li>\n<li>Disponible en 1 000 et 5 000 m\u00e8tres<\/li>\n<\/ul>\n","protected":false},"excerpt":{"rendered":"<p>Bobine en coton vierge 100% sans colorant. Sp\u00e9cialement con\u00e7ue pour l&rsquo;\u00e9pilation des fils. 100 % naturel sans fibres synth\u00e9tiques (polyester) ni colorants. Disponible en 1.000 et 5.000 m\u00e8tres.  <\/p>\n","protected":false},"featured_media":1842,"template":"","meta":[],"pwb-brand":[41],"product_brand":[],"product_cat":[76],"product_tag":[],"class_list":{"0":"post-2175","1":"product","2":"type-product","3":"status-publish","4":"has-post-thumbnail","6":"pwb-brand-la-belleza-del-alma","7":"product_cat-epilation-par-fil","9":"first","10":"instock","11":"taxable","12":"shipping-taxable","13":"purchasable","14":"product-type-simple"},"yoast_head":"<!-- This site is optimized with the Yoast SEO plugin v27.3 - https:\/\/yoast.com\/product\/yoast-seo-wordpress\/ -->\n<title>Bobine de fil \u00e0 cirer - 100% coton vierge ; - La Belleza del Alma<\/title>\n<meta name=\"description\" content=\"Bobine en coton vierge 100% sans colorant. Sp\u00e9cialement con\u00e7ue pour l&#039;\u00e9pilation des fils. 100 % naturel sans fibres synth\u00e9tiques (polyester) ni colorants.\" \/>\n<meta name=\"robots\" content=\"index, follow, max-snippet:-1, max-image-preview:large, max-video-preview:-1\" \/>\n<link rel=\"canonical\" href=\"https:\/\/dev.desarrolloproyectoswp.com\/fr\/producto\/bobine-de-fil-a-cirer-100-coton-vierge\/\" \/>\n<meta property=\"og:locale\" content=\"fr_FR\" \/>\n<meta property=\"og:type\" content=\"article\" \/>\n<meta property=\"og:title\" content=\"Bobine de fil \u00e0 cirer - 100% coton vierge ; - La Belleza del Alma\" \/>\n<meta property=\"og:description\" content=\"Bobine en coton vierge 100% sans colorant. Sp\u00e9cialement con\u00e7ue pour l&#039;\u00e9pilation des fils. 100 % naturel sans fibres synth\u00e9tiques (polyester) ni colorants.\" \/>\n<meta property=\"og:url\" content=\"https:\/\/dev.desarrolloproyectoswp.com\/fr\/producto\/bobine-de-fil-a-cirer-100-coton-vierge\/\" \/>\n<meta property=\"og:site_name\" content=\"La Belleza del Alma\" \/>\n<meta property=\"article:publisher\" content=\"https:\/\/www.facebook.com\/vegancosmeticsbeauty\/\" \/>\n<meta property=\"og:image\" content=\"https:\/\/dev.desarrolloproyectoswp.com\/wp-content\/uploads\/2024\/05\/Bobina-hilo-de-Depilar-en-algodon-virgen-libre-de-tintes_1000-y-5000-metros_La-Belleza-del-Alma.jpg\" \/>\n\t<meta property=\"og:image:width\" content=\"2000\" \/>\n\t<meta property=\"og:image:height\" content=\"2000\" \/>\n\t<meta property=\"og:image:type\" content=\"image\/jpeg\" \/>\n<meta name=\"twitter:card\" content=\"summary_large_image\" \/>\n<script type=\"application\/ld+json\" class=\"yoast-schema-graph\">{\"@context\":\"https:\\\/\\\/schema.org\",\"@graph\":[{\"@type\":\"WebPage\",\"@id\":\"https:\\\/\\\/dev.desarrolloproyectoswp.com\\\/fr\\\/producto\\\/bobine-de-fil-a-cirer-100-coton-vierge\\\/\",\"url\":\"https:\\\/\\\/dev.desarrolloproyectoswp.com\\\/fr\\\/producto\\\/bobine-de-fil-a-cirer-100-coton-vierge\\\/\",\"name\":\"Bobine de fil \u00e0 cirer - 100% coton vierge ; - La Belleza del Alma\",\"isPartOf\":{\"@id\":\"https:\\\/\\\/dev.desarrolloproyectoswp.com\\\/fr\\\/#website\"},\"primaryImageOfPage\":{\"@id\":\"https:\\\/\\\/dev.desarrolloproyectoswp.com\\\/fr\\\/producto\\\/bobine-de-fil-a-cirer-100-coton-vierge\\\/#primaryimage\"},\"image\":{\"@id\":\"https:\\\/\\\/dev.desarrolloproyectoswp.com\\\/fr\\\/producto\\\/bobine-de-fil-a-cirer-100-coton-vierge\\\/#primaryimage\"},\"thumbnailUrl\":\"https:\\\/\\\/dev.desarrolloproyectoswp.com\\\/wp-content\\\/uploads\\\/2024\\\/05\\\/Bobina-hilo-de-Depilar-en-algodon-virgen-libre-de-tintes_1000-y-5000-metros_La-Belleza-del-Alma.jpg\",\"datePublished\":\"2024-05-14T12:46:40+00:00\",\"description\":\"Bobine en coton vierge 100% sans colorant. Sp\u00e9cialement con\u00e7ue pour l'\u00e9pilation des fils. 100 % naturel sans fibres synth\u00e9tiques (polyester) ni colorants.\",\"breadcrumb\":{\"@id\":\"https:\\\/\\\/dev.desarrolloproyectoswp.com\\\/fr\\\/producto\\\/bobine-de-fil-a-cirer-100-coton-vierge\\\/#breadcrumb\"},\"inLanguage\":\"fr-FR\",\"potentialAction\":[{\"@type\":\"ReadAction\",\"target\":[\"https:\\\/\\\/dev.desarrolloproyectoswp.com\\\/fr\\\/producto\\\/bobine-de-fil-a-cirer-100-coton-vierge\\\/\"]}]},{\"@type\":\"ImageObject\",\"inLanguage\":\"fr-FR\",\"@id\":\"https:\\\/\\\/dev.desarrolloproyectoswp.com\\\/fr\\\/producto\\\/bobine-de-fil-a-cirer-100-coton-vierge\\\/#primaryimage\",\"url\":\"https:\\\/\\\/dev.desarrolloproyectoswp.com\\\/wp-content\\\/uploads\\\/2024\\\/05\\\/Bobina-hilo-de-Depilar-en-algodon-virgen-libre-de-tintes_1000-y-5000-metros_La-Belleza-del-Alma.jpg\",\"contentUrl\":\"https:\\\/\\\/dev.desarrolloproyectoswp.com\\\/wp-content\\\/uploads\\\/2024\\\/05\\\/Bobina-hilo-de-Depilar-en-algodon-virgen-libre-de-tintes_1000-y-5000-metros_La-Belleza-del-Alma.jpg\",\"width\":2000,\"height\":2000,\"caption\":\"Bobine de fil \u00e0 \u00e9piler en coton vierge sans colorant_1000 et 5000 m\u00e8tres - La Belleza del Alma\"},{\"@type\":\"BreadcrumbList\",\"@id\":\"https:\\\/\\\/dev.desarrolloproyectoswp.com\\\/fr\\\/producto\\\/bobine-de-fil-a-cirer-100-coton-vierge\\\/#breadcrumb\",\"itemListElement\":[{\"@type\":\"ListItem\",\"position\":1,\"name\":\"Portada\",\"item\":\"https:\\\/\\\/dev.desarrolloproyectoswp.com\\\/fr\\\/la-belleza-del-alma\\\/\"},{\"@type\":\"ListItem\",\"position\":2,\"name\":\"Boutique en ligne de produits v\u00e9g\u00e9taliens &#8211; La Belleza del Alma\",\"item\":\"https:\\\/\\\/dev.desarrolloproyectoswp.com\\\/fr\\\/boutique\\\/\"},{\"@type\":\"ListItem\",\"position\":3,\"name\":\"Bobine de fil \u00e0 cirer &#8211; 100% coton vierge ;\"}]},{\"@type\":\"WebSite\",\"@id\":\"https:\\\/\\\/dev.desarrolloproyectoswp.com\\\/fr\\\/#website\",\"url\":\"https:\\\/\\\/dev.desarrolloproyectoswp.com\\\/fr\\\/\",\"name\":\"La Belleza del Alma\",\"description\":\"Belleza Org\u00e1nica y Cosm\u00e9tica Vegana\",\"potentialAction\":[{\"@type\":\"SearchAction\",\"target\":{\"@type\":\"EntryPoint\",\"urlTemplate\":\"https:\\\/\\\/dev.desarrolloproyectoswp.com\\\/fr\\\/?s={search_term_string}\"},\"query-input\":{\"@type\":\"PropertyValueSpecification\",\"valueRequired\":true,\"valueName\":\"search_term_string\"}}],\"inLanguage\":\"fr-FR\"}]}<\/script>\n<!-- \/ Yoast SEO plugin. -->","yoast_head_json":{"title":"Bobine de fil \u00e0 cirer - 100% coton vierge ; - La Belleza del Alma","description":"Bobine en coton vierge 100% sans colorant. Sp\u00e9cialement con\u00e7ue pour l'\u00e9pilation des fils. 100 % naturel sans fibres synth\u00e9tiques (polyester) ni colorants.","robots":{"index":"index","follow":"follow","max-snippet":"max-snippet:-1","max-image-preview":"max-image-preview:large","max-video-preview":"max-video-preview:-1"},"canonical":"https:\/\/dev.desarrolloproyectoswp.com\/fr\/producto\/bobine-de-fil-a-cirer-100-coton-vierge\/","og_locale":"fr_FR","og_type":"article","og_title":"Bobine de fil \u00e0 cirer - 100% coton vierge ; - La Belleza del Alma","og_description":"Bobine en coton vierge 100% sans colorant. Sp\u00e9cialement con\u00e7ue pour l'\u00e9pilation des fils. 100 % naturel sans fibres synth\u00e9tiques (polyester) ni colorants.","og_url":"https:\/\/dev.desarrolloproyectoswp.com\/fr\/producto\/bobine-de-fil-a-cirer-100-coton-vierge\/","og_site_name":"La Belleza del Alma","article_publisher":"https:\/\/www.facebook.com\/vegancosmeticsbeauty\/","og_image":[{"width":2000,"height":2000,"url":"https:\/\/dev.desarrolloproyectoswp.com\/wp-content\/uploads\/2024\/05\/Bobina-hilo-de-Depilar-en-algodon-virgen-libre-de-tintes_1000-y-5000-metros_La-Belleza-del-Alma.jpg","type":"image\/jpeg"}],"twitter_card":"summary_large_image","schema":{"@context":"https:\/\/schema.org","@graph":[{"@type":"WebPage","@id":"https:\/\/dev.desarrolloproyectoswp.com\/fr\/producto\/bobine-de-fil-a-cirer-100-coton-vierge\/","url":"https:\/\/dev.desarrolloproyectoswp.com\/fr\/producto\/bobine-de-fil-a-cirer-100-coton-vierge\/","name":"Bobine de fil \u00e0 cirer - 100% coton vierge ; - La Belleza del Alma","isPartOf":{"@id":"https:\/\/dev.desarrolloproyectoswp.com\/fr\/#website"},"primaryImageOfPage":{"@id":"https:\/\/dev.desarrolloproyectoswp.com\/fr\/producto\/bobine-de-fil-a-cirer-100-coton-vierge\/#primaryimage"},"image":{"@id":"https:\/\/dev.desarrolloproyectoswp.com\/fr\/producto\/bobine-de-fil-a-cirer-100-coton-vierge\/#primaryimage"},"thumbnailUrl":"https:\/\/dev.desarrolloproyectoswp.com\/wp-content\/uploads\/2024\/05\/Bobina-hilo-de-Depilar-en-algodon-virgen-libre-de-tintes_1000-y-5000-metros_La-Belleza-del-Alma.jpg","datePublished":"2024-05-14T12:46:40+00:00","description":"Bobine en coton vierge 100% sans colorant. Sp\u00e9cialement con\u00e7ue pour l'\u00e9pilation des fils. 100 % naturel sans fibres synth\u00e9tiques (polyester) ni colorants.","breadcrumb":{"@id":"https:\/\/dev.desarrolloproyectoswp.com\/fr\/producto\/bobine-de-fil-a-cirer-100-coton-vierge\/#breadcrumb"},"inLanguage":"fr-FR","potentialAction":[{"@type":"ReadAction","target":["https:\/\/dev.desarrolloproyectoswp.com\/fr\/producto\/bobine-de-fil-a-cirer-100-coton-vierge\/"]}]},{"@type":"ImageObject","inLanguage":"fr-FR","@id":"https:\/\/dev.desarrolloproyectoswp.com\/fr\/producto\/bobine-de-fil-a-cirer-100-coton-vierge\/#primaryimage","url":"https:\/\/dev.desarrolloproyectoswp.com\/wp-content\/uploads\/2024\/05\/Bobina-hilo-de-Depilar-en-algodon-virgen-libre-de-tintes_1000-y-5000-metros_La-Belleza-del-Alma.jpg","contentUrl":"https:\/\/dev.desarrolloproyectoswp.com\/wp-content\/uploads\/2024\/05\/Bobina-hilo-de-Depilar-en-algodon-virgen-libre-de-tintes_1000-y-5000-metros_La-Belleza-del-Alma.jpg","width":2000,"height":2000,"caption":"Bobine de fil \u00e0 \u00e9piler en coton vierge sans colorant_1000 et 5000 m\u00e8tres - La Belleza del Alma"},{"@type":"BreadcrumbList","@id":"https:\/\/dev.desarrolloproyectoswp.com\/fr\/producto\/bobine-de-fil-a-cirer-100-coton-vierge\/#breadcrumb","itemListElement":[{"@type":"ListItem","position":1,"name":"Portada","item":"https:\/\/dev.desarrolloproyectoswp.com\/fr\/la-belleza-del-alma\/"},{"@type":"ListItem","position":2,"name":"Boutique en ligne de produits v\u00e9g\u00e9taliens &#8211; La Belleza del Alma","item":"https:\/\/dev.desarrolloproyectoswp.com\/fr\/boutique\/"},{"@type":"ListItem","position":3,"name":"Bobine de fil \u00e0 cirer &#8211; 100% coton vierge ;"}]},{"@type":"WebSite","@id":"https:\/\/dev.desarrolloproyectoswp.com\/fr\/#website","url":"https:\/\/dev.desarrolloproyectoswp.com\/fr\/","name":"La Belleza del Alma","description":"Belleza Org\u00e1nica y Cosm\u00e9tica Vegana","potentialAction":[{"@type":"SearchAction","target":{"@type":"EntryPoint","urlTemplate":"https:\/\/dev.desarrolloproyectoswp.com\/fr\/?s={search_term_string}"},"query-input":{"@type":"PropertyValueSpecification","valueRequired":true,"valueName":"search_term_string"}}],"inLanguage":"fr-FR"}]}},"brands":[{"id":41,"name":"La Belleza del Alma","slug":"la-belleza-del-alma"}],"_links":{"self":[{"href":"https:\/\/dev.desarrolloproyectoswp.com\/fr\/wp-json\/wp\/v2\/product\/2175","targetHints":{"allow":["GET"]}}],"collection":[{"href":"https:\/\/dev.desarrolloproyectoswp.com\/fr\/wp-json\/wp\/v2\/product"}],"about":[{"href":"https:\/\/dev.desarrolloproyectoswp.com\/fr\/wp-json\/wp\/v2\/types\/product"}],"version-history":[{"count":0,"href":"https:\/\/dev.desarrolloproyectoswp.com\/fr\/wp-json\/wp\/v2\/product\/2175\/revisions"}],"wp:featuredmedia":[{"embeddable":true,"href":"https:\/\/dev.desarrolloproyectoswp.com\/fr\/wp-json\/wp\/v2\/media\/1842"}],"wp:attachment":[{"href":"https:\/\/dev.desarrolloproyectoswp.com\/fr\/wp-json\/wp\/v2\/media?parent=2175"}],"wp:term":[{"taxonomy":"pwb-brand","embeddable":true,"href":"https:\/\/dev.desarrolloproyectoswp.com\/fr\/wp-json\/wp\/v2\/pwb-brand?post=2175"},{"taxonomy":"product_brand","embeddable":true,"href":"https:\/\/dev.desarrolloproyectoswp.com\/fr\/wp-json\/wp\/v2\/product_brand?post=2175"},{"taxonomy":"product_cat","embeddable":true,"href":"https:\/\/dev.desarrolloproyectoswp.com\/fr\/wp-json\/wp\/v2\/product_cat?post=2175"},{"taxonomy":"product_tag","embeddable":true,"href":"https:\/\/dev.desarrolloproyectoswp.com\/fr\/wp-json\/wp\/v2\/product_tag?post=2175"}],"curies":[{"name":"wp","href":"https:\/\/api.w.org\/{rel}","templated":true}]}}