{"id":2174,"date":"2024-05-14T14:51:05","date_gmt":"2024-05-14T12:51:05","guid":{"rendered":"https:\/\/dev.desarrolloproyectoswp.com\/producto\/serum-anti-age-bio-beauty-elixir-jeunesse\/"},"modified":"2024-05-14T14:51:05","modified_gmt":"2024-05-14T12:51:05","slug":"serum-anti-age-bio-beauty-elixir-jeunesse","status":"publish","type":"product","link":"https:\/\/dev.desarrolloproyectoswp.com\/fr\/producto\/serum-anti-age-bio-beauty-elixir-jeunesse\/","title":{"rendered":"S\u00e9rum anti-\u00e2ge bio &#8211; Beauty Elixir. JEUNESSE"},"content":{"rendered":"<p>Combinaison exquise d&rsquo;huiles vierges biologiques de graines de figue de barbarie, de cumin noir, de baobab, d&rsquo;avocat, d&rsquo;argan, de jojoba, de buruti et de moringa sauvage, enrichie aromatiquement d&rsquo;huiles essentielles de rose damascena, d&rsquo;encens, d&rsquo;h\u00e9lichryse et de camomille sauvage. Elle apporte aux peaux matures jeunesse, r\u00e9g\u00e9n\u00e9ration, nutrition, souplesse, \u00e9clat et fermet\u00e9. 30 ml.<\/p>\n<p><img decoding=\"async\" class=\"alignnone size-full wp-image-1331\" src=\"https:\/\/dev.desarrolloproyectoswp.com\/wp-content\/uploads\/2024\/05\/Certificado-Eco-Plus-y-Bio-300x150-1.jpg\" alt=\"\" width=\"300\" height=\"150\"><\/p>\n","protected":false},"excerpt":{"rendered":"<p>M\u00e9lange de 8 huiles vierges combin\u00e9es \u00e0 des huiles essentielles exquises qui apportent jeunesse et beaut\u00e9 aux peaux matures. R\u00e9duit les rides d&rsquo;expression, pr\u00e9vient l&rsquo;apparition des taches et des rides. Apporte fermet\u00e9 et \u00e9lasticit\u00e9. Nourrit en profondeur. Une v\u00e9ritable nourriture pour la peau, riche en antioxydants, en acides gras essentiels et en vitamines. 30ml.   <\/p>\n","protected":false},"featured_media":1844,"template":"","meta":[],"pwb-brand":[41],"product_brand":[],"product_cat":[79],"product_tag":[83],"class_list":{"0":"post-2174","1":"product","2":"type-product","3":"status-publish","4":"has-post-thumbnail","6":"pwb-brand-la-belleza-del-alma","7":"product_cat-cosmetique-faciale-vegetalienne","8":"product_tag-huiles-sauvages","10":"first","11":"instock","12":"taxable","13":"shipping-taxable","14":"purchasable","15":"product-type-simple"},"yoast_head":"<!-- This site is optimized with the Yoast SEO plugin v27.3 - https:\/\/yoast.com\/product\/yoast-seo-wordpress\/ -->\n<title>S\u00e9rum anti-\u00e2ge bio - Beauty Elixir. JEUNESSE - La Belleza del Alma<\/title>\n<meta name=\"description\" content=\"M\u00e9lange de 8 huiles vierges qui redonnent jeunesse et beaut\u00e9 aux peaux matures. R\u00e9duit les rides d&#039;expression, pr\u00e9vient l&#039;apparition des taches et des rides ;\" \/>\n<meta name=\"robots\" content=\"index, follow, max-snippet:-1, max-image-preview:large, max-video-preview:-1\" \/>\n<link rel=\"canonical\" href=\"https:\/\/dev.desarrolloproyectoswp.com\/fr\/producto\/serum-anti-age-bio-beauty-elixir-jeunesse\/\" \/>\n<meta property=\"og:locale\" content=\"fr_FR\" \/>\n<meta property=\"og:type\" content=\"article\" \/>\n<meta property=\"og:title\" content=\"S\u00e9rum anti-\u00e2ge bio - Beauty Elixir. JEUNESSE - La Belleza del Alma\" \/>\n<meta property=\"og:description\" content=\"M\u00e9lange de 8 huiles vierges qui redonnent jeunesse et beaut\u00e9 aux peaux matures. R\u00e9duit les rides d&#039;expression, pr\u00e9vient l&#039;apparition des taches et des rides ;\" \/>\n<meta property=\"og:url\" content=\"https:\/\/dev.desarrolloproyectoswp.com\/fr\/producto\/serum-anti-age-bio-beauty-elixir-jeunesse\/\" \/>\n<meta property=\"og:site_name\" content=\"La Belleza del Alma\" \/>\n<meta property=\"article:publisher\" content=\"https:\/\/www.facebook.com\/vegancosmeticsbeauty\/\" \/>\n<meta property=\"og:image\" content=\"https:\/\/dev.desarrolloproyectoswp.com\/wp-content\/uploads\/2024\/05\/Serum-Antiedad-Ecologico-\u2013-Elixir-de-belleza-JUVENTUD_La-Belleza-del-Alma.jpg\" \/>\n\t<meta property=\"og:image:width\" content=\"2000\" \/>\n\t<meta property=\"og:image:height\" content=\"2000\" \/>\n\t<meta property=\"og:image:type\" content=\"image\/jpeg\" \/>\n<meta name=\"twitter:card\" content=\"summary_large_image\" \/>\n<script type=\"application\/ld+json\" class=\"yoast-schema-graph\">{\"@context\":\"https:\\\/\\\/schema.org\",\"@graph\":[{\"@type\":\"WebPage\",\"@id\":\"https:\\\/\\\/dev.desarrolloproyectoswp.com\\\/fr\\\/producto\\\/serum-anti-age-bio-beauty-elixir-jeunesse\\\/\",\"url\":\"https:\\\/\\\/dev.desarrolloproyectoswp.com\\\/fr\\\/producto\\\/serum-anti-age-bio-beauty-elixir-jeunesse\\\/\",\"name\":\"S\u00e9rum anti-\u00e2ge bio - Beauty Elixir. JEUNESSE - La Belleza del Alma\",\"isPartOf\":{\"@id\":\"https:\\\/\\\/dev.desarrolloproyectoswp.com\\\/fr\\\/#website\"},\"primaryImageOfPage\":{\"@id\":\"https:\\\/\\\/dev.desarrolloproyectoswp.com\\\/fr\\\/producto\\\/serum-anti-age-bio-beauty-elixir-jeunesse\\\/#primaryimage\"},\"image\":{\"@id\":\"https:\\\/\\\/dev.desarrolloproyectoswp.com\\\/fr\\\/producto\\\/serum-anti-age-bio-beauty-elixir-jeunesse\\\/#primaryimage\"},\"thumbnailUrl\":\"https:\\\/\\\/dev.desarrolloproyectoswp.com\\\/wp-content\\\/uploads\\\/2024\\\/05\\\/Serum-Antiedad-Ecologico-\u2013-Elixir-de-belleza-JUVENTUD_La-Belleza-del-Alma.jpg\",\"datePublished\":\"2024-05-14T12:51:05+00:00\",\"description\":\"M\u00e9lange de 8 huiles vierges qui redonnent jeunesse et beaut\u00e9 aux peaux matures. R\u00e9duit les rides d'expression, pr\u00e9vient l'apparition des taches et des rides ;\",\"breadcrumb\":{\"@id\":\"https:\\\/\\\/dev.desarrolloproyectoswp.com\\\/fr\\\/producto\\\/serum-anti-age-bio-beauty-elixir-jeunesse\\\/#breadcrumb\"},\"inLanguage\":\"fr-FR\",\"potentialAction\":[{\"@type\":\"ReadAction\",\"target\":[\"https:\\\/\\\/dev.desarrolloproyectoswp.com\\\/fr\\\/producto\\\/serum-anti-age-bio-beauty-elixir-jeunesse\\\/\"]}]},{\"@type\":\"ImageObject\",\"inLanguage\":\"fr-FR\",\"@id\":\"https:\\\/\\\/dev.desarrolloproyectoswp.com\\\/fr\\\/producto\\\/serum-anti-age-bio-beauty-elixir-jeunesse\\\/#primaryimage\",\"url\":\"https:\\\/\\\/dev.desarrolloproyectoswp.com\\\/wp-content\\\/uploads\\\/2024\\\/05\\\/Serum-Antiedad-Ecologico-\u2013-Elixir-de-belleza-JUVENTUD_La-Belleza-del-Alma.jpg\",\"contentUrl\":\"https:\\\/\\\/dev.desarrolloproyectoswp.com\\\/wp-content\\\/uploads\\\/2024\\\/05\\\/Serum-Antiedad-Ecologico-\u2013-Elixir-de-belleza-JUVENTUD_La-Belleza-del-Alma.jpg\",\"width\":2000,\"height\":2000,\"caption\":\"S\u00e9rum anti-\u00e2ge bio - Elixir de beaut\u00e9 JEUNESSE - La Belleza del Alma\"},{\"@type\":\"BreadcrumbList\",\"@id\":\"https:\\\/\\\/dev.desarrolloproyectoswp.com\\\/fr\\\/producto\\\/serum-anti-age-bio-beauty-elixir-jeunesse\\\/#breadcrumb\",\"itemListElement\":[{\"@type\":\"ListItem\",\"position\":1,\"name\":\"Portada\",\"item\":\"https:\\\/\\\/dev.desarrolloproyectoswp.com\\\/fr\\\/la-belleza-del-alma\\\/\"},{\"@type\":\"ListItem\",\"position\":2,\"name\":\"Boutique en ligne de produits v\u00e9g\u00e9taliens &#8211; La Belleza del Alma\",\"item\":\"https:\\\/\\\/dev.desarrolloproyectoswp.com\\\/fr\\\/boutique\\\/\"},{\"@type\":\"ListItem\",\"position\":3,\"name\":\"S\u00e9rum anti-\u00e2ge bio &#8211; Beauty Elixir. JEUNESSE\"}]},{\"@type\":\"WebSite\",\"@id\":\"https:\\\/\\\/dev.desarrolloproyectoswp.com\\\/fr\\\/#website\",\"url\":\"https:\\\/\\\/dev.desarrolloproyectoswp.com\\\/fr\\\/\",\"name\":\"La Belleza del Alma\",\"description\":\"Belleza Org\u00e1nica y Cosm\u00e9tica Vegana\",\"potentialAction\":[{\"@type\":\"SearchAction\",\"target\":{\"@type\":\"EntryPoint\",\"urlTemplate\":\"https:\\\/\\\/dev.desarrolloproyectoswp.com\\\/fr\\\/?s={search_term_string}\"},\"query-input\":{\"@type\":\"PropertyValueSpecification\",\"valueRequired\":true,\"valueName\":\"search_term_string\"}}],\"inLanguage\":\"fr-FR\"}]}<\/script>\n<!-- \/ Yoast SEO plugin. -->","yoast_head_json":{"title":"S\u00e9rum anti-\u00e2ge bio - Beauty Elixir. JEUNESSE - La Belleza del Alma","description":"M\u00e9lange de 8 huiles vierges qui redonnent jeunesse et beaut\u00e9 aux peaux matures. R\u00e9duit les rides d'expression, pr\u00e9vient l'apparition des taches et des rides ;","robots":{"index":"index","follow":"follow","max-snippet":"max-snippet:-1","max-image-preview":"max-image-preview:large","max-video-preview":"max-video-preview:-1"},"canonical":"https:\/\/dev.desarrolloproyectoswp.com\/fr\/producto\/serum-anti-age-bio-beauty-elixir-jeunesse\/","og_locale":"fr_FR","og_type":"article","og_title":"S\u00e9rum anti-\u00e2ge bio - Beauty Elixir. JEUNESSE - La Belleza del Alma","og_description":"M\u00e9lange de 8 huiles vierges qui redonnent jeunesse et beaut\u00e9 aux peaux matures. R\u00e9duit les rides d'expression, pr\u00e9vient l'apparition des taches et des rides ;","og_url":"https:\/\/dev.desarrolloproyectoswp.com\/fr\/producto\/serum-anti-age-bio-beauty-elixir-jeunesse\/","og_site_name":"La Belleza del Alma","article_publisher":"https:\/\/www.facebook.com\/vegancosmeticsbeauty\/","og_image":[{"width":2000,"height":2000,"url":"https:\/\/dev.desarrolloproyectoswp.com\/wp-content\/uploads\/2024\/05\/Serum-Antiedad-Ecologico-\u2013-Elixir-de-belleza-JUVENTUD_La-Belleza-del-Alma.jpg","type":"image\/jpeg"}],"twitter_card":"summary_large_image","schema":{"@context":"https:\/\/schema.org","@graph":[{"@type":"WebPage","@id":"https:\/\/dev.desarrolloproyectoswp.com\/fr\/producto\/serum-anti-age-bio-beauty-elixir-jeunesse\/","url":"https:\/\/dev.desarrolloproyectoswp.com\/fr\/producto\/serum-anti-age-bio-beauty-elixir-jeunesse\/","name":"S\u00e9rum anti-\u00e2ge bio - Beauty Elixir. JEUNESSE - La Belleza del Alma","isPartOf":{"@id":"https:\/\/dev.desarrolloproyectoswp.com\/fr\/#website"},"primaryImageOfPage":{"@id":"https:\/\/dev.desarrolloproyectoswp.com\/fr\/producto\/serum-anti-age-bio-beauty-elixir-jeunesse\/#primaryimage"},"image":{"@id":"https:\/\/dev.desarrolloproyectoswp.com\/fr\/producto\/serum-anti-age-bio-beauty-elixir-jeunesse\/#primaryimage"},"thumbnailUrl":"https:\/\/dev.desarrolloproyectoswp.com\/wp-content\/uploads\/2024\/05\/Serum-Antiedad-Ecologico-\u2013-Elixir-de-belleza-JUVENTUD_La-Belleza-del-Alma.jpg","datePublished":"2024-05-14T12:51:05+00:00","description":"M\u00e9lange de 8 huiles vierges qui redonnent jeunesse et beaut\u00e9 aux peaux matures. R\u00e9duit les rides d'expression, pr\u00e9vient l'apparition des taches et des rides ;","breadcrumb":{"@id":"https:\/\/dev.desarrolloproyectoswp.com\/fr\/producto\/serum-anti-age-bio-beauty-elixir-jeunesse\/#breadcrumb"},"inLanguage":"fr-FR","potentialAction":[{"@type":"ReadAction","target":["https:\/\/dev.desarrolloproyectoswp.com\/fr\/producto\/serum-anti-age-bio-beauty-elixir-jeunesse\/"]}]},{"@type":"ImageObject","inLanguage":"fr-FR","@id":"https:\/\/dev.desarrolloproyectoswp.com\/fr\/producto\/serum-anti-age-bio-beauty-elixir-jeunesse\/#primaryimage","url":"https:\/\/dev.desarrolloproyectoswp.com\/wp-content\/uploads\/2024\/05\/Serum-Antiedad-Ecologico-\u2013-Elixir-de-belleza-JUVENTUD_La-Belleza-del-Alma.jpg","contentUrl":"https:\/\/dev.desarrolloproyectoswp.com\/wp-content\/uploads\/2024\/05\/Serum-Antiedad-Ecologico-\u2013-Elixir-de-belleza-JUVENTUD_La-Belleza-del-Alma.jpg","width":2000,"height":2000,"caption":"S\u00e9rum anti-\u00e2ge bio - Elixir de beaut\u00e9 JEUNESSE - La Belleza del Alma"},{"@type":"BreadcrumbList","@id":"https:\/\/dev.desarrolloproyectoswp.com\/fr\/producto\/serum-anti-age-bio-beauty-elixir-jeunesse\/#breadcrumb","itemListElement":[{"@type":"ListItem","position":1,"name":"Portada","item":"https:\/\/dev.desarrolloproyectoswp.com\/fr\/la-belleza-del-alma\/"},{"@type":"ListItem","position":2,"name":"Boutique en ligne de produits v\u00e9g\u00e9taliens &#8211; La Belleza del Alma","item":"https:\/\/dev.desarrolloproyectoswp.com\/fr\/boutique\/"},{"@type":"ListItem","position":3,"name":"S\u00e9rum anti-\u00e2ge bio &#8211; Beauty Elixir. JEUNESSE"}]},{"@type":"WebSite","@id":"https:\/\/dev.desarrolloproyectoswp.com\/fr\/#website","url":"https:\/\/dev.desarrolloproyectoswp.com\/fr\/","name":"La Belleza del Alma","description":"Belleza Org\u00e1nica y Cosm\u00e9tica Vegana","potentialAction":[{"@type":"SearchAction","target":{"@type":"EntryPoint","urlTemplate":"https:\/\/dev.desarrolloproyectoswp.com\/fr\/?s={search_term_string}"},"query-input":{"@type":"PropertyValueSpecification","valueRequired":true,"valueName":"search_term_string"}}],"inLanguage":"fr-FR"}]}},"brands":[{"id":41,"name":"La Belleza del Alma","slug":"la-belleza-del-alma"}],"_links":{"self":[{"href":"https:\/\/dev.desarrolloproyectoswp.com\/fr\/wp-json\/wp\/v2\/product\/2174","targetHints":{"allow":["GET"]}}],"collection":[{"href":"https:\/\/dev.desarrolloproyectoswp.com\/fr\/wp-json\/wp\/v2\/product"}],"about":[{"href":"https:\/\/dev.desarrolloproyectoswp.com\/fr\/wp-json\/wp\/v2\/types\/product"}],"version-history":[{"count":0,"href":"https:\/\/dev.desarrolloproyectoswp.com\/fr\/wp-json\/wp\/v2\/product\/2174\/revisions"}],"wp:featuredmedia":[{"embeddable":true,"href":"https:\/\/dev.desarrolloproyectoswp.com\/fr\/wp-json\/wp\/v2\/media\/1844"}],"wp:attachment":[{"href":"https:\/\/dev.desarrolloproyectoswp.com\/fr\/wp-json\/wp\/v2\/media?parent=2174"}],"wp:term":[{"taxonomy":"pwb-brand","embeddable":true,"href":"https:\/\/dev.desarrolloproyectoswp.com\/fr\/wp-json\/wp\/v2\/pwb-brand?post=2174"},{"taxonomy":"product_brand","embeddable":true,"href":"https:\/\/dev.desarrolloproyectoswp.com\/fr\/wp-json\/wp\/v2\/product_brand?post=2174"},{"taxonomy":"product_cat","embeddable":true,"href":"https:\/\/dev.desarrolloproyectoswp.com\/fr\/wp-json\/wp\/v2\/product_cat?post=2174"},{"taxonomy":"product_tag","embeddable":true,"href":"https:\/\/dev.desarrolloproyectoswp.com\/fr\/wp-json\/wp\/v2\/product_tag?post=2174"}],"curies":[{"name":"wp","href":"https:\/\/api.w.org\/{rel}","templated":true}]}}