{"id":2171,"date":"2024-06-10T15:16:33","date_gmt":"2024-06-10T13:16:33","guid":{"rendered":"https:\/\/dev.desarrolloproyectoswp.com\/producto\/hydrolat-de-rose-de-damas-bio\/"},"modified":"2024-06-10T15:16:33","modified_gmt":"2024-06-10T13:16:33","slug":"hydrolat-de-rose-de-damas-bio","status":"publish","type":"product","link":"https:\/\/dev.desarrolloproyectoswp.com\/fr\/producto\/hydrolat-de-rose-de-damas-bio\/","title":{"rendered":"Hydrolat de rose de Damas bio"},"content":{"rendered":"<div>Obtenu par distillation \u00e0 la vapeur d&rsquo;eau des p\u00e9tales de la Rose de Damas.<\/div>\n<div>Convient aux peaux matures, ternes et d\u00e9vitalis\u00e9es.<\/div>\n<ul>\n<li>100% d&rsquo;ingr\u00e9dients biologiques.<\/li>\n<li>100 % d&rsquo;ingr\u00e9dients actifs.<\/li>\n<li>Sans conservateurs.<\/li>\n<\/ul>\n<p><span style=\"font-family: Lato, sans-serif;\">Pour une meilleure conservation, il est recommand\u00e9 de le garder au r\u00e9frig\u00e9rateur. <\/span><span style=\"font-family: Lato, sans-serif;\"> Apr\u00e8s ouverture, utiliser dans un d\u00e9lai maximum de 6 mois.<\/span><\/p>\n<p>Taille : 100 ml.<\/p>\n<p><img decoding=\"async\" class=\"alignnone size-full wp-image-1331\" src=\"https:\/\/dev.desarrolloproyectoswp.com\/wp-content\/uploads\/2024\/05\/Certificado-Eco-Plus-y-Bio-300x150-1.jpg\" alt=\"\" width=\"300\" height=\"150\"><\/p>\n<p>&nbsp;<\/p>\n","protected":false},"excerpt":{"rendered":"<p>Tonifie et hydrate instantan\u00e9ment la peau. Excellent r\u00e9g\u00e9n\u00e9rateur de tissus, raffermissant, anti-\u00e2ge. Id\u00e9al pour les peaux fatigu\u00e9es, les yeux irrit\u00e9s, les peaux matures et sensibles. Apporte luminosit\u00e9 et vitalit\u00e9 \u00e0 la peau. Grand alli\u00e9 des peaux sensibles sujettes aux rougeurs, aux irritations et \u00e0 la couperose. Format : 100 ml. <\/p>\n","protected":false},"featured_media":1918,"template":"","meta":[],"pwb-brand":[41],"product_brand":[],"product_cat":[79,76],"product_tag":[84,85],"class_list":{"0":"post-2171","1":"product","2":"type-product","3":"status-publish","4":"has-post-thumbnail","6":"pwb-brand-la-belleza-del-alma","7":"product_cat-cosmetique-faciale-vegetalienne","8":"product_cat-epilation-par-fil","9":"product_tag-eau-florale","10":"product_tag-hydrolat-fr","12":"first","13":"instock","14":"taxable","15":"shipping-taxable","16":"purchasable","17":"product-type-simple"},"yoast_head":"<!-- This site is optimized with the Yoast SEO plugin v27.3 - https:\/\/yoast.com\/product\/yoast-seo-wordpress\/ -->\n<title>Hydrolat de rose de Damas bio - Cosm\u00e9tiques naturels v\u00e9g\u00e9taliens en ligne ;<\/title>\n<meta name=\"description\" content=\"Hydrolat de Rose de Damas Bio - Grand r\u00e9g\u00e9n\u00e9rateur de tissus, raffermissant, anti-\u00e2ge. Id\u00e9al pour les peaux fatigu\u00e9es, matures et sensibles.\" \/>\n<meta name=\"robots\" content=\"index, follow, max-snippet:-1, max-image-preview:large, max-video-preview:-1\" \/>\n<link rel=\"canonical\" href=\"https:\/\/dev.desarrolloproyectoswp.com\/fr\/producto\/hydrolat-de-rose-de-damas-bio\/\" \/>\n<meta property=\"og:locale\" content=\"fr_FR\" \/>\n<meta property=\"og:type\" content=\"article\" \/>\n<meta property=\"og:title\" content=\"Hydrolat de rose de Damas bio - Cosm\u00e9tiques naturels v\u00e9g\u00e9taliens en ligne ;\" \/>\n<meta property=\"og:description\" content=\"Hydrolat de Rose de Damas Bio - Grand r\u00e9g\u00e9n\u00e9rateur de tissus, raffermissant, anti-\u00e2ge. Id\u00e9al pour les peaux fatigu\u00e9es, matures et sensibles.\" \/>\n<meta property=\"og:url\" content=\"https:\/\/dev.desarrolloproyectoswp.com\/fr\/producto\/hydrolat-de-rose-de-damas-bio\/\" \/>\n<meta property=\"og:site_name\" content=\"La Belleza del Alma\" \/>\n<meta property=\"article:publisher\" content=\"https:\/\/www.facebook.com\/vegancosmeticsbeauty\/\" \/>\n<meta property=\"og:image\" content=\"https:\/\/dev.desarrolloproyectoswp.com\/wp-content\/uploads\/2024\/06\/Hidrolato-de-Rosa-Damascena-Ecologico_La-Belleza-del-Alma.jpg\" \/>\n\t<meta property=\"og:image:width\" content=\"2000\" \/>\n\t<meta property=\"og:image:height\" content=\"2000\" \/>\n\t<meta property=\"og:image:type\" content=\"image\/jpeg\" \/>\n<meta name=\"twitter:card\" content=\"summary_large_image\" \/>\n<script type=\"application\/ld+json\" class=\"yoast-schema-graph\">{\"@context\":\"https:\\\/\\\/schema.org\",\"@graph\":[{\"@type\":\"WebPage\",\"@id\":\"https:\\\/\\\/dev.desarrolloproyectoswp.com\\\/fr\\\/producto\\\/hydrolat-de-rose-de-damas-bio\\\/\",\"url\":\"https:\\\/\\\/dev.desarrolloproyectoswp.com\\\/fr\\\/producto\\\/hydrolat-de-rose-de-damas-bio\\\/\",\"name\":\"Hydrolat de rose de Damas bio - Cosm\u00e9tiques naturels v\u00e9g\u00e9taliens en ligne ;\",\"isPartOf\":{\"@id\":\"https:\\\/\\\/dev.desarrolloproyectoswp.com\\\/fr\\\/#website\"},\"primaryImageOfPage\":{\"@id\":\"https:\\\/\\\/dev.desarrolloproyectoswp.com\\\/fr\\\/producto\\\/hydrolat-de-rose-de-damas-bio\\\/#primaryimage\"},\"image\":{\"@id\":\"https:\\\/\\\/dev.desarrolloproyectoswp.com\\\/fr\\\/producto\\\/hydrolat-de-rose-de-damas-bio\\\/#primaryimage\"},\"thumbnailUrl\":\"https:\\\/\\\/dev.desarrolloproyectoswp.com\\\/wp-content\\\/uploads\\\/2024\\\/06\\\/Hidrolato-de-Rosa-Damascena-Ecologico_La-Belleza-del-Alma.jpg\",\"datePublished\":\"2024-06-10T13:16:33+00:00\",\"description\":\"Hydrolat de Rose de Damas Bio - Grand r\u00e9g\u00e9n\u00e9rateur de tissus, raffermissant, anti-\u00e2ge. Id\u00e9al pour les peaux fatigu\u00e9es, matures et sensibles.\",\"breadcrumb\":{\"@id\":\"https:\\\/\\\/dev.desarrolloproyectoswp.com\\\/fr\\\/producto\\\/hydrolat-de-rose-de-damas-bio\\\/#breadcrumb\"},\"inLanguage\":\"fr-FR\",\"potentialAction\":[{\"@type\":\"ReadAction\",\"target\":[\"https:\\\/\\\/dev.desarrolloproyectoswp.com\\\/fr\\\/producto\\\/hydrolat-de-rose-de-damas-bio\\\/\"]}]},{\"@type\":\"ImageObject\",\"inLanguage\":\"fr-FR\",\"@id\":\"https:\\\/\\\/dev.desarrolloproyectoswp.com\\\/fr\\\/producto\\\/hydrolat-de-rose-de-damas-bio\\\/#primaryimage\",\"url\":\"https:\\\/\\\/dev.desarrolloproyectoswp.com\\\/wp-content\\\/uploads\\\/2024\\\/06\\\/Hidrolato-de-Rosa-Damascena-Ecologico_La-Belleza-del-Alma.jpg\",\"contentUrl\":\"https:\\\/\\\/dev.desarrolloproyectoswp.com\\\/wp-content\\\/uploads\\\/2024\\\/06\\\/Hidrolato-de-Rosa-Damascena-Ecologico_La-Belleza-del-Alma.jpg\",\"width\":2000,\"height\":2000,\"caption\":\"Hidrolato de Rosa Damascena Ecol\u00f3gico - La Belleza del Alma - Producto Belleza facial vegano\"},{\"@type\":\"BreadcrumbList\",\"@id\":\"https:\\\/\\\/dev.desarrolloproyectoswp.com\\\/fr\\\/producto\\\/hydrolat-de-rose-de-damas-bio\\\/#breadcrumb\",\"itemListElement\":[{\"@type\":\"ListItem\",\"position\":1,\"name\":\"Portada\",\"item\":\"https:\\\/\\\/dev.desarrolloproyectoswp.com\\\/fr\\\/la-belleza-del-alma\\\/\"},{\"@type\":\"ListItem\",\"position\":2,\"name\":\"Boutique en ligne de produits v\u00e9g\u00e9taliens &#8211; La Belleza del Alma\",\"item\":\"https:\\\/\\\/dev.desarrolloproyectoswp.com\\\/fr\\\/boutique\\\/\"},{\"@type\":\"ListItem\",\"position\":3,\"name\":\"Hydrolat de rose de Damas bio\"}]},{\"@type\":\"WebSite\",\"@id\":\"https:\\\/\\\/dev.desarrolloproyectoswp.com\\\/fr\\\/#website\",\"url\":\"https:\\\/\\\/dev.desarrolloproyectoswp.com\\\/fr\\\/\",\"name\":\"La Belleza del Alma\",\"description\":\"Belleza Org\u00e1nica y Cosm\u00e9tica Vegana\",\"potentialAction\":[{\"@type\":\"SearchAction\",\"target\":{\"@type\":\"EntryPoint\",\"urlTemplate\":\"https:\\\/\\\/dev.desarrolloproyectoswp.com\\\/fr\\\/?s={search_term_string}\"},\"query-input\":{\"@type\":\"PropertyValueSpecification\",\"valueRequired\":true,\"valueName\":\"search_term_string\"}}],\"inLanguage\":\"fr-FR\"}]}<\/script>\n<!-- \/ Yoast SEO plugin. -->","yoast_head_json":{"title":"Hydrolat de rose de Damas bio - Cosm\u00e9tiques naturels v\u00e9g\u00e9taliens en ligne ;","description":"Hydrolat de Rose de Damas Bio - Grand r\u00e9g\u00e9n\u00e9rateur de tissus, raffermissant, anti-\u00e2ge. Id\u00e9al pour les peaux fatigu\u00e9es, matures et sensibles.","robots":{"index":"index","follow":"follow","max-snippet":"max-snippet:-1","max-image-preview":"max-image-preview:large","max-video-preview":"max-video-preview:-1"},"canonical":"https:\/\/dev.desarrolloproyectoswp.com\/fr\/producto\/hydrolat-de-rose-de-damas-bio\/","og_locale":"fr_FR","og_type":"article","og_title":"Hydrolat de rose de Damas bio - Cosm\u00e9tiques naturels v\u00e9g\u00e9taliens en ligne ;","og_description":"Hydrolat de Rose de Damas Bio - Grand r\u00e9g\u00e9n\u00e9rateur de tissus, raffermissant, anti-\u00e2ge. Id\u00e9al pour les peaux fatigu\u00e9es, matures et sensibles.","og_url":"https:\/\/dev.desarrolloproyectoswp.com\/fr\/producto\/hydrolat-de-rose-de-damas-bio\/","og_site_name":"La Belleza del Alma","article_publisher":"https:\/\/www.facebook.com\/vegancosmeticsbeauty\/","og_image":[{"width":2000,"height":2000,"url":"https:\/\/dev.desarrolloproyectoswp.com\/wp-content\/uploads\/2024\/06\/Hidrolato-de-Rosa-Damascena-Ecologico_La-Belleza-del-Alma.jpg","type":"image\/jpeg"}],"twitter_card":"summary_large_image","schema":{"@context":"https:\/\/schema.org","@graph":[{"@type":"WebPage","@id":"https:\/\/dev.desarrolloproyectoswp.com\/fr\/producto\/hydrolat-de-rose-de-damas-bio\/","url":"https:\/\/dev.desarrolloproyectoswp.com\/fr\/producto\/hydrolat-de-rose-de-damas-bio\/","name":"Hydrolat de rose de Damas bio - Cosm\u00e9tiques naturels v\u00e9g\u00e9taliens en ligne ;","isPartOf":{"@id":"https:\/\/dev.desarrolloproyectoswp.com\/fr\/#website"},"primaryImageOfPage":{"@id":"https:\/\/dev.desarrolloproyectoswp.com\/fr\/producto\/hydrolat-de-rose-de-damas-bio\/#primaryimage"},"image":{"@id":"https:\/\/dev.desarrolloproyectoswp.com\/fr\/producto\/hydrolat-de-rose-de-damas-bio\/#primaryimage"},"thumbnailUrl":"https:\/\/dev.desarrolloproyectoswp.com\/wp-content\/uploads\/2024\/06\/Hidrolato-de-Rosa-Damascena-Ecologico_La-Belleza-del-Alma.jpg","datePublished":"2024-06-10T13:16:33+00:00","description":"Hydrolat de Rose de Damas Bio - Grand r\u00e9g\u00e9n\u00e9rateur de tissus, raffermissant, anti-\u00e2ge. Id\u00e9al pour les peaux fatigu\u00e9es, matures et sensibles.","breadcrumb":{"@id":"https:\/\/dev.desarrolloproyectoswp.com\/fr\/producto\/hydrolat-de-rose-de-damas-bio\/#breadcrumb"},"inLanguage":"fr-FR","potentialAction":[{"@type":"ReadAction","target":["https:\/\/dev.desarrolloproyectoswp.com\/fr\/producto\/hydrolat-de-rose-de-damas-bio\/"]}]},{"@type":"ImageObject","inLanguage":"fr-FR","@id":"https:\/\/dev.desarrolloproyectoswp.com\/fr\/producto\/hydrolat-de-rose-de-damas-bio\/#primaryimage","url":"https:\/\/dev.desarrolloproyectoswp.com\/wp-content\/uploads\/2024\/06\/Hidrolato-de-Rosa-Damascena-Ecologico_La-Belleza-del-Alma.jpg","contentUrl":"https:\/\/dev.desarrolloproyectoswp.com\/wp-content\/uploads\/2024\/06\/Hidrolato-de-Rosa-Damascena-Ecologico_La-Belleza-del-Alma.jpg","width":2000,"height":2000,"caption":"Hidrolato de Rosa Damascena Ecol\u00f3gico - La Belleza del Alma - Producto Belleza facial vegano"},{"@type":"BreadcrumbList","@id":"https:\/\/dev.desarrolloproyectoswp.com\/fr\/producto\/hydrolat-de-rose-de-damas-bio\/#breadcrumb","itemListElement":[{"@type":"ListItem","position":1,"name":"Portada","item":"https:\/\/dev.desarrolloproyectoswp.com\/fr\/la-belleza-del-alma\/"},{"@type":"ListItem","position":2,"name":"Boutique en ligne de produits v\u00e9g\u00e9taliens &#8211; La Belleza del Alma","item":"https:\/\/dev.desarrolloproyectoswp.com\/fr\/boutique\/"},{"@type":"ListItem","position":3,"name":"Hydrolat de rose de Damas bio"}]},{"@type":"WebSite","@id":"https:\/\/dev.desarrolloproyectoswp.com\/fr\/#website","url":"https:\/\/dev.desarrolloproyectoswp.com\/fr\/","name":"La Belleza del Alma","description":"Belleza Org\u00e1nica y Cosm\u00e9tica Vegana","potentialAction":[{"@type":"SearchAction","target":{"@type":"EntryPoint","urlTemplate":"https:\/\/dev.desarrolloproyectoswp.com\/fr\/?s={search_term_string}"},"query-input":{"@type":"PropertyValueSpecification","valueRequired":true,"valueName":"search_term_string"}}],"inLanguage":"fr-FR"}]}},"brands":[{"id":41,"name":"La Belleza del Alma","slug":"la-belleza-del-alma"}],"_links":{"self":[{"href":"https:\/\/dev.desarrolloproyectoswp.com\/fr\/wp-json\/wp\/v2\/product\/2171","targetHints":{"allow":["GET"]}}],"collection":[{"href":"https:\/\/dev.desarrolloproyectoswp.com\/fr\/wp-json\/wp\/v2\/product"}],"about":[{"href":"https:\/\/dev.desarrolloproyectoswp.com\/fr\/wp-json\/wp\/v2\/types\/product"}],"version-history":[{"count":0,"href":"https:\/\/dev.desarrolloproyectoswp.com\/fr\/wp-json\/wp\/v2\/product\/2171\/revisions"}],"wp:featuredmedia":[{"embeddable":true,"href":"https:\/\/dev.desarrolloproyectoswp.com\/fr\/wp-json\/wp\/v2\/media\/1918"}],"wp:attachment":[{"href":"https:\/\/dev.desarrolloproyectoswp.com\/fr\/wp-json\/wp\/v2\/media?parent=2171"}],"wp:term":[{"taxonomy":"pwb-brand","embeddable":true,"href":"https:\/\/dev.desarrolloproyectoswp.com\/fr\/wp-json\/wp\/v2\/pwb-brand?post=2171"},{"taxonomy":"product_brand","embeddable":true,"href":"https:\/\/dev.desarrolloproyectoswp.com\/fr\/wp-json\/wp\/v2\/product_brand?post=2171"},{"taxonomy":"product_cat","embeddable":true,"href":"https:\/\/dev.desarrolloproyectoswp.com\/fr\/wp-json\/wp\/v2\/product_cat?post=2171"},{"taxonomy":"product_tag","embeddable":true,"href":"https:\/\/dev.desarrolloproyectoswp.com\/fr\/wp-json\/wp\/v2\/product_tag?post=2171"}],"curies":[{"name":"wp","href":"https:\/\/api.w.org\/{rel}","templated":true}]}}