{"id":2169,"date":"2024-06-10T15:23:14","date_gmt":"2024-06-10T13:23:14","guid":{"rendered":"https:\/\/dev.desarrolloproyectoswp.com\/producto\/beurre-sublime-bio-pour-le-visage\/"},"modified":"2024-07-02T10:01:10","modified_gmt":"2024-07-02T08:01:10","slug":"beurre-sublime-bio-pour-le-visage","status":"publish","type":"product","link":"https:\/\/dev.desarrolloproyectoswp.com\/fr\/producto\/beurre-sublime-bio-pour-le-visage\/","title":{"rendered":"Beurre Sublime Bio pour le Visage"},"content":{"rendered":"<div>Nourrit, prot\u00e8ge, r\u00e9g\u00e9n\u00e8re et raffermit la peau, lui apportant \u00e9lasticit\u00e9, hydratation et fermet\u00e9. Le beurre de karit\u00e9 sauvage, le dattier du d\u00e9sert, le baobab, le buriti et le moringa fournissent des acides gras essentiels om\u00e9ga-3 et om\u00e9ga-6, des carot\u00e9no\u00efdes, du collag\u00e8ne, des antioxydants, des vitamines et des bio-actifs. Enrichi d&rsquo;huiles essentielles de lavande et de camomille sauvages et biologiques.  <\/div>\n<ul>\n<li>100% d&rsquo;ingr\u00e9dients sauvages.<\/li>\n<li>91% d&rsquo;ingr\u00e9dients biologiques.<\/li>\n<li>Formule sans eau<\/li>\n<\/ul>\n<p>Taille : 30 ml.<\/p>\n<p><img decoding=\"async\" class=\"alignnone size-full wp-image-1331\" src=\"https:\/\/dev.desarrolloproyectoswp.com\/wp-content\/uploads\/2024\/05\/Certificado-Eco-Plus-y-Bio-300x150-1.jpg\" alt=\"\" width=\"300\" height=\"150\"><\/p>\n<p>&nbsp;<\/p>\n","protected":false},"excerpt":{"rendered":"<p>Baume pour le visage qui prot\u00e8ge des agressions ext\u00e9rieures (vent, froid, soleil), nourrit en profondeur, assouplit la peau et pr\u00e9vient l&rsquo;apparition des taches.<\/p>\n<ul>\n<li>100 % des ingr\u00e9dients sont actifs.<\/li>\n<li>Sans conservateurs ni d\u00e9riv\u00e9s p\u00e9trochimiques. Formule sans eau. <\/li>\n<\/ul>\n<p>Taille : 30 ml.<\/p>\n","protected":false},"featured_media":1920,"template":"","meta":[],"pwb-brand":[41],"product_brand":[],"product_cat":[79],"product_tag":[83],"class_list":{"0":"post-2169","1":"product","2":"type-product","3":"status-publish","4":"has-post-thumbnail","6":"pwb-brand-la-belleza-del-alma","7":"product_cat-cosmetique-faciale-vegetalienne","8":"product_tag-huiles-sauvages","10":"first","11":"instock","12":"taxable","13":"shipping-taxable","14":"purchasable","15":"product-type-simple"},"yoast_head":"<!-- This site is optimized with the Yoast SEO plugin v27.3 - https:\/\/yoast.com\/product\/yoast-seo-wordpress\/ -->\n<title>Beurre Sublime Bio pour le Visage - Cosm\u00e9tiques naturels v\u00e9g\u00e9taliens en ligne ;<\/title>\n<meta name=\"description\" content=\"Baume pour le visage qui prot\u00e8ge des agressions ext\u00e9rieures. Nourrit en profondeur, assouplit la peau et pr\u00e9vient l&#039;apparition d&#039;imperfections.\" \/>\n<meta name=\"robots\" content=\"index, follow, max-snippet:-1, max-image-preview:large, max-video-preview:-1\" \/>\n<link rel=\"canonical\" href=\"https:\/\/dev.desarrolloproyectoswp.com\/fr\/producto\/beurre-sublime-bio-pour-le-visage\/\" \/>\n<meta property=\"og:locale\" content=\"fr_FR\" \/>\n<meta property=\"og:type\" content=\"article\" \/>\n<meta property=\"og:title\" content=\"Beurre Sublime Bio pour le Visage - Cosm\u00e9tiques naturels v\u00e9g\u00e9taliens en ligne ;\" \/>\n<meta property=\"og:description\" content=\"Baume pour le visage qui prot\u00e8ge des agressions ext\u00e9rieures. Nourrit en profondeur, assouplit la peau et pr\u00e9vient l&#039;apparition d&#039;imperfections.\" \/>\n<meta property=\"og:url\" content=\"https:\/\/dev.desarrolloproyectoswp.com\/fr\/producto\/beurre-sublime-bio-pour-le-visage\/\" \/>\n<meta property=\"og:site_name\" content=\"La Belleza del Alma\" \/>\n<meta property=\"article:publisher\" content=\"https:\/\/www.facebook.com\/vegancosmeticsbeauty\/\" \/>\n<meta property=\"article:modified_time\" content=\"2024-07-02T08:01:10+00:00\" \/>\n<meta property=\"og:image\" content=\"https:\/\/dev.desarrolloproyectoswp.com\/wp-content\/uploads\/2024\/06\/Manteca-facial-Ecologica-Sublime_La-Bnelleza-del-alma_01.jpg\" \/>\n\t<meta property=\"og:image:width\" content=\"563\" \/>\n\t<meta property=\"og:image:height\" content=\"563\" \/>\n\t<meta property=\"og:image:type\" content=\"image\/jpeg\" \/>\n<meta name=\"twitter:card\" content=\"summary_large_image\" \/>\n<script type=\"application\/ld+json\" class=\"yoast-schema-graph\">{\"@context\":\"https:\\\/\\\/schema.org\",\"@graph\":[{\"@type\":\"WebPage\",\"@id\":\"https:\\\/\\\/dev.desarrolloproyectoswp.com\\\/fr\\\/producto\\\/beurre-sublime-bio-pour-le-visage\\\/\",\"url\":\"https:\\\/\\\/dev.desarrolloproyectoswp.com\\\/fr\\\/producto\\\/beurre-sublime-bio-pour-le-visage\\\/\",\"name\":\"Beurre Sublime Bio pour le Visage - Cosm\u00e9tiques naturels v\u00e9g\u00e9taliens en ligne ;\",\"isPartOf\":{\"@id\":\"https:\\\/\\\/dev.desarrolloproyectoswp.com\\\/fr\\\/#website\"},\"primaryImageOfPage\":{\"@id\":\"https:\\\/\\\/dev.desarrolloproyectoswp.com\\\/fr\\\/producto\\\/beurre-sublime-bio-pour-le-visage\\\/#primaryimage\"},\"image\":{\"@id\":\"https:\\\/\\\/dev.desarrolloproyectoswp.com\\\/fr\\\/producto\\\/beurre-sublime-bio-pour-le-visage\\\/#primaryimage\"},\"thumbnailUrl\":\"https:\\\/\\\/dev.desarrolloproyectoswp.com\\\/wp-content\\\/uploads\\\/2024\\\/06\\\/Manteca-facial-Ecologica-Sublime_La-Bnelleza-del-alma_01.jpg\",\"datePublished\":\"2024-06-10T13:23:14+00:00\",\"dateModified\":\"2024-07-02T08:01:10+00:00\",\"description\":\"Baume pour le visage qui prot\u00e8ge des agressions ext\u00e9rieures. Nourrit en profondeur, assouplit la peau et pr\u00e9vient l'apparition d'imperfections.\",\"breadcrumb\":{\"@id\":\"https:\\\/\\\/dev.desarrolloproyectoswp.com\\\/fr\\\/producto\\\/beurre-sublime-bio-pour-le-visage\\\/#breadcrumb\"},\"inLanguage\":\"fr-FR\",\"potentialAction\":[{\"@type\":\"ReadAction\",\"target\":[\"https:\\\/\\\/dev.desarrolloproyectoswp.com\\\/fr\\\/producto\\\/beurre-sublime-bio-pour-le-visage\\\/\"]}]},{\"@type\":\"ImageObject\",\"inLanguage\":\"fr-FR\",\"@id\":\"https:\\\/\\\/dev.desarrolloproyectoswp.com\\\/fr\\\/producto\\\/beurre-sublime-bio-pour-le-visage\\\/#primaryimage\",\"url\":\"https:\\\/\\\/dev.desarrolloproyectoswp.com\\\/wp-content\\\/uploads\\\/2024\\\/06\\\/Manteca-facial-Ecologica-Sublime_La-Bnelleza-del-alma_01.jpg\",\"contentUrl\":\"https:\\\/\\\/dev.desarrolloproyectoswp.com\\\/wp-content\\\/uploads\\\/2024\\\/06\\\/Manteca-facial-Ecologica-Sublime_La-Bnelleza-del-alma_01.jpg\",\"width\":563,\"height\":563,\"caption\":\"Sublime Organic Facial Butter - La Belleza del Alma - Vegan and Organic Product\"},{\"@type\":\"BreadcrumbList\",\"@id\":\"https:\\\/\\\/dev.desarrolloproyectoswp.com\\\/fr\\\/producto\\\/beurre-sublime-bio-pour-le-visage\\\/#breadcrumb\",\"itemListElement\":[{\"@type\":\"ListItem\",\"position\":1,\"name\":\"Portada\",\"item\":\"https:\\\/\\\/dev.desarrolloproyectoswp.com\\\/fr\\\/la-belleza-del-alma\\\/\"},{\"@type\":\"ListItem\",\"position\":2,\"name\":\"Boutique en ligne de produits v\u00e9g\u00e9taliens &#8211; La Belleza del Alma\",\"item\":\"https:\\\/\\\/dev.desarrolloproyectoswp.com\\\/fr\\\/boutique\\\/\"},{\"@type\":\"ListItem\",\"position\":3,\"name\":\"Beurre Sublime Bio pour le Visage\"}]},{\"@type\":\"WebSite\",\"@id\":\"https:\\\/\\\/dev.desarrolloproyectoswp.com\\\/fr\\\/#website\",\"url\":\"https:\\\/\\\/dev.desarrolloproyectoswp.com\\\/fr\\\/\",\"name\":\"La Belleza del Alma\",\"description\":\"Belleza Org\u00e1nica y Cosm\u00e9tica Vegana\",\"potentialAction\":[{\"@type\":\"SearchAction\",\"target\":{\"@type\":\"EntryPoint\",\"urlTemplate\":\"https:\\\/\\\/dev.desarrolloproyectoswp.com\\\/fr\\\/?s={search_term_string}\"},\"query-input\":{\"@type\":\"PropertyValueSpecification\",\"valueRequired\":true,\"valueName\":\"search_term_string\"}}],\"inLanguage\":\"fr-FR\"}]}<\/script>\n<!-- \/ Yoast SEO plugin. -->","yoast_head_json":{"title":"Beurre Sublime Bio pour le Visage - Cosm\u00e9tiques naturels v\u00e9g\u00e9taliens en ligne ;","description":"Baume pour le visage qui prot\u00e8ge des agressions ext\u00e9rieures. Nourrit en profondeur, assouplit la peau et pr\u00e9vient l'apparition d'imperfections.","robots":{"index":"index","follow":"follow","max-snippet":"max-snippet:-1","max-image-preview":"max-image-preview:large","max-video-preview":"max-video-preview:-1"},"canonical":"https:\/\/dev.desarrolloproyectoswp.com\/fr\/producto\/beurre-sublime-bio-pour-le-visage\/","og_locale":"fr_FR","og_type":"article","og_title":"Beurre Sublime Bio pour le Visage - Cosm\u00e9tiques naturels v\u00e9g\u00e9taliens en ligne ;","og_description":"Baume pour le visage qui prot\u00e8ge des agressions ext\u00e9rieures. Nourrit en profondeur, assouplit la peau et pr\u00e9vient l'apparition d'imperfections.","og_url":"https:\/\/dev.desarrolloproyectoswp.com\/fr\/producto\/beurre-sublime-bio-pour-le-visage\/","og_site_name":"La Belleza del Alma","article_publisher":"https:\/\/www.facebook.com\/vegancosmeticsbeauty\/","article_modified_time":"2024-07-02T08:01:10+00:00","og_image":[{"width":563,"height":563,"url":"https:\/\/dev.desarrolloproyectoswp.com\/wp-content\/uploads\/2024\/06\/Manteca-facial-Ecologica-Sublime_La-Bnelleza-del-alma_01.jpg","type":"image\/jpeg"}],"twitter_card":"summary_large_image","schema":{"@context":"https:\/\/schema.org","@graph":[{"@type":"WebPage","@id":"https:\/\/dev.desarrolloproyectoswp.com\/fr\/producto\/beurre-sublime-bio-pour-le-visage\/","url":"https:\/\/dev.desarrolloproyectoswp.com\/fr\/producto\/beurre-sublime-bio-pour-le-visage\/","name":"Beurre Sublime Bio pour le Visage - Cosm\u00e9tiques naturels v\u00e9g\u00e9taliens en ligne ;","isPartOf":{"@id":"https:\/\/dev.desarrolloproyectoswp.com\/fr\/#website"},"primaryImageOfPage":{"@id":"https:\/\/dev.desarrolloproyectoswp.com\/fr\/producto\/beurre-sublime-bio-pour-le-visage\/#primaryimage"},"image":{"@id":"https:\/\/dev.desarrolloproyectoswp.com\/fr\/producto\/beurre-sublime-bio-pour-le-visage\/#primaryimage"},"thumbnailUrl":"https:\/\/dev.desarrolloproyectoswp.com\/wp-content\/uploads\/2024\/06\/Manteca-facial-Ecologica-Sublime_La-Bnelleza-del-alma_01.jpg","datePublished":"2024-06-10T13:23:14+00:00","dateModified":"2024-07-02T08:01:10+00:00","description":"Baume pour le visage qui prot\u00e8ge des agressions ext\u00e9rieures. Nourrit en profondeur, assouplit la peau et pr\u00e9vient l'apparition d'imperfections.","breadcrumb":{"@id":"https:\/\/dev.desarrolloproyectoswp.com\/fr\/producto\/beurre-sublime-bio-pour-le-visage\/#breadcrumb"},"inLanguage":"fr-FR","potentialAction":[{"@type":"ReadAction","target":["https:\/\/dev.desarrolloproyectoswp.com\/fr\/producto\/beurre-sublime-bio-pour-le-visage\/"]}]},{"@type":"ImageObject","inLanguage":"fr-FR","@id":"https:\/\/dev.desarrolloproyectoswp.com\/fr\/producto\/beurre-sublime-bio-pour-le-visage\/#primaryimage","url":"https:\/\/dev.desarrolloproyectoswp.com\/wp-content\/uploads\/2024\/06\/Manteca-facial-Ecologica-Sublime_La-Bnelleza-del-alma_01.jpg","contentUrl":"https:\/\/dev.desarrolloproyectoswp.com\/wp-content\/uploads\/2024\/06\/Manteca-facial-Ecologica-Sublime_La-Bnelleza-del-alma_01.jpg","width":563,"height":563,"caption":"Sublime Organic Facial Butter - La Belleza del Alma - Vegan and Organic Product"},{"@type":"BreadcrumbList","@id":"https:\/\/dev.desarrolloproyectoswp.com\/fr\/producto\/beurre-sublime-bio-pour-le-visage\/#breadcrumb","itemListElement":[{"@type":"ListItem","position":1,"name":"Portada","item":"https:\/\/dev.desarrolloproyectoswp.com\/fr\/la-belleza-del-alma\/"},{"@type":"ListItem","position":2,"name":"Boutique en ligne de produits v\u00e9g\u00e9taliens &#8211; La Belleza del Alma","item":"https:\/\/dev.desarrolloproyectoswp.com\/fr\/boutique\/"},{"@type":"ListItem","position":3,"name":"Beurre Sublime Bio pour le Visage"}]},{"@type":"WebSite","@id":"https:\/\/dev.desarrolloproyectoswp.com\/fr\/#website","url":"https:\/\/dev.desarrolloproyectoswp.com\/fr\/","name":"La Belleza del Alma","description":"Belleza Org\u00e1nica y Cosm\u00e9tica Vegana","potentialAction":[{"@type":"SearchAction","target":{"@type":"EntryPoint","urlTemplate":"https:\/\/dev.desarrolloproyectoswp.com\/fr\/?s={search_term_string}"},"query-input":{"@type":"PropertyValueSpecification","valueRequired":true,"valueName":"search_term_string"}}],"inLanguage":"fr-FR"}]}},"brands":[{"id":41,"name":"La Belleza del Alma","slug":"la-belleza-del-alma"}],"_links":{"self":[{"href":"https:\/\/dev.desarrolloproyectoswp.com\/fr\/wp-json\/wp\/v2\/product\/2169","targetHints":{"allow":["GET"]}}],"collection":[{"href":"https:\/\/dev.desarrolloproyectoswp.com\/fr\/wp-json\/wp\/v2\/product"}],"about":[{"href":"https:\/\/dev.desarrolloproyectoswp.com\/fr\/wp-json\/wp\/v2\/types\/product"}],"version-history":[{"count":0,"href":"https:\/\/dev.desarrolloproyectoswp.com\/fr\/wp-json\/wp\/v2\/product\/2169\/revisions"}],"wp:featuredmedia":[{"embeddable":true,"href":"https:\/\/dev.desarrolloproyectoswp.com\/fr\/wp-json\/wp\/v2\/media\/1920"}],"wp:attachment":[{"href":"https:\/\/dev.desarrolloproyectoswp.com\/fr\/wp-json\/wp\/v2\/media?parent=2169"}],"wp:term":[{"taxonomy":"pwb-brand","embeddable":true,"href":"https:\/\/dev.desarrolloproyectoswp.com\/fr\/wp-json\/wp\/v2\/pwb-brand?post=2169"},{"taxonomy":"product_brand","embeddable":true,"href":"https:\/\/dev.desarrolloproyectoswp.com\/fr\/wp-json\/wp\/v2\/product_brand?post=2169"},{"taxonomy":"product_cat","embeddable":true,"href":"https:\/\/dev.desarrolloproyectoswp.com\/fr\/wp-json\/wp\/v2\/product_cat?post=2169"},{"taxonomy":"product_tag","embeddable":true,"href":"https:\/\/dev.desarrolloproyectoswp.com\/fr\/wp-json\/wp\/v2\/product_tag?post=2169"}],"curies":[{"name":"wp","href":"https:\/\/api.w.org\/{rel}","templated":true}]}}