{"id":2168,"date":"2024-06-10T16:38:24","date_gmt":"2024-06-10T14:38:24","guid":{"rendered":"https:\/\/dev.desarrolloproyectoswp.com\/producto\/regenerateur-de-sourcils-bio-elixir-pour-les-sourcils\/"},"modified":"2024-06-10T16:38:24","modified_gmt":"2024-06-10T14:38:24","slug":"regenerateur-de-sourcils-bio-elixir-pour-les-sourcils","status":"publish","type":"product","link":"https:\/\/dev.desarrolloproyectoswp.com\/fr\/producto\/regenerateur-de-sourcils-bio-elixir-pour-les-sourcils\/","title":{"rendered":"R\u00e9g\u00e9n\u00e9rateur de sourcils bio &#8211; Elixir pour les sourcils"},"content":{"rendered":"<div>ELIXIR SOURCILS, Huile r\u00e9g\u00e9n\u00e9rante pour la beaut\u00e9 et le soin des sourcils. M\u00e9lange d&rsquo;huiles v\u00e9g\u00e9tales et d&rsquo;huiles essentielles sp\u00e9cialement con\u00e7u pour maintenir des sourcils sains et fournis.\n<\/div>\n<div><\/div>\n<div>\n<p><span style=\"font-size: inherit;\">Taille : 15 ml.<\/span><\/p>\n<p>&nbsp;<\/p>\n<\/div>\n<p><img decoding=\"async\" class=\"alignnone size-full wp-image-1331\" src=\"https:\/\/dev.desarrolloproyectoswp.com\/wp-content\/uploads\/2024\/05\/Certificado-Eco-Plus-y-Bio-300x150-1.jpg\" alt=\"\" width=\"300\" height=\"150\"><\/p>\n<p>&nbsp;<\/p>\n","protected":false},"excerpt":{"rendered":"<p>Combinaison d&rsquo;huiles v\u00e9g\u00e9tales de ricin, de coco, de s\u00e9same et de touloucouna et d&rsquo;huiles essentielles de romarin, de lavande, de menthe poivr\u00e9e et d&rsquo;arbre \u00e0 th\u00e9. Indiqu\u00e9 pour la r\u00e9g\u00e9n\u00e9ration et le soin des sourcils. Pr\u00e9vient la chute des cheveux, r\u00e9g\u00e9n\u00e8re les cheveux, active la circulation et aide \u00e0 repeupler les sourcils d\u00e9garnis. Format : 15 ml ;<\/p>\n","protected":false},"featured_media":1924,"template":"","meta":[],"pwb-brand":[41],"product_brand":[],"product_cat":[79,76],"product_tag":[],"class_list":{"0":"post-2168","1":"product","2":"type-product","3":"status-publish","4":"has-post-thumbnail","6":"pwb-brand-la-belleza-del-alma","7":"product_cat-cosmetique-faciale-vegetalienne","8":"product_cat-epilation-par-fil","10":"first","11":"instock","12":"taxable","13":"shipping-taxable","14":"purchasable","15":"product-type-simple"},"yoast_head":"<!-- This site is optimized with the Yoast SEO plugin v27.3 - https:\/\/yoast.com\/product\/yoast-seo-wordpress\/ -->\n<title>R\u00e9g\u00e9n\u00e9rateur de sourcils bio - Elixir pour les sourcils - Cosm\u00e9tiques naturels v\u00e9g\u00e9taliens en ligne ;<\/title>\n<meta name=\"description\" content=\"EYEBROW ELIXIR, huile r\u00e9g\u00e9n\u00e9rante pour la beaut\u00e9 et le soin des sourcils. Pr\u00e9vient la chute des cheveux, r\u00e9g\u00e9n\u00e8re les poils et aide \u00e0 repeupler les sourcils d\u00e9garnis.\" \/>\n<meta name=\"robots\" content=\"index, follow, max-snippet:-1, max-image-preview:large, max-video-preview:-1\" \/>\n<link rel=\"canonical\" href=\"https:\/\/dev.desarrolloproyectoswp.com\/fr\/producto\/regenerateur-de-sourcils-bio-elixir-pour-les-sourcils\/\" \/>\n<meta property=\"og:locale\" content=\"fr_FR\" \/>\n<meta property=\"og:type\" content=\"article\" \/>\n<meta property=\"og:title\" content=\"R\u00e9g\u00e9n\u00e9rateur de sourcils bio - Elixir pour les sourcils - Cosm\u00e9tiques naturels v\u00e9g\u00e9taliens en ligne ;\" \/>\n<meta property=\"og:description\" content=\"EYEBROW ELIXIR, huile r\u00e9g\u00e9n\u00e9rante pour la beaut\u00e9 et le soin des sourcils. Pr\u00e9vient la chute des cheveux, r\u00e9g\u00e9n\u00e8re les poils et aide \u00e0 repeupler les sourcils d\u00e9garnis.\" \/>\n<meta property=\"og:url\" content=\"https:\/\/dev.desarrolloproyectoswp.com\/fr\/producto\/regenerateur-de-sourcils-bio-elixir-pour-les-sourcils\/\" \/>\n<meta property=\"og:site_name\" content=\"La Belleza del Alma\" \/>\n<meta property=\"article:publisher\" content=\"https:\/\/www.facebook.com\/vegancosmeticsbeauty\/\" \/>\n<meta property=\"og:image\" content=\"https:\/\/dev.desarrolloproyectoswp.com\/wp-content\/uploads\/2024\/06\/Regenerador-de-cejas-Ecologico-Eyebrow-Elixir_La-Belleza-del-Alma_Cometica-Facial-Vegana-y-Ecologica.jpg\" \/>\n\t<meta property=\"og:image:width\" content=\"563\" \/>\n\t<meta property=\"og:image:height\" content=\"563\" \/>\n\t<meta property=\"og:image:type\" content=\"image\/jpeg\" \/>\n<meta name=\"twitter:card\" content=\"summary_large_image\" \/>\n<script type=\"application\/ld+json\" class=\"yoast-schema-graph\">{\"@context\":\"https:\\\/\\\/schema.org\",\"@graph\":[{\"@type\":\"WebPage\",\"@id\":\"https:\\\/\\\/dev.desarrolloproyectoswp.com\\\/fr\\\/producto\\\/regenerateur-de-sourcils-bio-elixir-pour-les-sourcils\\\/\",\"url\":\"https:\\\/\\\/dev.desarrolloproyectoswp.com\\\/fr\\\/producto\\\/regenerateur-de-sourcils-bio-elixir-pour-les-sourcils\\\/\",\"name\":\"R\u00e9g\u00e9n\u00e9rateur de sourcils bio - Elixir pour les sourcils - Cosm\u00e9tiques naturels v\u00e9g\u00e9taliens en ligne ;\",\"isPartOf\":{\"@id\":\"https:\\\/\\\/dev.desarrolloproyectoswp.com\\\/fr\\\/#website\"},\"primaryImageOfPage\":{\"@id\":\"https:\\\/\\\/dev.desarrolloproyectoswp.com\\\/fr\\\/producto\\\/regenerateur-de-sourcils-bio-elixir-pour-les-sourcils\\\/#primaryimage\"},\"image\":{\"@id\":\"https:\\\/\\\/dev.desarrolloproyectoswp.com\\\/fr\\\/producto\\\/regenerateur-de-sourcils-bio-elixir-pour-les-sourcils\\\/#primaryimage\"},\"thumbnailUrl\":\"https:\\\/\\\/dev.desarrolloproyectoswp.com\\\/wp-content\\\/uploads\\\/2024\\\/06\\\/Regenerador-de-cejas-Ecologico-Eyebrow-Elixir_La-Belleza-del-Alma_Cometica-Facial-Vegana-y-Ecologica.jpg\",\"datePublished\":\"2024-06-10T14:38:24+00:00\",\"description\":\"EYEBROW ELIXIR, huile r\u00e9g\u00e9n\u00e9rante pour la beaut\u00e9 et le soin des sourcils. Pr\u00e9vient la chute des cheveux, r\u00e9g\u00e9n\u00e8re les poils et aide \u00e0 repeupler les sourcils d\u00e9garnis.\",\"breadcrumb\":{\"@id\":\"https:\\\/\\\/dev.desarrolloproyectoswp.com\\\/fr\\\/producto\\\/regenerateur-de-sourcils-bio-elixir-pour-les-sourcils\\\/#breadcrumb\"},\"inLanguage\":\"fr-FR\",\"potentialAction\":[{\"@type\":\"ReadAction\",\"target\":[\"https:\\\/\\\/dev.desarrolloproyectoswp.com\\\/fr\\\/producto\\\/regenerateur-de-sourcils-bio-elixir-pour-les-sourcils\\\/\"]}]},{\"@type\":\"ImageObject\",\"inLanguage\":\"fr-FR\",\"@id\":\"https:\\\/\\\/dev.desarrolloproyectoswp.com\\\/fr\\\/producto\\\/regenerateur-de-sourcils-bio-elixir-pour-les-sourcils\\\/#primaryimage\",\"url\":\"https:\\\/\\\/dev.desarrolloproyectoswp.com\\\/wp-content\\\/uploads\\\/2024\\\/06\\\/Regenerador-de-cejas-Ecologico-Eyebrow-Elixir_La-Belleza-del-Alma_Cometica-Facial-Vegana-y-Ecologica.jpg\",\"contentUrl\":\"https:\\\/\\\/dev.desarrolloproyectoswp.com\\\/wp-content\\\/uploads\\\/2024\\\/06\\\/Regenerador-de-cejas-Ecologico-Eyebrow-Elixir_La-Belleza-del-Alma_Cometica-Facial-Vegana-y-Ecologica.jpg\",\"width\":563,\"height\":563,\"caption\":\"R\u00e9g\u00e9n\u00e9rateur de sourcils bio - Elixir pour sourcils - La Belleza del Alma - Vegan and Organic Facial Cosmetics\"},{\"@type\":\"BreadcrumbList\",\"@id\":\"https:\\\/\\\/dev.desarrolloproyectoswp.com\\\/fr\\\/producto\\\/regenerateur-de-sourcils-bio-elixir-pour-les-sourcils\\\/#breadcrumb\",\"itemListElement\":[{\"@type\":\"ListItem\",\"position\":1,\"name\":\"Portada\",\"item\":\"https:\\\/\\\/dev.desarrolloproyectoswp.com\\\/fr\\\/la-belleza-del-alma\\\/\"},{\"@type\":\"ListItem\",\"position\":2,\"name\":\"Boutique en ligne de produits v\u00e9g\u00e9taliens &#8211; La Belleza del Alma\",\"item\":\"https:\\\/\\\/dev.desarrolloproyectoswp.com\\\/fr\\\/boutique\\\/\"},{\"@type\":\"ListItem\",\"position\":3,\"name\":\"R\u00e9g\u00e9n\u00e9rateur de sourcils bio &#8211; Elixir pour les sourcils\"}]},{\"@type\":\"WebSite\",\"@id\":\"https:\\\/\\\/dev.desarrolloproyectoswp.com\\\/fr\\\/#website\",\"url\":\"https:\\\/\\\/dev.desarrolloproyectoswp.com\\\/fr\\\/\",\"name\":\"La Belleza del Alma\",\"description\":\"Belleza Org\u00e1nica y Cosm\u00e9tica Vegana\",\"potentialAction\":[{\"@type\":\"SearchAction\",\"target\":{\"@type\":\"EntryPoint\",\"urlTemplate\":\"https:\\\/\\\/dev.desarrolloproyectoswp.com\\\/fr\\\/?s={search_term_string}\"},\"query-input\":{\"@type\":\"PropertyValueSpecification\",\"valueRequired\":true,\"valueName\":\"search_term_string\"}}],\"inLanguage\":\"fr-FR\"}]}<\/script>\n<!-- \/ Yoast SEO plugin. -->","yoast_head_json":{"title":"R\u00e9g\u00e9n\u00e9rateur de sourcils bio - Elixir pour les sourcils - Cosm\u00e9tiques naturels v\u00e9g\u00e9taliens en ligne ;","description":"EYEBROW ELIXIR, huile r\u00e9g\u00e9n\u00e9rante pour la beaut\u00e9 et le soin des sourcils. Pr\u00e9vient la chute des cheveux, r\u00e9g\u00e9n\u00e8re les poils et aide \u00e0 repeupler les sourcils d\u00e9garnis.","robots":{"index":"index","follow":"follow","max-snippet":"max-snippet:-1","max-image-preview":"max-image-preview:large","max-video-preview":"max-video-preview:-1"},"canonical":"https:\/\/dev.desarrolloproyectoswp.com\/fr\/producto\/regenerateur-de-sourcils-bio-elixir-pour-les-sourcils\/","og_locale":"fr_FR","og_type":"article","og_title":"R\u00e9g\u00e9n\u00e9rateur de sourcils bio - Elixir pour les sourcils - Cosm\u00e9tiques naturels v\u00e9g\u00e9taliens en ligne ;","og_description":"EYEBROW ELIXIR, huile r\u00e9g\u00e9n\u00e9rante pour la beaut\u00e9 et le soin des sourcils. Pr\u00e9vient la chute des cheveux, r\u00e9g\u00e9n\u00e8re les poils et aide \u00e0 repeupler les sourcils d\u00e9garnis.","og_url":"https:\/\/dev.desarrolloproyectoswp.com\/fr\/producto\/regenerateur-de-sourcils-bio-elixir-pour-les-sourcils\/","og_site_name":"La Belleza del Alma","article_publisher":"https:\/\/www.facebook.com\/vegancosmeticsbeauty\/","og_image":[{"width":563,"height":563,"url":"https:\/\/dev.desarrolloproyectoswp.com\/wp-content\/uploads\/2024\/06\/Regenerador-de-cejas-Ecologico-Eyebrow-Elixir_La-Belleza-del-Alma_Cometica-Facial-Vegana-y-Ecologica.jpg","type":"image\/jpeg"}],"twitter_card":"summary_large_image","schema":{"@context":"https:\/\/schema.org","@graph":[{"@type":"WebPage","@id":"https:\/\/dev.desarrolloproyectoswp.com\/fr\/producto\/regenerateur-de-sourcils-bio-elixir-pour-les-sourcils\/","url":"https:\/\/dev.desarrolloproyectoswp.com\/fr\/producto\/regenerateur-de-sourcils-bio-elixir-pour-les-sourcils\/","name":"R\u00e9g\u00e9n\u00e9rateur de sourcils bio - Elixir pour les sourcils - Cosm\u00e9tiques naturels v\u00e9g\u00e9taliens en ligne ;","isPartOf":{"@id":"https:\/\/dev.desarrolloproyectoswp.com\/fr\/#website"},"primaryImageOfPage":{"@id":"https:\/\/dev.desarrolloproyectoswp.com\/fr\/producto\/regenerateur-de-sourcils-bio-elixir-pour-les-sourcils\/#primaryimage"},"image":{"@id":"https:\/\/dev.desarrolloproyectoswp.com\/fr\/producto\/regenerateur-de-sourcils-bio-elixir-pour-les-sourcils\/#primaryimage"},"thumbnailUrl":"https:\/\/dev.desarrolloproyectoswp.com\/wp-content\/uploads\/2024\/06\/Regenerador-de-cejas-Ecologico-Eyebrow-Elixir_La-Belleza-del-Alma_Cometica-Facial-Vegana-y-Ecologica.jpg","datePublished":"2024-06-10T14:38:24+00:00","description":"EYEBROW ELIXIR, huile r\u00e9g\u00e9n\u00e9rante pour la beaut\u00e9 et le soin des sourcils. Pr\u00e9vient la chute des cheveux, r\u00e9g\u00e9n\u00e8re les poils et aide \u00e0 repeupler les sourcils d\u00e9garnis.","breadcrumb":{"@id":"https:\/\/dev.desarrolloproyectoswp.com\/fr\/producto\/regenerateur-de-sourcils-bio-elixir-pour-les-sourcils\/#breadcrumb"},"inLanguage":"fr-FR","potentialAction":[{"@type":"ReadAction","target":["https:\/\/dev.desarrolloproyectoswp.com\/fr\/producto\/regenerateur-de-sourcils-bio-elixir-pour-les-sourcils\/"]}]},{"@type":"ImageObject","inLanguage":"fr-FR","@id":"https:\/\/dev.desarrolloproyectoswp.com\/fr\/producto\/regenerateur-de-sourcils-bio-elixir-pour-les-sourcils\/#primaryimage","url":"https:\/\/dev.desarrolloproyectoswp.com\/wp-content\/uploads\/2024\/06\/Regenerador-de-cejas-Ecologico-Eyebrow-Elixir_La-Belleza-del-Alma_Cometica-Facial-Vegana-y-Ecologica.jpg","contentUrl":"https:\/\/dev.desarrolloproyectoswp.com\/wp-content\/uploads\/2024\/06\/Regenerador-de-cejas-Ecologico-Eyebrow-Elixir_La-Belleza-del-Alma_Cometica-Facial-Vegana-y-Ecologica.jpg","width":563,"height":563,"caption":"R\u00e9g\u00e9n\u00e9rateur de sourcils bio - Elixir pour sourcils - La Belleza del Alma - Vegan and Organic Facial Cosmetics"},{"@type":"BreadcrumbList","@id":"https:\/\/dev.desarrolloproyectoswp.com\/fr\/producto\/regenerateur-de-sourcils-bio-elixir-pour-les-sourcils\/#breadcrumb","itemListElement":[{"@type":"ListItem","position":1,"name":"Portada","item":"https:\/\/dev.desarrolloproyectoswp.com\/fr\/la-belleza-del-alma\/"},{"@type":"ListItem","position":2,"name":"Boutique en ligne de produits v\u00e9g\u00e9taliens &#8211; La Belleza del Alma","item":"https:\/\/dev.desarrolloproyectoswp.com\/fr\/boutique\/"},{"@type":"ListItem","position":3,"name":"R\u00e9g\u00e9n\u00e9rateur de sourcils bio &#8211; Elixir pour les sourcils"}]},{"@type":"WebSite","@id":"https:\/\/dev.desarrolloproyectoswp.com\/fr\/#website","url":"https:\/\/dev.desarrolloproyectoswp.com\/fr\/","name":"La Belleza del Alma","description":"Belleza Org\u00e1nica y Cosm\u00e9tica Vegana","potentialAction":[{"@type":"SearchAction","target":{"@type":"EntryPoint","urlTemplate":"https:\/\/dev.desarrolloproyectoswp.com\/fr\/?s={search_term_string}"},"query-input":{"@type":"PropertyValueSpecification","valueRequired":true,"valueName":"search_term_string"}}],"inLanguage":"fr-FR"}]}},"brands":[{"id":41,"name":"La Belleza del Alma","slug":"la-belleza-del-alma"}],"_links":{"self":[{"href":"https:\/\/dev.desarrolloproyectoswp.com\/fr\/wp-json\/wp\/v2\/product\/2168","targetHints":{"allow":["GET"]}}],"collection":[{"href":"https:\/\/dev.desarrolloproyectoswp.com\/fr\/wp-json\/wp\/v2\/product"}],"about":[{"href":"https:\/\/dev.desarrolloproyectoswp.com\/fr\/wp-json\/wp\/v2\/types\/product"}],"version-history":[{"count":0,"href":"https:\/\/dev.desarrolloproyectoswp.com\/fr\/wp-json\/wp\/v2\/product\/2168\/revisions"}],"wp:featuredmedia":[{"embeddable":true,"href":"https:\/\/dev.desarrolloproyectoswp.com\/fr\/wp-json\/wp\/v2\/media\/1924"}],"wp:attachment":[{"href":"https:\/\/dev.desarrolloproyectoswp.com\/fr\/wp-json\/wp\/v2\/media?parent=2168"}],"wp:term":[{"taxonomy":"pwb-brand","embeddable":true,"href":"https:\/\/dev.desarrolloproyectoswp.com\/fr\/wp-json\/wp\/v2\/pwb-brand?post=2168"},{"taxonomy":"product_brand","embeddable":true,"href":"https:\/\/dev.desarrolloproyectoswp.com\/fr\/wp-json\/wp\/v2\/product_brand?post=2168"},{"taxonomy":"product_cat","embeddable":true,"href":"https:\/\/dev.desarrolloproyectoswp.com\/fr\/wp-json\/wp\/v2\/product_cat?post=2168"},{"taxonomy":"product_tag","embeddable":true,"href":"https:\/\/dev.desarrolloproyectoswp.com\/fr\/wp-json\/wp\/v2\/product_tag?post=2168"}],"curies":[{"name":"wp","href":"https:\/\/api.w.org\/{rel}","templated":true}]}}