{"id":2167,"date":"2024-06-10T16:46:12","date_gmt":"2024-06-10T14:46:12","guid":{"rendered":"https:\/\/dev.desarrolloproyectoswp.com\/producto\/rituel-botanique-huile-pour-le-corps\/"},"modified":"2024-06-10T16:46:12","modified_gmt":"2024-06-10T14:46:12","slug":"rituel-botanique-huile-pour-le-corps","status":"publish","type":"product","link":"https:\/\/dev.desarrolloproyectoswp.com\/fr\/producto\/rituel-botanique-huile-pour-le-corps\/","title":{"rendered":"Rituel botanique &#8211; Huile pour le corps ;"},"content":{"rendered":"<div>\n<p>Exquise synergie d&rsquo;huiles v\u00e9g\u00e9tales issues de graines de baobab sauvage, d&rsquo;olivier sauvage, de s\u00e9same, de noisette et de noix de macadamia, enrichie d&rsquo;huiles essentielles de bois de c\u00e8dre, de palmarosa, de citronnelle et de lavande. Id\u00e9al pour les massages raffermissants et tonifiants. Assouplit, nourrit, hydrate, adoucit, apaise et calme la peau. Riche en antioxydants, vitamines et om\u00e9gas 3, 6 et 9.<\/p>\n<\/div>\n<div><\/div>\n<div>\n<p><span style=\"font-size: inherit;\">Taille : 100 ml.<\/span><\/p>\n<p>&nbsp;<\/p>\n<\/div>\n<p><img decoding=\"async\" class=\"alignnone size-full wp-image-1331\" src=\"https:\/\/dev.desarrolloproyectoswp.com\/wp-content\/uploads\/2024\/05\/Certificado-Eco-Plus-y-Bio-300x150-1.jpg\" alt=\"\" width=\"300\" height=\"150\"><\/p>\n<p>&nbsp;<\/p>\n","protected":false},"excerpt":{"rendered":"<p>\u00c9lixir corporel raffermissant. M\u00e9lange d&rsquo;huiles v\u00e9g\u00e9tales vierges enrichi d&rsquo;aromath\u00e9rapie. Une v\u00e9ritable nourriture pour la peau, avec un grand apport de nutriments, d&rsquo;antioxydants, de vitamines et d&rsquo;acides gras essentiels. Recommand\u00e9 pour tous les types de peau. <\/p>\n<ul>\n<li>Sans conservateur<\/li>\n<li>91 % de l&rsquo;agriculture biologique<\/li>\n<li>Plus de 67 % d&rsquo;esp\u00e8ces sauvages<\/li>\n<\/ul>\n<p>Taille : 100 ml.<\/p>\n","protected":false},"featured_media":1928,"template":"","meta":[],"pwb-brand":[41],"product_brand":[],"product_cat":[80],"product_tag":[82],"class_list":{"0":"post-2167","1":"product","2":"type-product","3":"status-publish","4":"has-post-thumbnail","6":"pwb-brand-la-belleza-del-alma","7":"product_cat-alimentation-vegetalienne-pour-le-corps","8":"product_tag-huiles-vegetales","10":"first","11":"instock","12":"taxable","13":"shipping-taxable","14":"purchasable","15":"product-type-simple"},"yoast_head":"<!-- This site is optimized with the Yoast SEO plugin v27.3 - https:\/\/yoast.com\/product\/yoast-seo-wordpress\/ -->\n<title>Rituel botanique - Huile pour le corps ; - Cosm\u00e9tiques naturels v\u00e9g\u00e9taliens en ligne ;<\/title>\n<meta name=\"description\" content=\"Huiles pour le corps - \u00c9lixir botanique raffermissant. M\u00e9lange d&#039;huiles v\u00e9g\u00e9tales vierges enrichi d&#039;aromath\u00e9rapie. Recommand\u00e9 pour tous les types de peau.\" \/>\n<meta name=\"robots\" content=\"index, follow, max-snippet:-1, max-image-preview:large, max-video-preview:-1\" \/>\n<link rel=\"canonical\" href=\"https:\/\/dev.desarrolloproyectoswp.com\/fr\/producto\/rituel-botanique-huile-pour-le-corps\/\" \/>\n<meta property=\"og:locale\" content=\"fr_FR\" \/>\n<meta property=\"og:type\" content=\"article\" \/>\n<meta property=\"og:title\" content=\"Rituel botanique - Huile pour le corps ; - Cosm\u00e9tiques naturels v\u00e9g\u00e9taliens en ligne ;\" \/>\n<meta property=\"og:description\" content=\"Huiles pour le corps - \u00c9lixir botanique raffermissant. M\u00e9lange d&#039;huiles v\u00e9g\u00e9tales vierges enrichi d&#039;aromath\u00e9rapie. Recommand\u00e9 pour tous les types de peau.\" \/>\n<meta property=\"og:url\" content=\"https:\/\/dev.desarrolloproyectoswp.com\/fr\/producto\/rituel-botanique-huile-pour-le-corps\/\" \/>\n<meta property=\"og:site_name\" content=\"La Belleza del Alma\" \/>\n<meta property=\"article:publisher\" content=\"https:\/\/www.facebook.com\/vegancosmeticsbeauty\/\" \/>\n<meta property=\"og:image\" content=\"https:\/\/dev.desarrolloproyectoswp.com\/wp-content\/uploads\/2024\/06\/Ritual-Botanico-Aceite-Corporal_La-Belleza-del-Alma_Cosmetiga-Ecologica-y-Vegana.jpg\" \/>\n\t<meta property=\"og:image:width\" content=\"563\" \/>\n\t<meta property=\"og:image:height\" content=\"563\" \/>\n\t<meta property=\"og:image:type\" content=\"image\/jpeg\" \/>\n<meta name=\"twitter:card\" content=\"summary_large_image\" \/>\n<script type=\"application\/ld+json\" class=\"yoast-schema-graph\">{\"@context\":\"https:\\\/\\\/schema.org\",\"@graph\":[{\"@type\":\"WebPage\",\"@id\":\"https:\\\/\\\/dev.desarrolloproyectoswp.com\\\/fr\\\/producto\\\/rituel-botanique-huile-pour-le-corps\\\/\",\"url\":\"https:\\\/\\\/dev.desarrolloproyectoswp.com\\\/fr\\\/producto\\\/rituel-botanique-huile-pour-le-corps\\\/\",\"name\":\"Rituel botanique - Huile pour le corps ; - Cosm\u00e9tiques naturels v\u00e9g\u00e9taliens en ligne ;\",\"isPartOf\":{\"@id\":\"https:\\\/\\\/dev.desarrolloproyectoswp.com\\\/fr\\\/#website\"},\"primaryImageOfPage\":{\"@id\":\"https:\\\/\\\/dev.desarrolloproyectoswp.com\\\/fr\\\/producto\\\/rituel-botanique-huile-pour-le-corps\\\/#primaryimage\"},\"image\":{\"@id\":\"https:\\\/\\\/dev.desarrolloproyectoswp.com\\\/fr\\\/producto\\\/rituel-botanique-huile-pour-le-corps\\\/#primaryimage\"},\"thumbnailUrl\":\"https:\\\/\\\/dev.desarrolloproyectoswp.com\\\/wp-content\\\/uploads\\\/2024\\\/06\\\/Ritual-Botanico-Aceite-Corporal_La-Belleza-del-Alma_Cosmetiga-Ecologica-y-Vegana.jpg\",\"datePublished\":\"2024-06-10T14:46:12+00:00\",\"description\":\"Huiles pour le corps - \u00c9lixir botanique raffermissant. M\u00e9lange d'huiles v\u00e9g\u00e9tales vierges enrichi d'aromath\u00e9rapie. Recommand\u00e9 pour tous les types de peau.\",\"breadcrumb\":{\"@id\":\"https:\\\/\\\/dev.desarrolloproyectoswp.com\\\/fr\\\/producto\\\/rituel-botanique-huile-pour-le-corps\\\/#breadcrumb\"},\"inLanguage\":\"fr-FR\",\"potentialAction\":[{\"@type\":\"ReadAction\",\"target\":[\"https:\\\/\\\/dev.desarrolloproyectoswp.com\\\/fr\\\/producto\\\/rituel-botanique-huile-pour-le-corps\\\/\"]}]},{\"@type\":\"ImageObject\",\"inLanguage\":\"fr-FR\",\"@id\":\"https:\\\/\\\/dev.desarrolloproyectoswp.com\\\/fr\\\/producto\\\/rituel-botanique-huile-pour-le-corps\\\/#primaryimage\",\"url\":\"https:\\\/\\\/dev.desarrolloproyectoswp.com\\\/wp-content\\\/uploads\\\/2024\\\/06\\\/Ritual-Botanico-Aceite-Corporal_La-Belleza-del-Alma_Cosmetiga-Ecologica-y-Vegana.jpg\",\"contentUrl\":\"https:\\\/\\\/dev.desarrolloproyectoswp.com\\\/wp-content\\\/uploads\\\/2024\\\/06\\\/Ritual-Botanico-Aceite-Corporal_La-Belleza-del-Alma_Cosmetiga-Ecologica-y-Vegana.jpg\",\"width\":563,\"height\":563,\"caption\":\"Botanical Ritual - Huile corporelle - La Belleza del Alma - Cosm\u00e9tiques bio et v\u00e9g\u00e9taliens\"},{\"@type\":\"BreadcrumbList\",\"@id\":\"https:\\\/\\\/dev.desarrolloproyectoswp.com\\\/fr\\\/producto\\\/rituel-botanique-huile-pour-le-corps\\\/#breadcrumb\",\"itemListElement\":[{\"@type\":\"ListItem\",\"position\":1,\"name\":\"Portada\",\"item\":\"https:\\\/\\\/dev.desarrolloproyectoswp.com\\\/fr\\\/la-belleza-del-alma\\\/\"},{\"@type\":\"ListItem\",\"position\":2,\"name\":\"Boutique en ligne de produits v\u00e9g\u00e9taliens &#8211; La Belleza del Alma\",\"item\":\"https:\\\/\\\/dev.desarrolloproyectoswp.com\\\/fr\\\/boutique\\\/\"},{\"@type\":\"ListItem\",\"position\":3,\"name\":\"Rituel botanique &#8211; Huile pour le corps ;\"}]},{\"@type\":\"WebSite\",\"@id\":\"https:\\\/\\\/dev.desarrolloproyectoswp.com\\\/fr\\\/#website\",\"url\":\"https:\\\/\\\/dev.desarrolloproyectoswp.com\\\/fr\\\/\",\"name\":\"La Belleza del Alma\",\"description\":\"Belleza Org\u00e1nica y Cosm\u00e9tica Vegana\",\"potentialAction\":[{\"@type\":\"SearchAction\",\"target\":{\"@type\":\"EntryPoint\",\"urlTemplate\":\"https:\\\/\\\/dev.desarrolloproyectoswp.com\\\/fr\\\/?s={search_term_string}\"},\"query-input\":{\"@type\":\"PropertyValueSpecification\",\"valueRequired\":true,\"valueName\":\"search_term_string\"}}],\"inLanguage\":\"fr-FR\"}]}<\/script>\n<!-- \/ Yoast SEO plugin. -->","yoast_head_json":{"title":"Rituel botanique - Huile pour le corps ; - Cosm\u00e9tiques naturels v\u00e9g\u00e9taliens en ligne ;","description":"Huiles pour le corps - \u00c9lixir botanique raffermissant. M\u00e9lange d'huiles v\u00e9g\u00e9tales vierges enrichi d'aromath\u00e9rapie. Recommand\u00e9 pour tous les types de peau.","robots":{"index":"index","follow":"follow","max-snippet":"max-snippet:-1","max-image-preview":"max-image-preview:large","max-video-preview":"max-video-preview:-1"},"canonical":"https:\/\/dev.desarrolloproyectoswp.com\/fr\/producto\/rituel-botanique-huile-pour-le-corps\/","og_locale":"fr_FR","og_type":"article","og_title":"Rituel botanique - Huile pour le corps ; - Cosm\u00e9tiques naturels v\u00e9g\u00e9taliens en ligne ;","og_description":"Huiles pour le corps - \u00c9lixir botanique raffermissant. M\u00e9lange d'huiles v\u00e9g\u00e9tales vierges enrichi d'aromath\u00e9rapie. Recommand\u00e9 pour tous les types de peau.","og_url":"https:\/\/dev.desarrolloproyectoswp.com\/fr\/producto\/rituel-botanique-huile-pour-le-corps\/","og_site_name":"La Belleza del Alma","article_publisher":"https:\/\/www.facebook.com\/vegancosmeticsbeauty\/","og_image":[{"width":563,"height":563,"url":"https:\/\/dev.desarrolloproyectoswp.com\/wp-content\/uploads\/2024\/06\/Ritual-Botanico-Aceite-Corporal_La-Belleza-del-Alma_Cosmetiga-Ecologica-y-Vegana.jpg","type":"image\/jpeg"}],"twitter_card":"summary_large_image","schema":{"@context":"https:\/\/schema.org","@graph":[{"@type":"WebPage","@id":"https:\/\/dev.desarrolloproyectoswp.com\/fr\/producto\/rituel-botanique-huile-pour-le-corps\/","url":"https:\/\/dev.desarrolloproyectoswp.com\/fr\/producto\/rituel-botanique-huile-pour-le-corps\/","name":"Rituel botanique - Huile pour le corps ; - Cosm\u00e9tiques naturels v\u00e9g\u00e9taliens en ligne ;","isPartOf":{"@id":"https:\/\/dev.desarrolloproyectoswp.com\/fr\/#website"},"primaryImageOfPage":{"@id":"https:\/\/dev.desarrolloproyectoswp.com\/fr\/producto\/rituel-botanique-huile-pour-le-corps\/#primaryimage"},"image":{"@id":"https:\/\/dev.desarrolloproyectoswp.com\/fr\/producto\/rituel-botanique-huile-pour-le-corps\/#primaryimage"},"thumbnailUrl":"https:\/\/dev.desarrolloproyectoswp.com\/wp-content\/uploads\/2024\/06\/Ritual-Botanico-Aceite-Corporal_La-Belleza-del-Alma_Cosmetiga-Ecologica-y-Vegana.jpg","datePublished":"2024-06-10T14:46:12+00:00","description":"Huiles pour le corps - \u00c9lixir botanique raffermissant. M\u00e9lange d'huiles v\u00e9g\u00e9tales vierges enrichi d'aromath\u00e9rapie. Recommand\u00e9 pour tous les types de peau.","breadcrumb":{"@id":"https:\/\/dev.desarrolloproyectoswp.com\/fr\/producto\/rituel-botanique-huile-pour-le-corps\/#breadcrumb"},"inLanguage":"fr-FR","potentialAction":[{"@type":"ReadAction","target":["https:\/\/dev.desarrolloproyectoswp.com\/fr\/producto\/rituel-botanique-huile-pour-le-corps\/"]}]},{"@type":"ImageObject","inLanguage":"fr-FR","@id":"https:\/\/dev.desarrolloproyectoswp.com\/fr\/producto\/rituel-botanique-huile-pour-le-corps\/#primaryimage","url":"https:\/\/dev.desarrolloproyectoswp.com\/wp-content\/uploads\/2024\/06\/Ritual-Botanico-Aceite-Corporal_La-Belleza-del-Alma_Cosmetiga-Ecologica-y-Vegana.jpg","contentUrl":"https:\/\/dev.desarrolloproyectoswp.com\/wp-content\/uploads\/2024\/06\/Ritual-Botanico-Aceite-Corporal_La-Belleza-del-Alma_Cosmetiga-Ecologica-y-Vegana.jpg","width":563,"height":563,"caption":"Botanical Ritual - Huile corporelle - La Belleza del Alma - Cosm\u00e9tiques bio et v\u00e9g\u00e9taliens"},{"@type":"BreadcrumbList","@id":"https:\/\/dev.desarrolloproyectoswp.com\/fr\/producto\/rituel-botanique-huile-pour-le-corps\/#breadcrumb","itemListElement":[{"@type":"ListItem","position":1,"name":"Portada","item":"https:\/\/dev.desarrolloproyectoswp.com\/fr\/la-belleza-del-alma\/"},{"@type":"ListItem","position":2,"name":"Boutique en ligne de produits v\u00e9g\u00e9taliens &#8211; La Belleza del Alma","item":"https:\/\/dev.desarrolloproyectoswp.com\/fr\/boutique\/"},{"@type":"ListItem","position":3,"name":"Rituel botanique &#8211; Huile pour le corps ;"}]},{"@type":"WebSite","@id":"https:\/\/dev.desarrolloproyectoswp.com\/fr\/#website","url":"https:\/\/dev.desarrolloproyectoswp.com\/fr\/","name":"La Belleza del Alma","description":"Belleza Org\u00e1nica y Cosm\u00e9tica Vegana","potentialAction":[{"@type":"SearchAction","target":{"@type":"EntryPoint","urlTemplate":"https:\/\/dev.desarrolloproyectoswp.com\/fr\/?s={search_term_string}"},"query-input":{"@type":"PropertyValueSpecification","valueRequired":true,"valueName":"search_term_string"}}],"inLanguage":"fr-FR"}]}},"brands":[{"id":41,"name":"La Belleza del Alma","slug":"la-belleza-del-alma"}],"_links":{"self":[{"href":"https:\/\/dev.desarrolloproyectoswp.com\/fr\/wp-json\/wp\/v2\/product\/2167","targetHints":{"allow":["GET"]}}],"collection":[{"href":"https:\/\/dev.desarrolloproyectoswp.com\/fr\/wp-json\/wp\/v2\/product"}],"about":[{"href":"https:\/\/dev.desarrolloproyectoswp.com\/fr\/wp-json\/wp\/v2\/types\/product"}],"version-history":[{"count":0,"href":"https:\/\/dev.desarrolloproyectoswp.com\/fr\/wp-json\/wp\/v2\/product\/2167\/revisions"}],"wp:featuredmedia":[{"embeddable":true,"href":"https:\/\/dev.desarrolloproyectoswp.com\/fr\/wp-json\/wp\/v2\/media\/1928"}],"wp:attachment":[{"href":"https:\/\/dev.desarrolloproyectoswp.com\/fr\/wp-json\/wp\/v2\/media?parent=2167"}],"wp:term":[{"taxonomy":"pwb-brand","embeddable":true,"href":"https:\/\/dev.desarrolloproyectoswp.com\/fr\/wp-json\/wp\/v2\/pwb-brand?post=2167"},{"taxonomy":"product_brand","embeddable":true,"href":"https:\/\/dev.desarrolloproyectoswp.com\/fr\/wp-json\/wp\/v2\/product_brand?post=2167"},{"taxonomy":"product_cat","embeddable":true,"href":"https:\/\/dev.desarrolloproyectoswp.com\/fr\/wp-json\/wp\/v2\/product_cat?post=2167"},{"taxonomy":"product_tag","embeddable":true,"href":"https:\/\/dev.desarrolloproyectoswp.com\/fr\/wp-json\/wp\/v2\/product_tag?post=2167"}],"curies":[{"name":"wp","href":"https:\/\/api.w.org\/{rel}","templated":true}]}}