{"id":2164,"date":"2024-06-10T16:57:49","date_gmt":"2024-06-10T14:57:49","guid":{"rendered":"https:\/\/dev.desarrolloproyectoswp.com\/producto\/gel-hydratant-a-laloe-vera-biologique-pur\/"},"modified":"2024-06-10T16:57:49","modified_gmt":"2024-06-10T14:57:49","slug":"gel-hydratant-a-laloe-vera-biologique-pur","status":"publish","type":"product","link":"https:\/\/dev.desarrolloproyectoswp.com\/fr\/producto\/gel-hydratant-a-laloe-vera-biologique-pur\/","title":{"rendered":"Gel hydratant \u00e0 l&rsquo;aloe vera biologique pur"},"content":{"rendered":"<div>\n<div>Gel hydratant recommand\u00e9 pour tous les types de peau, les peaux \u00e0 tendance acn\u00e9ique, les cicatrices et les imperfections.<\/div>\n<div><\/div>\n<div>Usage externe.<\/div>\n<\/div>\n<div><\/div>\n<div>\n<p><span style=\"font-size: inherit;\">Taille : 200 ml et 500 ml.<\/span><\/p>\n<p>&nbsp;<\/p>\n<\/div>\n<p><img decoding=\"async\" class=\"alignnone size-full wp-image-1331\" src=\"https:\/\/dev.desarrolloproyectoswp.com\/wp-content\/uploads\/2024\/05\/Certificado-Eco-Plus-y-Bio-300x150-1.jpg\" alt=\"\" width=\"300\" height=\"150\"><\/p>\n<p>&nbsp;<\/p>\n","protected":false},"excerpt":{"rendered":"<p>R\u00e9g\u00e9n\u00e9rateur cellulaire, apaisant, r\u00e9parateur. Id\u00e9al pour r\u00e9parer les dommages caus\u00e9s par l&rsquo;exposition au soleil, gr\u00e2ce \u00e0 sa capacit\u00e9 \u00e0 restaurer les tissus endommag\u00e9s. Fabriqu\u00e9 directement \u00e0 partir de feuilles fra\u00eeches. Pas de concentr\u00e9. Flacon en verre ambr\u00e9<\/p>\n<p><span style=\"font-size: inherit;\">Taille : 200 ml et 500 ml.<\/span><\/p>\n","protected":false},"featured_media":1930,"template":"","meta":[],"pwb-brand":[41],"product_brand":[],"product_cat":[80,79,76],"product_tag":[81],"class_list":{"0":"post-2164","1":"product","2":"type-product","3":"status-publish","4":"has-post-thumbnail","6":"pwb-brand-la-belleza-del-alma","7":"product_cat-alimentation-vegetalienne-pour-le-corps","8":"product_cat-cosmetique-faciale-vegetalienne","9":"product_cat-epilation-par-fil","10":"product_tag-aloe-vera-fr","12":"first","13":"instock","14":"taxable","15":"shipping-taxable","16":"purchasable","17":"product-type-variable"},"yoast_head":"<!-- This site is optimized with the Yoast SEO plugin v27.3 - https:\/\/yoast.com\/product\/yoast-seo-wordpress\/ -->\n<title>Gel hydratant \u00e0 l&#039;aloe vera biologique pur - Cosm\u00e9tiques naturels v\u00e9g\u00e9taliens en ligne ;<\/title>\n<meta name=\"description\" content=\"Gel hydratant \u00e0 l&#039;Aloe Vera pur, r\u00e9g\u00e9n\u00e9rateur cellulaire, apaisant, r\u00e9parateur. Id\u00e9al pour sa capacit\u00e9 \u00e0 restaurer les tissus endommag\u00e9s.\" \/>\n<meta name=\"robots\" content=\"index, follow, max-snippet:-1, max-image-preview:large, max-video-preview:-1\" \/>\n<link rel=\"canonical\" href=\"https:\/\/dev.desarrolloproyectoswp.com\/fr\/producto\/gel-hydratant-a-laloe-vera-biologique-pur\/\" \/>\n<meta property=\"og:locale\" content=\"fr_FR\" \/>\n<meta property=\"og:type\" content=\"article\" \/>\n<meta property=\"og:title\" content=\"Gel hydratant \u00e0 l&#039;aloe vera biologique pur - Cosm\u00e9tiques naturels v\u00e9g\u00e9taliens en ligne ;\" \/>\n<meta property=\"og:description\" content=\"Gel hydratant \u00e0 l&#039;Aloe Vera pur, r\u00e9g\u00e9n\u00e9rateur cellulaire, apaisant, r\u00e9parateur. Id\u00e9al pour sa capacit\u00e9 \u00e0 restaurer les tissus endommag\u00e9s.\" \/>\n<meta property=\"og:url\" content=\"https:\/\/dev.desarrolloproyectoswp.com\/fr\/producto\/gel-hydratant-a-laloe-vera-biologique-pur\/\" \/>\n<meta property=\"og:site_name\" content=\"La Belleza del Alma\" \/>\n<meta property=\"article:publisher\" content=\"https:\/\/www.facebook.com\/vegancosmeticsbeauty\/\" \/>\n<meta property=\"og:image\" content=\"https:\/\/dev.desarrolloproyectoswp.com\/wp-content\/uploads\/2024\/06\/Gel-Hidratante-Aloe-Vera-Puro-Ecologico_La-Belleza-del-Alma_Cosmetica-Vegana-y-Ecologica.jpg\" \/>\n\t<meta property=\"og:image:width\" content=\"563\" \/>\n\t<meta property=\"og:image:height\" content=\"563\" \/>\n\t<meta property=\"og:image:type\" content=\"image\/jpeg\" \/>\n<meta name=\"twitter:card\" content=\"summary_large_image\" \/>\n<script type=\"application\/ld+json\" class=\"yoast-schema-graph\">{\"@context\":\"https:\\\/\\\/schema.org\",\"@graph\":[{\"@type\":\"WebPage\",\"@id\":\"https:\\\/\\\/dev.desarrolloproyectoswp.com\\\/fr\\\/producto\\\/gel-hydratant-a-laloe-vera-biologique-pur\\\/\",\"url\":\"https:\\\/\\\/dev.desarrolloproyectoswp.com\\\/fr\\\/producto\\\/gel-hydratant-a-laloe-vera-biologique-pur\\\/\",\"name\":\"Gel hydratant \u00e0 l'aloe vera biologique pur - Cosm\u00e9tiques naturels v\u00e9g\u00e9taliens en ligne ;\",\"isPartOf\":{\"@id\":\"https:\\\/\\\/dev.desarrolloproyectoswp.com\\\/fr\\\/#website\"},\"primaryImageOfPage\":{\"@id\":\"https:\\\/\\\/dev.desarrolloproyectoswp.com\\\/fr\\\/producto\\\/gel-hydratant-a-laloe-vera-biologique-pur\\\/#primaryimage\"},\"image\":{\"@id\":\"https:\\\/\\\/dev.desarrolloproyectoswp.com\\\/fr\\\/producto\\\/gel-hydratant-a-laloe-vera-biologique-pur\\\/#primaryimage\"},\"thumbnailUrl\":\"https:\\\/\\\/dev.desarrolloproyectoswp.com\\\/wp-content\\\/uploads\\\/2024\\\/06\\\/Gel-Hidratante-Aloe-Vera-Puro-Ecologico_La-Belleza-del-Alma_Cosmetica-Vegana-y-Ecologica.jpg\",\"datePublished\":\"2024-06-10T14:57:49+00:00\",\"description\":\"Gel hydratant \u00e0 l'Aloe Vera pur, r\u00e9g\u00e9n\u00e9rateur cellulaire, apaisant, r\u00e9parateur. Id\u00e9al pour sa capacit\u00e9 \u00e0 restaurer les tissus endommag\u00e9s.\",\"breadcrumb\":{\"@id\":\"https:\\\/\\\/dev.desarrolloproyectoswp.com\\\/fr\\\/producto\\\/gel-hydratant-a-laloe-vera-biologique-pur\\\/#breadcrumb\"},\"inLanguage\":\"fr-FR\",\"potentialAction\":[{\"@type\":\"ReadAction\",\"target\":[\"https:\\\/\\\/dev.desarrolloproyectoswp.com\\\/fr\\\/producto\\\/gel-hydratant-a-laloe-vera-biologique-pur\\\/\"]}]},{\"@type\":\"ImageObject\",\"inLanguage\":\"fr-FR\",\"@id\":\"https:\\\/\\\/dev.desarrolloproyectoswp.com\\\/fr\\\/producto\\\/gel-hydratant-a-laloe-vera-biologique-pur\\\/#primaryimage\",\"url\":\"https:\\\/\\\/dev.desarrolloproyectoswp.com\\\/wp-content\\\/uploads\\\/2024\\\/06\\\/Gel-Hidratante-Aloe-Vera-Puro-Ecologico_La-Belleza-del-Alma_Cosmetica-Vegana-y-Ecologica.jpg\",\"contentUrl\":\"https:\\\/\\\/dev.desarrolloproyectoswp.com\\\/wp-content\\\/uploads\\\/2024\\\/06\\\/Gel-Hidratante-Aloe-Vera-Puro-Ecologico_La-Belleza-del-Alma_Cosmetica-Vegana-y-Ecologica.jpg\",\"width\":563,\"height\":563,\"caption\":\"Gel hydratant \u00e0 l'Aloe Vera - La Belleza del Alma - Cosm\u00e9tique Vegan et Ecol\u00f3gica ;\"},{\"@type\":\"BreadcrumbList\",\"@id\":\"https:\\\/\\\/dev.desarrolloproyectoswp.com\\\/fr\\\/producto\\\/gel-hydratant-a-laloe-vera-biologique-pur\\\/#breadcrumb\",\"itemListElement\":[{\"@type\":\"ListItem\",\"position\":1,\"name\":\"Portada\",\"item\":\"https:\\\/\\\/dev.desarrolloproyectoswp.com\\\/fr\\\/la-belleza-del-alma\\\/\"},{\"@type\":\"ListItem\",\"position\":2,\"name\":\"Boutique en ligne de produits v\u00e9g\u00e9taliens &#8211; La Belleza del Alma\",\"item\":\"https:\\\/\\\/dev.desarrolloproyectoswp.com\\\/fr\\\/boutique\\\/\"},{\"@type\":\"ListItem\",\"position\":3,\"name\":\"Gel hydratant \u00e0 l&rsquo;aloe vera biologique pur\"}]},{\"@type\":\"WebSite\",\"@id\":\"https:\\\/\\\/dev.desarrolloproyectoswp.com\\\/fr\\\/#website\",\"url\":\"https:\\\/\\\/dev.desarrolloproyectoswp.com\\\/fr\\\/\",\"name\":\"La Belleza del Alma\",\"description\":\"Belleza Org\u00e1nica y Cosm\u00e9tica Vegana\",\"potentialAction\":[{\"@type\":\"SearchAction\",\"target\":{\"@type\":\"EntryPoint\",\"urlTemplate\":\"https:\\\/\\\/dev.desarrolloproyectoswp.com\\\/fr\\\/?s={search_term_string}\"},\"query-input\":{\"@type\":\"PropertyValueSpecification\",\"valueRequired\":true,\"valueName\":\"search_term_string\"}}],\"inLanguage\":\"fr-FR\"}]}<\/script>\n<!-- \/ Yoast SEO plugin. -->","yoast_head_json":{"title":"Gel hydratant \u00e0 l'aloe vera biologique pur - Cosm\u00e9tiques naturels v\u00e9g\u00e9taliens en ligne ;","description":"Gel hydratant \u00e0 l'Aloe Vera pur, r\u00e9g\u00e9n\u00e9rateur cellulaire, apaisant, r\u00e9parateur. Id\u00e9al pour sa capacit\u00e9 \u00e0 restaurer les tissus endommag\u00e9s.","robots":{"index":"index","follow":"follow","max-snippet":"max-snippet:-1","max-image-preview":"max-image-preview:large","max-video-preview":"max-video-preview:-1"},"canonical":"https:\/\/dev.desarrolloproyectoswp.com\/fr\/producto\/gel-hydratant-a-laloe-vera-biologique-pur\/","og_locale":"fr_FR","og_type":"article","og_title":"Gel hydratant \u00e0 l'aloe vera biologique pur - Cosm\u00e9tiques naturels v\u00e9g\u00e9taliens en ligne ;","og_description":"Gel hydratant \u00e0 l'Aloe Vera pur, r\u00e9g\u00e9n\u00e9rateur cellulaire, apaisant, r\u00e9parateur. Id\u00e9al pour sa capacit\u00e9 \u00e0 restaurer les tissus endommag\u00e9s.","og_url":"https:\/\/dev.desarrolloproyectoswp.com\/fr\/producto\/gel-hydratant-a-laloe-vera-biologique-pur\/","og_site_name":"La Belleza del Alma","article_publisher":"https:\/\/www.facebook.com\/vegancosmeticsbeauty\/","og_image":[{"width":563,"height":563,"url":"https:\/\/dev.desarrolloproyectoswp.com\/wp-content\/uploads\/2024\/06\/Gel-Hidratante-Aloe-Vera-Puro-Ecologico_La-Belleza-del-Alma_Cosmetica-Vegana-y-Ecologica.jpg","type":"image\/jpeg"}],"twitter_card":"summary_large_image","schema":{"@context":"https:\/\/schema.org","@graph":[{"@type":"WebPage","@id":"https:\/\/dev.desarrolloproyectoswp.com\/fr\/producto\/gel-hydratant-a-laloe-vera-biologique-pur\/","url":"https:\/\/dev.desarrolloproyectoswp.com\/fr\/producto\/gel-hydratant-a-laloe-vera-biologique-pur\/","name":"Gel hydratant \u00e0 l'aloe vera biologique pur - Cosm\u00e9tiques naturels v\u00e9g\u00e9taliens en ligne ;","isPartOf":{"@id":"https:\/\/dev.desarrolloproyectoswp.com\/fr\/#website"},"primaryImageOfPage":{"@id":"https:\/\/dev.desarrolloproyectoswp.com\/fr\/producto\/gel-hydratant-a-laloe-vera-biologique-pur\/#primaryimage"},"image":{"@id":"https:\/\/dev.desarrolloproyectoswp.com\/fr\/producto\/gel-hydratant-a-laloe-vera-biologique-pur\/#primaryimage"},"thumbnailUrl":"https:\/\/dev.desarrolloproyectoswp.com\/wp-content\/uploads\/2024\/06\/Gel-Hidratante-Aloe-Vera-Puro-Ecologico_La-Belleza-del-Alma_Cosmetica-Vegana-y-Ecologica.jpg","datePublished":"2024-06-10T14:57:49+00:00","description":"Gel hydratant \u00e0 l'Aloe Vera pur, r\u00e9g\u00e9n\u00e9rateur cellulaire, apaisant, r\u00e9parateur. Id\u00e9al pour sa capacit\u00e9 \u00e0 restaurer les tissus endommag\u00e9s.","breadcrumb":{"@id":"https:\/\/dev.desarrolloproyectoswp.com\/fr\/producto\/gel-hydratant-a-laloe-vera-biologique-pur\/#breadcrumb"},"inLanguage":"fr-FR","potentialAction":[{"@type":"ReadAction","target":["https:\/\/dev.desarrolloproyectoswp.com\/fr\/producto\/gel-hydratant-a-laloe-vera-biologique-pur\/"]}]},{"@type":"ImageObject","inLanguage":"fr-FR","@id":"https:\/\/dev.desarrolloproyectoswp.com\/fr\/producto\/gel-hydratant-a-laloe-vera-biologique-pur\/#primaryimage","url":"https:\/\/dev.desarrolloproyectoswp.com\/wp-content\/uploads\/2024\/06\/Gel-Hidratante-Aloe-Vera-Puro-Ecologico_La-Belleza-del-Alma_Cosmetica-Vegana-y-Ecologica.jpg","contentUrl":"https:\/\/dev.desarrolloproyectoswp.com\/wp-content\/uploads\/2024\/06\/Gel-Hidratante-Aloe-Vera-Puro-Ecologico_La-Belleza-del-Alma_Cosmetica-Vegana-y-Ecologica.jpg","width":563,"height":563,"caption":"Gel hydratant \u00e0 l'Aloe Vera - La Belleza del Alma - Cosm\u00e9tique Vegan et Ecol\u00f3gica ;"},{"@type":"BreadcrumbList","@id":"https:\/\/dev.desarrolloproyectoswp.com\/fr\/producto\/gel-hydratant-a-laloe-vera-biologique-pur\/#breadcrumb","itemListElement":[{"@type":"ListItem","position":1,"name":"Portada","item":"https:\/\/dev.desarrolloproyectoswp.com\/fr\/la-belleza-del-alma\/"},{"@type":"ListItem","position":2,"name":"Boutique en ligne de produits v\u00e9g\u00e9taliens &#8211; La Belleza del Alma","item":"https:\/\/dev.desarrolloproyectoswp.com\/fr\/boutique\/"},{"@type":"ListItem","position":3,"name":"Gel hydratant \u00e0 l&rsquo;aloe vera biologique pur"}]},{"@type":"WebSite","@id":"https:\/\/dev.desarrolloproyectoswp.com\/fr\/#website","url":"https:\/\/dev.desarrolloproyectoswp.com\/fr\/","name":"La Belleza del Alma","description":"Belleza Org\u00e1nica y Cosm\u00e9tica Vegana","potentialAction":[{"@type":"SearchAction","target":{"@type":"EntryPoint","urlTemplate":"https:\/\/dev.desarrolloproyectoswp.com\/fr\/?s={search_term_string}"},"query-input":{"@type":"PropertyValueSpecification","valueRequired":true,"valueName":"search_term_string"}}],"inLanguage":"fr-FR"}]}},"brands":[{"id":41,"name":"La Belleza del Alma","slug":"la-belleza-del-alma"}],"_links":{"self":[{"href":"https:\/\/dev.desarrolloproyectoswp.com\/fr\/wp-json\/wp\/v2\/product\/2164","targetHints":{"allow":["GET"]}}],"collection":[{"href":"https:\/\/dev.desarrolloproyectoswp.com\/fr\/wp-json\/wp\/v2\/product"}],"about":[{"href":"https:\/\/dev.desarrolloproyectoswp.com\/fr\/wp-json\/wp\/v2\/types\/product"}],"version-history":[{"count":0,"href":"https:\/\/dev.desarrolloproyectoswp.com\/fr\/wp-json\/wp\/v2\/product\/2164\/revisions"}],"wp:featuredmedia":[{"embeddable":true,"href":"https:\/\/dev.desarrolloproyectoswp.com\/fr\/wp-json\/wp\/v2\/media\/1930"}],"wp:attachment":[{"href":"https:\/\/dev.desarrolloproyectoswp.com\/fr\/wp-json\/wp\/v2\/media?parent=2164"}],"wp:term":[{"taxonomy":"pwb-brand","embeddable":true,"href":"https:\/\/dev.desarrolloproyectoswp.com\/fr\/wp-json\/wp\/v2\/pwb-brand?post=2164"},{"taxonomy":"product_brand","embeddable":true,"href":"https:\/\/dev.desarrolloproyectoswp.com\/fr\/wp-json\/wp\/v2\/product_brand?post=2164"},{"taxonomy":"product_cat","embeddable":true,"href":"https:\/\/dev.desarrolloproyectoswp.com\/fr\/wp-json\/wp\/v2\/product_cat?post=2164"},{"taxonomy":"product_tag","embeddable":true,"href":"https:\/\/dev.desarrolloproyectoswp.com\/fr\/wp-json\/wp\/v2\/product_tag?post=2164"}],"curies":[{"name":"wp","href":"https:\/\/api.w.org\/{rel}","templated":true}]}}