{"id":2163,"date":"2024-06-10T17:12:23","date_gmt":"2024-06-10T15:12:23","guid":{"rendered":"https:\/\/dev.desarrolloproyectoswp.com\/producto\/crayon-a-sourcils-avec-brosse-colour-brown\/"},"modified":"2024-06-10T17:12:23","modified_gmt":"2024-06-10T15:12:23","slug":"crayon-a-sourcils-avec-brosse-colour-brown","status":"publish","type":"product","link":"https:\/\/dev.desarrolloproyectoswp.com\/fr\/producto\/crayon-a-sourcils-avec-brosse-colour-brown\/","title":{"rendered":"Crayon \u00e0 sourcils avec brosse Colour Brown"},"content":{"rendered":"<p>Crayon \u00e0 sourcils naturel avec brosse brune.<\/p>\n<ul>\n<li>Format : 1,13 grms.<\/li>\n<li>Certification BDIH.<\/li>\n<li>Sans conservateurs, colorants ou parfums de synth\u00e8se.<\/li>\n<li>Exempt d&rsquo;huiles min\u00e9rales d\u00e9riv\u00e9es du p\u00e9trole.<\/li>\n<li>Non test\u00e9 sur les animaux.<\/li>\n<li>V\u00e9g\u00e9talien<\/li>\n<\/ul>\n","protected":false},"excerpt":{"rendered":"<p>Crayon \u00e0 sourcils naturel, doux et facile \u00e0 appliquer, ingr\u00e9dients respectueux de la peau, n&rsquo;irrite pas la peau. Couleur : brun<\/p>\n","protected":false},"featured_media":1972,"template":"","meta":[],"pwb-brand":[41],"product_brand":[],"product_cat":[76,77],"product_tag":[78],"class_list":{"0":"post-2163","1":"product","2":"type-product","3":"status-publish","4":"has-post-thumbnail","6":"pwb-brand-la-belleza-del-alma","7":"product_cat-epilation-par-fil","8":"product_cat-maquillage-vegetalien","9":"product_tag-vegetalien","11":"first","12":"instock","13":"taxable","14":"shipping-taxable","15":"purchasable","16":"product-type-simple"},"yoast_head":"<!-- This site is optimized with the Yoast SEO plugin v27.3 - https:\/\/yoast.com\/product\/yoast-seo-wordpress\/ -->\n<title>Crayon \u00e0 sourcils avec brosse Colour Brown - La Belleza del Alma<\/title>\n<meta name=\"description\" content=\"Crayon \u00e0 sourcils avec brosse : naturel, doux et facile \u00e0 appliquer, ingr\u00e9dients respectueux de la peau, n&#039;irrite pas la peau. Couleur Marron ;\" \/>\n<meta name=\"robots\" content=\"index, follow, max-snippet:-1, max-image-preview:large, max-video-preview:-1\" \/>\n<link rel=\"canonical\" href=\"https:\/\/dev.desarrolloproyectoswp.com\/fr\/producto\/crayon-a-sourcils-avec-brosse-colour-brown\/\" \/>\n<meta property=\"og:locale\" content=\"fr_FR\" \/>\n<meta property=\"og:type\" content=\"article\" \/>\n<meta property=\"og:title\" content=\"Crayon \u00e0 sourcils avec brosse Colour Brown - La Belleza del Alma\" \/>\n<meta property=\"og:description\" content=\"Crayon \u00e0 sourcils avec brosse : naturel, doux et facile \u00e0 appliquer, ingr\u00e9dients respectueux de la peau, n&#039;irrite pas la peau. Couleur Marron ;\" \/>\n<meta property=\"og:url\" content=\"https:\/\/dev.desarrolloproyectoswp.com\/fr\/producto\/crayon-a-sourcils-avec-brosse-colour-brown\/\" \/>\n<meta property=\"og:site_name\" content=\"La Belleza del Alma\" \/>\n<meta property=\"article:publisher\" content=\"https:\/\/www.facebook.com\/vegancosmeticsbeauty\/\" \/>\n<meta property=\"og:image\" content=\"https:\/\/dev.desarrolloproyectoswp.com\/wp-content\/uploads\/2024\/06\/Lapiz-de-cejas-color-marron-Vegano_no-testado-en-animales_La-Belleza-del-Alma_maquillaje-ecologico-y-vegano_02.jpg\" \/>\n\t<meta property=\"og:image:width\" content=\"1500\" \/>\n\t<meta property=\"og:image:height\" content=\"1500\" \/>\n\t<meta property=\"og:image:type\" content=\"image\/jpeg\" \/>\n<meta name=\"twitter:card\" content=\"summary_large_image\" \/>\n<script type=\"application\/ld+json\" class=\"yoast-schema-graph\">{\"@context\":\"https:\\\/\\\/schema.org\",\"@graph\":[{\"@type\":\"WebPage\",\"@id\":\"https:\\\/\\\/dev.desarrolloproyectoswp.com\\\/fr\\\/producto\\\/crayon-a-sourcils-avec-brosse-colour-brown\\\/\",\"url\":\"https:\\\/\\\/dev.desarrolloproyectoswp.com\\\/fr\\\/producto\\\/crayon-a-sourcils-avec-brosse-colour-brown\\\/\",\"name\":\"Crayon \u00e0 sourcils avec brosse Colour Brown - La Belleza del Alma\",\"isPartOf\":{\"@id\":\"https:\\\/\\\/dev.desarrolloproyectoswp.com\\\/fr\\\/#website\"},\"primaryImageOfPage\":{\"@id\":\"https:\\\/\\\/dev.desarrolloproyectoswp.com\\\/fr\\\/producto\\\/crayon-a-sourcils-avec-brosse-colour-brown\\\/#primaryimage\"},\"image\":{\"@id\":\"https:\\\/\\\/dev.desarrolloproyectoswp.com\\\/fr\\\/producto\\\/crayon-a-sourcils-avec-brosse-colour-brown\\\/#primaryimage\"},\"thumbnailUrl\":\"https:\\\/\\\/dev.desarrolloproyectoswp.com\\\/wp-content\\\/uploads\\\/2024\\\/06\\\/Lapiz-de-cejas-color-marron-Vegano_no-testado-en-animales_La-Belleza-del-Alma_maquillaje-ecologico-y-vegano_02.jpg\",\"datePublished\":\"2024-06-10T15:12:23+00:00\",\"description\":\"Crayon \u00e0 sourcils avec brosse : naturel, doux et facile \u00e0 appliquer, ingr\u00e9dients respectueux de la peau, n'irrite pas la peau. Couleur Marron ;\",\"breadcrumb\":{\"@id\":\"https:\\\/\\\/dev.desarrolloproyectoswp.com\\\/fr\\\/producto\\\/crayon-a-sourcils-avec-brosse-colour-brown\\\/#breadcrumb\"},\"inLanguage\":\"fr-FR\",\"potentialAction\":[{\"@type\":\"ReadAction\",\"target\":[\"https:\\\/\\\/dev.desarrolloproyectoswp.com\\\/fr\\\/producto\\\/crayon-a-sourcils-avec-brosse-colour-brown\\\/\"]}]},{\"@type\":\"ImageObject\",\"inLanguage\":\"fr-FR\",\"@id\":\"https:\\\/\\\/dev.desarrolloproyectoswp.com\\\/fr\\\/producto\\\/crayon-a-sourcils-avec-brosse-colour-brown\\\/#primaryimage\",\"url\":\"https:\\\/\\\/dev.desarrolloproyectoswp.com\\\/wp-content\\\/uploads\\\/2024\\\/06\\\/Lapiz-de-cejas-color-marron-Vegano_no-testado-en-animales_La-Belleza-del-Alma_maquillaje-ecologico-y-vegano_02.jpg\",\"contentUrl\":\"https:\\\/\\\/dev.desarrolloproyectoswp.com\\\/wp-content\\\/uploads\\\/2024\\\/06\\\/Lapiz-de-cejas-color-marron-Vegano_no-testado-en-animales_La-Belleza-del-Alma_maquillaje-ecologico-y-vegano_02.jpg\",\"width\":1500,\"height\":1500,\"caption\":\"Crayon \u00e0 sourcils brun v\u00e9g\u00e9talien_Non test\u00e9 sur les animaux_La Belleza del Alma_Maquillage \u00e9cologique et v\u00e9g\u00e9talien\"},{\"@type\":\"BreadcrumbList\",\"@id\":\"https:\\\/\\\/dev.desarrolloproyectoswp.com\\\/fr\\\/producto\\\/crayon-a-sourcils-avec-brosse-colour-brown\\\/#breadcrumb\",\"itemListElement\":[{\"@type\":\"ListItem\",\"position\":1,\"name\":\"Portada\",\"item\":\"https:\\\/\\\/dev.desarrolloproyectoswp.com\\\/fr\\\/la-belleza-del-alma\\\/\"},{\"@type\":\"ListItem\",\"position\":2,\"name\":\"Boutique en ligne de produits v\u00e9g\u00e9taliens &#8211; La Belleza del Alma\",\"item\":\"https:\\\/\\\/dev.desarrolloproyectoswp.com\\\/fr\\\/boutique\\\/\"},{\"@type\":\"ListItem\",\"position\":3,\"name\":\"Crayon \u00e0 sourcils avec brosse Colour Brown\"}]},{\"@type\":\"WebSite\",\"@id\":\"https:\\\/\\\/dev.desarrolloproyectoswp.com\\\/fr\\\/#website\",\"url\":\"https:\\\/\\\/dev.desarrolloproyectoswp.com\\\/fr\\\/\",\"name\":\"La Belleza del Alma\",\"description\":\"Belleza Org\u00e1nica y Cosm\u00e9tica Vegana\",\"potentialAction\":[{\"@type\":\"SearchAction\",\"target\":{\"@type\":\"EntryPoint\",\"urlTemplate\":\"https:\\\/\\\/dev.desarrolloproyectoswp.com\\\/fr\\\/?s={search_term_string}\"},\"query-input\":{\"@type\":\"PropertyValueSpecification\",\"valueRequired\":true,\"valueName\":\"search_term_string\"}}],\"inLanguage\":\"fr-FR\"}]}<\/script>\n<!-- \/ Yoast SEO plugin. -->","yoast_head_json":{"title":"Crayon \u00e0 sourcils avec brosse Colour Brown - La Belleza del Alma","description":"Crayon \u00e0 sourcils avec brosse : naturel, doux et facile \u00e0 appliquer, ingr\u00e9dients respectueux de la peau, n'irrite pas la peau. Couleur Marron ;","robots":{"index":"index","follow":"follow","max-snippet":"max-snippet:-1","max-image-preview":"max-image-preview:large","max-video-preview":"max-video-preview:-1"},"canonical":"https:\/\/dev.desarrolloproyectoswp.com\/fr\/producto\/crayon-a-sourcils-avec-brosse-colour-brown\/","og_locale":"fr_FR","og_type":"article","og_title":"Crayon \u00e0 sourcils avec brosse Colour Brown - La Belleza del Alma","og_description":"Crayon \u00e0 sourcils avec brosse : naturel, doux et facile \u00e0 appliquer, ingr\u00e9dients respectueux de la peau, n'irrite pas la peau. Couleur Marron ;","og_url":"https:\/\/dev.desarrolloproyectoswp.com\/fr\/producto\/crayon-a-sourcils-avec-brosse-colour-brown\/","og_site_name":"La Belleza del Alma","article_publisher":"https:\/\/www.facebook.com\/vegancosmeticsbeauty\/","og_image":[{"width":1500,"height":1500,"url":"https:\/\/dev.desarrolloproyectoswp.com\/wp-content\/uploads\/2024\/06\/Lapiz-de-cejas-color-marron-Vegano_no-testado-en-animales_La-Belleza-del-Alma_maquillaje-ecologico-y-vegano_02.jpg","type":"image\/jpeg"}],"twitter_card":"summary_large_image","schema":{"@context":"https:\/\/schema.org","@graph":[{"@type":"WebPage","@id":"https:\/\/dev.desarrolloproyectoswp.com\/fr\/producto\/crayon-a-sourcils-avec-brosse-colour-brown\/","url":"https:\/\/dev.desarrolloproyectoswp.com\/fr\/producto\/crayon-a-sourcils-avec-brosse-colour-brown\/","name":"Crayon \u00e0 sourcils avec brosse Colour Brown - La Belleza del Alma","isPartOf":{"@id":"https:\/\/dev.desarrolloproyectoswp.com\/fr\/#website"},"primaryImageOfPage":{"@id":"https:\/\/dev.desarrolloproyectoswp.com\/fr\/producto\/crayon-a-sourcils-avec-brosse-colour-brown\/#primaryimage"},"image":{"@id":"https:\/\/dev.desarrolloproyectoswp.com\/fr\/producto\/crayon-a-sourcils-avec-brosse-colour-brown\/#primaryimage"},"thumbnailUrl":"https:\/\/dev.desarrolloproyectoswp.com\/wp-content\/uploads\/2024\/06\/Lapiz-de-cejas-color-marron-Vegano_no-testado-en-animales_La-Belleza-del-Alma_maquillaje-ecologico-y-vegano_02.jpg","datePublished":"2024-06-10T15:12:23+00:00","description":"Crayon \u00e0 sourcils avec brosse : naturel, doux et facile \u00e0 appliquer, ingr\u00e9dients respectueux de la peau, n'irrite pas la peau. Couleur Marron ;","breadcrumb":{"@id":"https:\/\/dev.desarrolloproyectoswp.com\/fr\/producto\/crayon-a-sourcils-avec-brosse-colour-brown\/#breadcrumb"},"inLanguage":"fr-FR","potentialAction":[{"@type":"ReadAction","target":["https:\/\/dev.desarrolloproyectoswp.com\/fr\/producto\/crayon-a-sourcils-avec-brosse-colour-brown\/"]}]},{"@type":"ImageObject","inLanguage":"fr-FR","@id":"https:\/\/dev.desarrolloproyectoswp.com\/fr\/producto\/crayon-a-sourcils-avec-brosse-colour-brown\/#primaryimage","url":"https:\/\/dev.desarrolloproyectoswp.com\/wp-content\/uploads\/2024\/06\/Lapiz-de-cejas-color-marron-Vegano_no-testado-en-animales_La-Belleza-del-Alma_maquillaje-ecologico-y-vegano_02.jpg","contentUrl":"https:\/\/dev.desarrolloproyectoswp.com\/wp-content\/uploads\/2024\/06\/Lapiz-de-cejas-color-marron-Vegano_no-testado-en-animales_La-Belleza-del-Alma_maquillaje-ecologico-y-vegano_02.jpg","width":1500,"height":1500,"caption":"Crayon \u00e0 sourcils brun v\u00e9g\u00e9talien_Non test\u00e9 sur les animaux_La Belleza del Alma_Maquillage \u00e9cologique et v\u00e9g\u00e9talien"},{"@type":"BreadcrumbList","@id":"https:\/\/dev.desarrolloproyectoswp.com\/fr\/producto\/crayon-a-sourcils-avec-brosse-colour-brown\/#breadcrumb","itemListElement":[{"@type":"ListItem","position":1,"name":"Portada","item":"https:\/\/dev.desarrolloproyectoswp.com\/fr\/la-belleza-del-alma\/"},{"@type":"ListItem","position":2,"name":"Boutique en ligne de produits v\u00e9g\u00e9taliens &#8211; La Belleza del Alma","item":"https:\/\/dev.desarrolloproyectoswp.com\/fr\/boutique\/"},{"@type":"ListItem","position":3,"name":"Crayon \u00e0 sourcils avec brosse Colour Brown"}]},{"@type":"WebSite","@id":"https:\/\/dev.desarrolloproyectoswp.com\/fr\/#website","url":"https:\/\/dev.desarrolloproyectoswp.com\/fr\/","name":"La Belleza del Alma","description":"Belleza Org\u00e1nica y Cosm\u00e9tica Vegana","potentialAction":[{"@type":"SearchAction","target":{"@type":"EntryPoint","urlTemplate":"https:\/\/dev.desarrolloproyectoswp.com\/fr\/?s={search_term_string}"},"query-input":{"@type":"PropertyValueSpecification","valueRequired":true,"valueName":"search_term_string"}}],"inLanguage":"fr-FR"}]}},"brands":[{"id":41,"name":"La Belleza del Alma","slug":"la-belleza-del-alma"}],"_links":{"self":[{"href":"https:\/\/dev.desarrolloproyectoswp.com\/fr\/wp-json\/wp\/v2\/product\/2163","targetHints":{"allow":["GET"]}}],"collection":[{"href":"https:\/\/dev.desarrolloproyectoswp.com\/fr\/wp-json\/wp\/v2\/product"}],"about":[{"href":"https:\/\/dev.desarrolloproyectoswp.com\/fr\/wp-json\/wp\/v2\/types\/product"}],"version-history":[{"count":0,"href":"https:\/\/dev.desarrolloproyectoswp.com\/fr\/wp-json\/wp\/v2\/product\/2163\/revisions"}],"wp:featuredmedia":[{"embeddable":true,"href":"https:\/\/dev.desarrolloproyectoswp.com\/fr\/wp-json\/wp\/v2\/media\/1972"}],"wp:attachment":[{"href":"https:\/\/dev.desarrolloproyectoswp.com\/fr\/wp-json\/wp\/v2\/media?parent=2163"}],"wp:term":[{"taxonomy":"pwb-brand","embeddable":true,"href":"https:\/\/dev.desarrolloproyectoswp.com\/fr\/wp-json\/wp\/v2\/pwb-brand?post=2163"},{"taxonomy":"product_brand","embeddable":true,"href":"https:\/\/dev.desarrolloproyectoswp.com\/fr\/wp-json\/wp\/v2\/product_brand?post=2163"},{"taxonomy":"product_cat","embeddable":true,"href":"https:\/\/dev.desarrolloproyectoswp.com\/fr\/wp-json\/wp\/v2\/product_cat?post=2163"},{"taxonomy":"product_tag","embeddable":true,"href":"https:\/\/dev.desarrolloproyectoswp.com\/fr\/wp-json\/wp\/v2\/product_tag?post=2163"}],"curies":[{"name":"wp","href":"https:\/\/api.w.org\/{rel}","templated":true}]}}