{"id":2067,"date":"2023-12-04T16:15:26","date_gmt":"2023-12-04T15:15:26","guid":{"rendered":"https:\/\/dev.desarrolloproyectoswp.com\/politique-de-confidentialite\/"},"modified":"2024-07-01T16:19:14","modified_gmt":"2024-07-01T14:19:14","slug":"politique-de-confidentialite","status":"publish","type":"page","link":"https:\/\/dev.desarrolloproyectoswp.com\/fr\/politique-de-confidentialite\/","title":{"rendered":"Politique de confidentialit\u00e9 ;"},"content":{"rendered":"\t\t<div data-elementor-type=\"wp-page\" data-elementor-id=\"2067\" class=\"elementor elementor-2067 elementor-176\" data-elementor-post-type=\"page\">\n\t\t\t\t<div class=\"elementor-element elementor-element-7cd8299 e-flex e-con-boxed e-con e-parent\" data-id=\"7cd8299\" data-element_type=\"container\" data-e-type=\"container\">\n\t\t\t\t\t<div class=\"e-con-inner\">\n\t\t\t\t<div class=\"elementor-element elementor-element-7dafed2 elementor-widget elementor-widget-heading\" data-id=\"7dafed2\" data-element_type=\"widget\" data-e-type=\"widget\" data-widget_type=\"heading.default\">\n\t\t\t\t<div class=\"elementor-widget-container\">\n\t\t\t\t\t<h1 class=\"elementor-heading-title elementor-size-default\">Politique de confidentialit\u00e9 ;<\/h1>\t\t\t\t<\/div>\n\t\t\t\t<\/div>\n\t\t\t\t<div class=\"elementor-element elementor-element-d0bcfda elementor-widget elementor-widget-text-editor\" data-id=\"d0bcfda\" data-element_type=\"widget\" data-e-type=\"widget\" data-widget_type=\"text-editor.default\">\n\t\t\t\t<div class=\"elementor-widget-container\">\n\t\t\t\t\t\t\t\t\t<p>Conform\u00e9ment \u00e0 la loi organique 3\/2018, du 5 d\u00e9cembre, sur la protection des donn\u00e9es \u00e0 caract\u00e8re personnel et la garantie des droits num\u00e9riques LOPDGDDD et son r\u00e8glement d&rsquo;application (RGPD) (UE) 2016\/679, nous vous informons de ce qui suit :<\/p>\n<p><strong> <\/strong><strong>QUI EST LE RESPONSABLE DU TRAITEMENT DES DONN\u00c9ES ?<\/strong><\/p>\n<p>La d\u00e9finition du responsable du traitement est d\u00e9crite dans la <strong>LOPDGDD<\/strong> <strong>et son r\u00e8glement d&rsquo;application (RGPD)<\/strong>, et est la suivante :<\/p>\n<p>Contr\u00f4leur ou responsable du traitement : la personne physique ou morale, l&rsquo;autorit\u00e9 publique, le service ou un autre organisme qui, seul ou conjointement avec d&rsquo;autres, d\u00e9termine les finalit\u00e9s et les moyens du traitement.<\/p>\n<p>Sa raison sociale est : BEAUTE MORALES CUMBRERAS, S.L.U.<br \/>Votre nom commercial : \u00a9 La Belleza del Alma<br \/>Votre num\u00e9ro de TVA : B87499661<br \/>Votre adresse postale : Lugar las Lomas, 322 de Alhaurin el Grande 29130 (Malaga)<br \/>Votre t\u00e9l\u00e9phone: <a href=\"tel:915218830\">915 218 830<\/a><br \/>Votre adresse \u00e9lectronique: <a href=\"mailto:info@labellezadelalama.es\">info@labellezadelalama.es<\/a><\/p>\n<p><strong>\u00c0 quelles fins traitons-nous vos donn\u00e9es personnelles ?<\/strong><\/p>\n<p><strong>En \u00a9 La Belleza del Alma<\/strong><strong>nous traiterons les donn\u00e9es personnelles collect\u00e9es par le biais du site Web : https:\/\/dev.desarrolloproyectoswp.com\/, aux fins suivantes :<\/strong><\/p>\n<ol>\n<li>En cas de conclusion d&rsquo;un contrat portant sur les biens et services offerts, pour maintenir la relation contractuelle, ainsi que pour la gestion, l&rsquo;administration, l&rsquo;information, la fourniture et l&rsquo;am\u00e9lioration du service.<\/li>\n<li>Envoi des informations demand\u00e9es dans les formulaires.<\/li>\n<\/ol>\n<p>Nous vous rappelons que vous pouvez vous opposer \u00e0 l&rsquo;envoi de communications commerciales par tout moyen et \u00e0 tout moment en envoyant un courrier \u00e9lectronique \u00e0 l&rsquo;adresse du responsable du traitement indiqu\u00e9e ci-dessus. Les champs de ces enregistrements doivent \u00eatre remplis et il sera impossible d&rsquo;atteindre les objectifs exprim\u00e9s si ces donn\u00e9es ne sont pas fournies. <\/p>\n<p><strong>Combien de temps conserverons-nous vos donn\u00e9es ?<\/strong><\/p>\n<p>Les donn\u00e9es personnelles fournies seront conserv\u00e9es aussi longtemps que la relation commerciale est maintenue ou que vous ne demandez pas leur suppression et pendant la p\u00e9riode au cours de laquelle des responsabilit\u00e9s l\u00e9gales peuvent d\u00e9couler des services fournis.<\/p>\n<p><strong>Quelle est la l\u00e9gitimit\u00e9 du traitement de vos donn\u00e9es ?<\/strong><\/p>\n<p>La base juridique du traitement de vos donn\u00e9es est la fourniture du service ou la r\u00e9ponse aux demandes de renseignements formul\u00e9es par la personne concern\u00e9e.<\/p>\n<p>Le traitement de vos donn\u00e9es est effectu\u00e9 sur les bases juridiques suivantes :<\/p>\n<ol>\n<li>La demande d&rsquo;information et\/ou l&rsquo;engagement des services de \u00a9 La Belleza del Alma, dont les conditions g\u00e9n\u00e9rales vous seront communiqu\u00e9es dans tous les cas, avant tout engagement \u00e9ventuel.<\/li>\n<li>Consentement libre, sp\u00e9cifique, \u00e9clair\u00e9 et sans \u00e9quivoque, dans la mesure o\u00f9 nous vous informons en mettant \u00e0 votre disposition la pr\u00e9sente politique de protection de la vie priv\u00e9e, que vous pouvez accepter, apr\u00e8s l&rsquo;avoir lue, au moyen d&rsquo;une d\u00e9claration ou d&rsquo;une action affirmative claire, par exemple en cochant une case pr\u00e9vue \u00e0 cet effet.<\/li>\n<\/ol>\n<p>Si vous ne nous fournissez pas vos donn\u00e9es ou si vous les fournissez de mani\u00e8re incorrecte ou incompl\u00e8te, nous ne pourrons pas donner suite \u00e0 votre demande, ce qui rendra totalement impossible la fourniture des informations demand\u00e9es ou l&rsquo;ex\u00e9cution du contrat de services.<\/p>\n<p><strong>\u00c0 quels destinataires vos donn\u00e9es seront-elles communiqu\u00e9es ?<\/strong><\/p>\n<p>Vos donn\u00e9es ne seront pas transmises \u00e0 des tiers en dehors de \u00a9 La Belleza del Alma, sauf en cas d&rsquo;obligation l\u00e9gale, et nous les traiterons sur la base de votre consentement.<\/p>\n<p><strong>Quels sont vos droits lorsque vous nous fournissez vos donn\u00e9es ?<\/strong><\/p>\n<p>Toute personne a le droit d&rsquo;obtenir la confirmation que nous traitons ou non des donn\u00e9es \u00e0 caract\u00e8re personnel la concernant.<\/p>\n<p>Les personnes int\u00e9ress\u00e9es ont le droit d&rsquo;acc\u00e9der \u00e0 leurs donn\u00e9es personnelles, ainsi que de demander la rectification des donn\u00e9es inexactes ou, le cas \u00e9ch\u00e9ant, de demander leur suppression lorsque, entre autres raisons, les donn\u00e9es ne sont plus n\u00e9cessaires aux fins pour lesquelles elles ont \u00e9t\u00e9 collect\u00e9es.<\/p>\n<p>Dans certaines circonstances, les personnes concern\u00e9es peuvent nous demander de limiter le traitement de leurs donn\u00e9es, auquel cas nous ne conserverons les donn\u00e9es que dans le but d&rsquo;exercer ou de d\u00e9fendre des r\u00e9clamations.<\/p>\n<p>Les personnes concern\u00e9es peuvent, \u00e0 leur tour et pour des raisons tenant \u00e0 leur situation particuli\u00e8re, s&rsquo;opposer au traitement de leurs donn\u00e9es. Dans ce cas, nous cesserons de traiter les donn\u00e9es, sauf pour des raisons l\u00e9gitimes imp\u00e9rieuses, ou pour l&rsquo;exercice ou la d\u00e9fense d&rsquo;\u00e9ventuelles r\u00e9clamations. <\/p>\n<p>Nous vous informons \u00e9galement de votre droit \u00e0 la protection par l&rsquo;autorit\u00e9 de protection des donn\u00e9es, www.agpd.es.<\/p>\n<p><strong>Comment avons-nous obtenu vos donn\u00e9es ?<\/strong><\/p>\n<p>Les donn\u00e9es personnelles que nous traitons proviennent de la personne concern\u00e9e ou de son repr\u00e9sentant l\u00e9gal.<\/p>\n<p>Lorsque vous nous \u00e9crivez via le formulaire de contact du site web : https:\/\/dev.desarrolloproyectoswp.com\/, ceux-ci seront inclus dans une base de donn\u00e9es automatis\u00e9e.<\/p>\n<p>En cochant la case, les utilisateurs acceptent express\u00e9ment, librement et sans \u00e9quivoque que leurs donn\u00e9es personnelles soient trait\u00e9es par le fournisseur afin de r\u00e9pondre aux demandes formul\u00e9es.<\/p>\n<p>Le fournisseur informe et garantit express\u00e9ment aux utilisateurs que leurs donn\u00e9es personnelles ne seront en aucun cas c\u00e9d\u00e9es \u00e0 des soci\u00e9t\u00e9s tierces non impliqu\u00e9es dans la fourniture du service et que tout type de cession de donn\u00e9es personnelles sera soumis au pr\u00e9alable au consentement explicite, inform\u00e9 et sans \u00e9quivoque des propri\u00e9taires.<\/p>\n<p><strong>Toutes les donn\u00e9es demand\u00e9es par l&rsquo;interm\u00e9diaire du site web sont obligatoires, car elles sont n\u00e9cessaires \u00e0 la fourniture d&rsquo;un service optimal \u00e0 l&rsquo;utilisateur. Si toutes les donn\u00e9es ne sont pas fournies, le fournisseur ne garantit pas que les informations et les services fournis seront parfaitement adapt\u00e9s \u00e0 vos besoins. <\/strong><\/p>\n<p>L&rsquo;utilisateur peut se d\u00e9sabonner de tout service d&rsquo;abonnement fourni en envoyant un courrier \u00e9lectronique \u00e0 <a href=\"mailto:info@labellezadelalama.es\">info@labellezadelalama.es<\/a> en indiquant UNSUBSCRIBE dans la ligne d&rsquo;objet. <\/p>\n<p>De m\u00eame, le fournisseur a adopt\u00e9 toutes les mesures techniques et organisationnelles n\u00e9cessaires pour garantir la s\u00e9curit\u00e9 et l&rsquo;int\u00e9grit\u00e9 des donn\u00e9es \u00e0 caract\u00e8re personnel qu&rsquo;il traite, ainsi que pour \u00e9viter leur perte, leur alt\u00e9ration et\/ou leur acc\u00e8s par des tiers non autoris\u00e9s.<\/p>\n<p><strong>Les cat\u00e9gories de donn\u00e9es trait\u00e9es sont les suivantes :<\/strong><\/p>\n<p>Donn\u00e9es d&rsquo;identification, adresses postale ou \u00e9lectronique, num\u00e9ros de t\u00e9l\u00e9phone, et toute autre donn\u00e9e que l&rsquo;utilisateur souhaite fournir librement, m\u00eame si elle n&rsquo;est pas obligatoire.<\/p>\n\t\t\t\t\t\t\t\t<\/div>\n\t\t\t\t<\/div>\n\t\t\t\t\t<\/div>\n\t\t\t\t<\/div>\n\t\t\t\t<\/div>\n\t\t","protected":false},"excerpt":{"rendered":"<p>Politique de confidentialit\u00e9 ; Conform\u00e9ment \u00e0 la loi organique 3\/2018, du 5 d\u00e9cembre, sur la protection des donn\u00e9es \u00e0 caract\u00e8re personnel et la garantie des droits num\u00e9riques LOPDGDDD et son r\u00e8glement d&rsquo;application (RGPD) (UE) 2016\/679, nous vous informons de ce qui suit : QUI EST LE RESPONSABLE DU TRAITEMENT DES DONN\u00c9ES ? La d\u00e9finition du &#8230; <a title=\"Politique de confidentialit\u00e9 ;\" class=\"read-more\" href=\"https:\/\/dev.desarrolloproyectoswp.com\/fr\/politique-de-confidentialite\/\" aria-label=\"En savoir plus sur Politique de confidentialit\u00e9 ;\">Lire la suite<\/a><\/p>\n","protected":false},"author":4,"featured_media":0,"parent":0,"menu_order":0,"comment_status":"closed","ping_status":"closed","template":"elementor_header_footer","meta":{"footnotes":""},"class_list":["post-2067","page","type-page","status-publish"],"yoast_head":"<!-- This site is optimized with the Yoast SEO plugin v27.3 - https:\/\/yoast.com\/product\/yoast-seo-wordpress\/ -->\n<title>Politique de confidentialit\u00e9 ; - La Belleza del Alma<\/title>\n<meta name=\"robots\" content=\"noindex, nofollow\" \/>\n<meta property=\"og:locale\" content=\"fr_FR\" \/>\n<meta property=\"og:type\" content=\"article\" \/>\n<meta property=\"og:title\" content=\"Politique de confidentialit\u00e9 ; - La Belleza del Alma\" \/>\n<meta property=\"og:description\" content=\"Politique de confidentialit\u00e9 ; Conform\u00e9ment \u00e0 la loi organique 3\/2018, du 5 d\u00e9cembre, sur la protection des donn\u00e9es \u00e0 caract\u00e8re personnel et la garantie des droits num\u00e9riques LOPDGDDD et son r\u00e8glement d&rsquo;application (RGPD) (UE) 2016\/679, nous vous informons de ce qui suit : QUI EST LE RESPONSABLE DU TRAITEMENT DES DONN\u00c9ES ? La d\u00e9finition du ... Lire la suite\" \/>\n<meta property=\"og:url\" content=\"https:\/\/dev.desarrolloproyectoswp.com\/fr\/politique-de-confidentialite\/\" \/>\n<meta property=\"og:site_name\" content=\"La Belleza del Alma\" \/>\n<meta property=\"article:publisher\" content=\"https:\/\/www.facebook.com\/vegancosmeticsbeauty\/\" \/>\n<meta property=\"article:modified_time\" content=\"2024-07-01T14:19:14+00:00\" \/>\n<meta name=\"twitter:card\" content=\"summary_large_image\" \/>\n<meta name=\"twitter:label1\" content=\"Dur\u00e9e de lecture estim\u00e9e\" \/>\n\t<meta name=\"twitter:data1\" content=\"5 minutes\" \/>\n<script type=\"application\/ld+json\" class=\"yoast-schema-graph\">{\"@context\":\"https:\\\/\\\/schema.org\",\"@graph\":[{\"@type\":\"WebPage\",\"@id\":\"https:\\\/\\\/dev.desarrolloproyectoswp.com\\\/fr\\\/politique-de-confidentialite\\\/\",\"url\":\"https:\\\/\\\/dev.desarrolloproyectoswp.com\\\/fr\\\/politique-de-confidentialite\\\/\",\"name\":\"Politique de confidentialit\u00e9 ; - La Belleza del Alma\",\"isPartOf\":{\"@id\":\"https:\\\/\\\/dev.desarrolloproyectoswp.com\\\/fr\\\/#website\"},\"datePublished\":\"2023-12-04T15:15:26+00:00\",\"dateModified\":\"2024-07-01T14:19:14+00:00\",\"breadcrumb\":{\"@id\":\"https:\\\/\\\/dev.desarrolloproyectoswp.com\\\/fr\\\/politique-de-confidentialite\\\/#breadcrumb\"},\"inLanguage\":\"fr-FR\",\"potentialAction\":[{\"@type\":\"ReadAction\",\"target\":[\"https:\\\/\\\/dev.desarrolloproyectoswp.com\\\/fr\\\/politique-de-confidentialite\\\/\"]}]},{\"@type\":\"BreadcrumbList\",\"@id\":\"https:\\\/\\\/dev.desarrolloproyectoswp.com\\\/fr\\\/politique-de-confidentialite\\\/#breadcrumb\",\"itemListElement\":[{\"@type\":\"ListItem\",\"position\":1,\"name\":\"Portada\",\"item\":\"https:\\\/\\\/dev.desarrolloproyectoswp.com\\\/fr\\\/la-belleza-del-alma\\\/\"},{\"@type\":\"ListItem\",\"position\":2,\"name\":\"Politique de confidentialit\u00e9 ;\"}]},{\"@type\":\"WebSite\",\"@id\":\"https:\\\/\\\/dev.desarrolloproyectoswp.com\\\/fr\\\/#website\",\"url\":\"https:\\\/\\\/dev.desarrolloproyectoswp.com\\\/fr\\\/\",\"name\":\"La Belleza del Alma\",\"description\":\"Belleza Org\u00e1nica y Cosm\u00e9tica Vegana\",\"potentialAction\":[{\"@type\":\"SearchAction\",\"target\":{\"@type\":\"EntryPoint\",\"urlTemplate\":\"https:\\\/\\\/dev.desarrolloproyectoswp.com\\\/fr\\\/?s={search_term_string}\"},\"query-input\":{\"@type\":\"PropertyValueSpecification\",\"valueRequired\":true,\"valueName\":\"search_term_string\"}}],\"inLanguage\":\"fr-FR\"}]}<\/script>\n<!-- \/ Yoast SEO plugin. -->","yoast_head_json":{"title":"Politique de confidentialit\u00e9 ; - La Belleza del Alma","robots":{"index":"noindex","follow":"nofollow"},"og_locale":"fr_FR","og_type":"article","og_title":"Politique de confidentialit\u00e9 ; - La Belleza del Alma","og_description":"Politique de confidentialit\u00e9 ; Conform\u00e9ment \u00e0 la loi organique 3\/2018, du 5 d\u00e9cembre, sur la protection des donn\u00e9es \u00e0 caract\u00e8re personnel et la garantie des droits num\u00e9riques LOPDGDDD et son r\u00e8glement d&rsquo;application (RGPD) (UE) 2016\/679, nous vous informons de ce qui suit : QUI EST LE RESPONSABLE DU TRAITEMENT DES DONN\u00c9ES ? La d\u00e9finition du ... Lire la suite","og_url":"https:\/\/dev.desarrolloproyectoswp.com\/fr\/politique-de-confidentialite\/","og_site_name":"La Belleza del Alma","article_publisher":"https:\/\/www.facebook.com\/vegancosmeticsbeauty\/","article_modified_time":"2024-07-01T14:19:14+00:00","twitter_card":"summary_large_image","twitter_misc":{"Dur\u00e9e de lecture estim\u00e9e":"5 minutes"},"schema":{"@context":"https:\/\/schema.org","@graph":[{"@type":"WebPage","@id":"https:\/\/dev.desarrolloproyectoswp.com\/fr\/politique-de-confidentialite\/","url":"https:\/\/dev.desarrolloproyectoswp.com\/fr\/politique-de-confidentialite\/","name":"Politique de confidentialit\u00e9 ; - La Belleza del Alma","isPartOf":{"@id":"https:\/\/dev.desarrolloproyectoswp.com\/fr\/#website"},"datePublished":"2023-12-04T15:15:26+00:00","dateModified":"2024-07-01T14:19:14+00:00","breadcrumb":{"@id":"https:\/\/dev.desarrolloproyectoswp.com\/fr\/politique-de-confidentialite\/#breadcrumb"},"inLanguage":"fr-FR","potentialAction":[{"@type":"ReadAction","target":["https:\/\/dev.desarrolloproyectoswp.com\/fr\/politique-de-confidentialite\/"]}]},{"@type":"BreadcrumbList","@id":"https:\/\/dev.desarrolloproyectoswp.com\/fr\/politique-de-confidentialite\/#breadcrumb","itemListElement":[{"@type":"ListItem","position":1,"name":"Portada","item":"https:\/\/dev.desarrolloproyectoswp.com\/fr\/la-belleza-del-alma\/"},{"@type":"ListItem","position":2,"name":"Politique de confidentialit\u00e9 ;"}]},{"@type":"WebSite","@id":"https:\/\/dev.desarrolloproyectoswp.com\/fr\/#website","url":"https:\/\/dev.desarrolloproyectoswp.com\/fr\/","name":"La Belleza del Alma","description":"Belleza Org\u00e1nica y Cosm\u00e9tica Vegana","potentialAction":[{"@type":"SearchAction","target":{"@type":"EntryPoint","urlTemplate":"https:\/\/dev.desarrolloproyectoswp.com\/fr\/?s={search_term_string}"},"query-input":{"@type":"PropertyValueSpecification","valueRequired":true,"valueName":"search_term_string"}}],"inLanguage":"fr-FR"}]}},"_links":{"self":[{"href":"https:\/\/dev.desarrolloproyectoswp.com\/fr\/wp-json\/wp\/v2\/pages\/2067","targetHints":{"allow":["GET"]}}],"collection":[{"href":"https:\/\/dev.desarrolloproyectoswp.com\/fr\/wp-json\/wp\/v2\/pages"}],"about":[{"href":"https:\/\/dev.desarrolloproyectoswp.com\/fr\/wp-json\/wp\/v2\/types\/page"}],"author":[{"embeddable":true,"href":"https:\/\/dev.desarrolloproyectoswp.com\/fr\/wp-json\/wp\/v2\/users\/4"}],"replies":[{"embeddable":true,"href":"https:\/\/dev.desarrolloproyectoswp.com\/fr\/wp-json\/wp\/v2\/comments?post=2067"}],"version-history":[{"count":0,"href":"https:\/\/dev.desarrolloproyectoswp.com\/fr\/wp-json\/wp\/v2\/pages\/2067\/revisions"}],"wp:attachment":[{"href":"https:\/\/dev.desarrolloproyectoswp.com\/fr\/wp-json\/wp\/v2\/media?parent=2067"}],"curies":[{"name":"wp","href":"https:\/\/api.w.org\/{rel}","templated":true}]}}