{"id":2065,"date":"2024-06-11T13:09:00","date_gmt":"2024-06-11T11:09:00","guid":{"rendered":"https:\/\/dev.desarrolloproyectoswp.com\/politique-de-retour-et-de-remboursement\/"},"modified":"2024-07-01T16:18:18","modified_gmt":"2024-07-01T14:18:18","slug":"politique-de-retour-et-de-remboursement","status":"publish","type":"page","link":"https:\/\/dev.desarrolloproyectoswp.com\/fr\/politique-de-retour-et-de-remboursement\/","title":{"rendered":"Politique de retour et de remboursement"},"content":{"rendered":"\t\t<div data-elementor-type=\"wp-page\" data-elementor-id=\"2065\" class=\"elementor elementor-2065 elementor-298\" data-elementor-post-type=\"page\">\n\t\t\t\t<div class=\"elementor-element elementor-element-5c67d1c e-flex e-con-boxed e-con e-parent\" data-id=\"5c67d1c\" data-element_type=\"container\" data-e-type=\"container\">\n\t\t\t\t\t<div class=\"e-con-inner\">\n\t\t\t\t<div class=\"elementor-element elementor-element-5182d07 elementor-widget elementor-widget-heading\" data-id=\"5182d07\" data-element_type=\"widget\" data-e-type=\"widget\" data-widget_type=\"heading.default\">\n\t\t\t\t<div class=\"elementor-widget-container\">\n\t\t\t\t\t<h1 class=\"elementor-heading-title elementor-size-default\">Politique de retour, de paiement et d'exp\u00e9dition<\/h1>\t\t\t\t<\/div>\n\t\t\t\t<\/div>\n\t\t\t\t<div class=\"elementor-element elementor-element-2920cc4 elementor-widget elementor-widget-text-editor\" data-id=\"2920cc4\" data-element_type=\"widget\" data-e-type=\"widget\" data-widget_type=\"text-editor.default\">\n\t\t\t\t<div class=\"elementor-widget-container\">\n\t\t\t\t\t\t\t\t\t<p><strong>POLITIQUE DE RETOUR<\/strong><\/p>\n<p>Les retours de produits sont autoris\u00e9s dans un d\u00e9lai de 7 jours \u00e0 compter de la date de r\u00e9ception de la marchandise, \u00e0 condition que l&rsquo;article soit en parfait \u00e9tat, que la bo\u00eete et le contenu des produits soient intacts, en parfait \u00e9tat, avec le sceau de garantie, etc. et qu&rsquo;ils soient renvoy\u00e9s correctement prot\u00e9g\u00e9s et emball\u00e9s. Les frais d&rsquo;exp\u00e9dition et de retour sont \u00e0 la charge du client. Nous n&rsquo;acceptons pas les retours de produits ouverts ou utilis\u00e9s. D\u00e8s r\u00e9ception du produit en parfait \u00e9tat et dans son emballage d&rsquo;origine, \u00a9 La Belleza del Alma proc\u00e9dera au remboursement dans un d\u00e9lai maximum de 15 jours \u00e0 compter de la r\u00e9ception.   <\/p>\n<p>Si le produit ne correspond pas \u00e0 celui command\u00e9 ou arrive en mauvais \u00e9tat, La Belleza del Alma proc\u00e9dera \u00e0 l&rsquo;enl\u00e8vement du produit et au paiement du montant de la commande, \u00e0 condition que la notification soit faite dans un d\u00e9lai maximum de 48 heures \u00e0 compter de la r\u00e9ception de la marchandise.<\/p>\n<p>BEAUTE MORALES CUMBRERAS, S.L.U., Lugar las Lomas, 322 de Alhaurin el Grande 29130 (Malaga) \/ Tous droits r\u00e9serv\u00e9s<strong>.<\/strong><\/p>\n<p><strong>Coordonn\u00e9es de l&rsquo;entreprise :<\/strong><\/p>\n<p><strong> <\/strong>Sa raison sociale est : BEAUTE MORALES CUMBRERAS, S.L.U.<br \/>Votre nom commercial : \u00a9 La Belleza del Alma<br \/>Votre num\u00e9ro de TVA : B87499661<br \/>Votre adresse postale : Lugar las Lomas, 322 de Alhaurin el Grande 29130 (Malaga)<br \/>Votre t\u00e9l\u00e9phone: 915 218 830<br \/>Votre adresse \u00e9lectronique: <a href=\"mailto:info@labellezadelalama.es\">info@labellezadelalama.es<\/a><\/p>\n<p><strong>MODE DE PAIEMENT<\/strong><br \/>labellezadelalma.es est une boutique en ligne, dot\u00e9e d&rsquo;un syst\u00e8me de paiement virtuel totalement s\u00e9curis\u00e9, garanti par des banques accr\u00e9dit\u00e9es et des syst\u00e8mes internationaux de s\u00e9curit\u00e9 des sites web.<br \/>Vous pouvez payer via une passerelle de paiement s\u00e9curis\u00e9 par carte de cr\u00e9dit (POS virtuel) et via PayPal. <\/p>\n<p><strong>MODES DE PAIEMENT<\/strong><br \/>La commande ne quittera pas nos locaux tant que le paiement ne sera pas sur notre compte ou que nous n&rsquo;aurons pas re\u00e7u par courrier \u00e9lectronique une preuve de votre banque confirmant le paiement ;<br \/>Notre soci\u00e9t\u00e9 ne stocke pas les d\u00e9tails de votre carte et n&rsquo;y a pas acc\u00e8s \u00e0 tout moment, car cela se fait directement dans le syst\u00e8me de paiement virtuel de la banque. Nous vous recommandons de veiller \u00e0 la confidentialit\u00e9 de vos donn\u00e9es \u00e0 tout moment. <\/p>\n<p><strong>EXP\u00c9DITION<\/strong><br \/>www.labellezadelalma.es vous offre la possibilit\u00e9 de recevoir les produits achet\u00e9s directement \u00e0 votre domicile ou \u00e0 l&rsquo;endroit de votre choix. Nous travaillons avec la soci\u00e9t\u00e9 de messagerie ASM, s\u00e9lectionn\u00e9e selon des crit\u00e8res stricts de professionnalisme et de garantie pour nos clients. <br \/>Tous les envois sont assur\u00e9s, de sorte que le client ne court aucun risque et peut toujours recevoir ses produits en parfait \u00e9tat.<br \/>L&rsquo;ASM vous informera par SMS du d\u00e9lai de livraison de la commande. En cas de doute, vous pouvez appeler le num\u00e9ro de t\u00e9l\u00e9phone de l&rsquo;agence 91 282 02 02 70 qui vous informera de l&rsquo;\u00e9tat de votre commande. <br \/>Les commandes seront livr\u00e9es \u00e0 l&rsquo;adresse de livraison, et non \u00e0 l&rsquo;adresse de facturation, apr\u00e8s confirmation du paiement.<br \/>Le d\u00e9lai de livraison est de 24 heures pour l&rsquo;option ASM24 et de 48-72 heures pour l&rsquo;option ECONOMY, pour les commandes pass\u00e9es les jours ouvrables (du lundi au vendredi).<br \/>Une fois la commande pr\u00e9par\u00e9e et avant qu&rsquo;elle ne parte pour le transport, un e-mail sera envoy\u00e9 \u00e0 l&rsquo;adresse indiqu\u00e9e par le client pour l&rsquo;informer de l&rsquo;envoi de la commande.<br \/>Un maximum de 10 unit\u00e9s d&rsquo;un m\u00eame produit sera exp\u00e9di\u00e9 sans avis pr\u00e9alable du client et accord de notre part.<\/p>\n<p>BEAUTE MORALES CUMBRERAS, S.L.U., Lugar las Lomas, 322 de Alhaurin el Grande 29130 (Malaga) \/ Tous droits r\u00e9serv\u00e9s<strong>.<\/strong><\/p>\n<p><strong>Coordonn\u00e9es de l&rsquo;entreprise :<\/strong><\/p>\n<p><strong> <\/strong>Sa raison sociale est : BEAUTE MORALES CUMBRERAS, S.L.U.<br \/>Votre nom commercial : \u00a9 La Belleza del Alma<br \/>Votre num\u00e9ro de TVA : B87499661<br \/>Votre adresse postale : Lugar las Lomas, 322 de Alhaurin el Grande 29130 (Malaga)<br \/>Votre t\u00e9l\u00e9phone: 915 218 830<br \/>Votre adresse \u00e9lectronique: <a href=\"mailto:info@labellezadelalama.es\">info@labellezadelalama.es<\/a><\/p>\n\t\t\t\t\t\t\t\t<\/div>\n\t\t\t\t<\/div>\n\t\t\t\t\t<\/div>\n\t\t\t\t<\/div>\n\t\t\t\t<\/div>\n\t\t","protected":false},"excerpt":{"rendered":"<p>Politique de retour, de paiement et d&rsquo;exp\u00e9dition POLITIQUE DE RETOUR Les retours de produits sont autoris\u00e9s dans un d\u00e9lai de 7 jours \u00e0 compter de la date de r\u00e9ception de la marchandise, \u00e0 condition que l&rsquo;article soit en parfait \u00e9tat, que la bo\u00eete et le contenu des produits soient intacts, en parfait \u00e9tat, avec le &#8230; <a title=\"Politique de retour et de remboursement\" class=\"read-more\" href=\"https:\/\/dev.desarrolloproyectoswp.com\/fr\/politique-de-retour-et-de-remboursement\/\" aria-label=\"En savoir plus sur Politique de retour et de remboursement\">Lire la suite<\/a><\/p>\n","protected":false},"author":4,"featured_media":0,"parent":0,"menu_order":0,"comment_status":"closed","ping_status":"closed","template":"","meta":{"footnotes":""},"class_list":["post-2065","page","type-page","status-publish"],"yoast_head":"<!-- This site is optimized with the Yoast SEO plugin v27.3 - https:\/\/yoast.com\/product\/yoast-seo-wordpress\/ -->\n<title>Politique de retour et de remboursement - La Belleza del Alma<\/title>\n<meta name=\"robots\" content=\"noindex, follow\" \/>\n<meta property=\"og:locale\" content=\"fr_FR\" \/>\n<meta property=\"og:type\" content=\"article\" \/>\n<meta property=\"og:title\" content=\"Politique de retour et de remboursement - La Belleza del Alma\" \/>\n<meta property=\"og:description\" content=\"Politique de retour, de paiement et d&rsquo;exp\u00e9dition POLITIQUE DE RETOUR Les retours de produits sont autoris\u00e9s dans un d\u00e9lai de 7 jours \u00e0 compter de la date de r\u00e9ception de la marchandise, \u00e0 condition que l&rsquo;article soit en parfait \u00e9tat, que la bo\u00eete et le contenu des produits soient intacts, en parfait \u00e9tat, avec le ... Lire la suite\" \/>\n<meta property=\"og:url\" content=\"https:\/\/dev.desarrolloproyectoswp.com\/fr\/politique-de-retour-et-de-remboursement\/\" \/>\n<meta property=\"og:site_name\" content=\"La Belleza del Alma\" \/>\n<meta property=\"article:publisher\" content=\"https:\/\/www.facebook.com\/vegancosmeticsbeauty\/\" \/>\n<meta property=\"article:modified_time\" content=\"2024-07-01T14:18:18+00:00\" \/>\n<meta name=\"twitter:card\" content=\"summary_large_image\" \/>\n<meta name=\"twitter:label1\" content=\"Dur\u00e9e de lecture estim\u00e9e\" \/>\n\t<meta name=\"twitter:data1\" content=\"3 minutes\" \/>\n<script type=\"application\/ld+json\" class=\"yoast-schema-graph\">{\"@context\":\"https:\\\/\\\/schema.org\",\"@graph\":[{\"@type\":\"WebPage\",\"@id\":\"https:\\\/\\\/dev.desarrolloproyectoswp.com\\\/fr\\\/politique-de-retour-et-de-remboursement\\\/\",\"url\":\"https:\\\/\\\/dev.desarrolloproyectoswp.com\\\/fr\\\/politique-de-retour-et-de-remboursement\\\/\",\"name\":\"Politique de retour et de remboursement - La Belleza del Alma\",\"isPartOf\":{\"@id\":\"https:\\\/\\\/dev.desarrolloproyectoswp.com\\\/fr\\\/#website\"},\"datePublished\":\"2024-06-11T11:09:00+00:00\",\"dateModified\":\"2024-07-01T14:18:18+00:00\",\"breadcrumb\":{\"@id\":\"https:\\\/\\\/dev.desarrolloproyectoswp.com\\\/fr\\\/politique-de-retour-et-de-remboursement\\\/#breadcrumb\"},\"inLanguage\":\"fr-FR\",\"potentialAction\":[{\"@type\":\"ReadAction\",\"target\":[\"https:\\\/\\\/dev.desarrolloproyectoswp.com\\\/fr\\\/politique-de-retour-et-de-remboursement\\\/\"]}]},{\"@type\":\"BreadcrumbList\",\"@id\":\"https:\\\/\\\/dev.desarrolloproyectoswp.com\\\/fr\\\/politique-de-retour-et-de-remboursement\\\/#breadcrumb\",\"itemListElement\":[{\"@type\":\"ListItem\",\"position\":1,\"name\":\"Portada\",\"item\":\"https:\\\/\\\/dev.desarrolloproyectoswp.com\\\/fr\\\/la-belleza-del-alma\\\/\"},{\"@type\":\"ListItem\",\"position\":2,\"name\":\"Politique de retour et de remboursement\"}]},{\"@type\":\"WebSite\",\"@id\":\"https:\\\/\\\/dev.desarrolloproyectoswp.com\\\/fr\\\/#website\",\"url\":\"https:\\\/\\\/dev.desarrolloproyectoswp.com\\\/fr\\\/\",\"name\":\"La Belleza del Alma\",\"description\":\"Belleza Org\u00e1nica y Cosm\u00e9tica Vegana\",\"potentialAction\":[{\"@type\":\"SearchAction\",\"target\":{\"@type\":\"EntryPoint\",\"urlTemplate\":\"https:\\\/\\\/dev.desarrolloproyectoswp.com\\\/fr\\\/?s={search_term_string}\"},\"query-input\":{\"@type\":\"PropertyValueSpecification\",\"valueRequired\":true,\"valueName\":\"search_term_string\"}}],\"inLanguage\":\"fr-FR\"}]}<\/script>\n<!-- \/ Yoast SEO plugin. -->","yoast_head_json":{"title":"Politique de retour et de remboursement - La Belleza del Alma","robots":{"index":"noindex","follow":"follow"},"og_locale":"fr_FR","og_type":"article","og_title":"Politique de retour et de remboursement - La Belleza del Alma","og_description":"Politique de retour, de paiement et d&rsquo;exp\u00e9dition POLITIQUE DE RETOUR Les retours de produits sont autoris\u00e9s dans un d\u00e9lai de 7 jours \u00e0 compter de la date de r\u00e9ception de la marchandise, \u00e0 condition que l&rsquo;article soit en parfait \u00e9tat, que la bo\u00eete et le contenu des produits soient intacts, en parfait \u00e9tat, avec le ... Lire la suite","og_url":"https:\/\/dev.desarrolloproyectoswp.com\/fr\/politique-de-retour-et-de-remboursement\/","og_site_name":"La Belleza del Alma","article_publisher":"https:\/\/www.facebook.com\/vegancosmeticsbeauty\/","article_modified_time":"2024-07-01T14:18:18+00:00","twitter_card":"summary_large_image","twitter_misc":{"Dur\u00e9e de lecture estim\u00e9e":"3 minutes"},"schema":{"@context":"https:\/\/schema.org","@graph":[{"@type":"WebPage","@id":"https:\/\/dev.desarrolloproyectoswp.com\/fr\/politique-de-retour-et-de-remboursement\/","url":"https:\/\/dev.desarrolloproyectoswp.com\/fr\/politique-de-retour-et-de-remboursement\/","name":"Politique de retour et de remboursement - La Belleza del Alma","isPartOf":{"@id":"https:\/\/dev.desarrolloproyectoswp.com\/fr\/#website"},"datePublished":"2024-06-11T11:09:00+00:00","dateModified":"2024-07-01T14:18:18+00:00","breadcrumb":{"@id":"https:\/\/dev.desarrolloproyectoswp.com\/fr\/politique-de-retour-et-de-remboursement\/#breadcrumb"},"inLanguage":"fr-FR","potentialAction":[{"@type":"ReadAction","target":["https:\/\/dev.desarrolloproyectoswp.com\/fr\/politique-de-retour-et-de-remboursement\/"]}]},{"@type":"BreadcrumbList","@id":"https:\/\/dev.desarrolloproyectoswp.com\/fr\/politique-de-retour-et-de-remboursement\/#breadcrumb","itemListElement":[{"@type":"ListItem","position":1,"name":"Portada","item":"https:\/\/dev.desarrolloproyectoswp.com\/fr\/la-belleza-del-alma\/"},{"@type":"ListItem","position":2,"name":"Politique de retour et de remboursement"}]},{"@type":"WebSite","@id":"https:\/\/dev.desarrolloproyectoswp.com\/fr\/#website","url":"https:\/\/dev.desarrolloproyectoswp.com\/fr\/","name":"La Belleza del Alma","description":"Belleza Org\u00e1nica y Cosm\u00e9tica Vegana","potentialAction":[{"@type":"SearchAction","target":{"@type":"EntryPoint","urlTemplate":"https:\/\/dev.desarrolloproyectoswp.com\/fr\/?s={search_term_string}"},"query-input":{"@type":"PropertyValueSpecification","valueRequired":true,"valueName":"search_term_string"}}],"inLanguage":"fr-FR"}]}},"_links":{"self":[{"href":"https:\/\/dev.desarrolloproyectoswp.com\/fr\/wp-json\/wp\/v2\/pages\/2065","targetHints":{"allow":["GET"]}}],"collection":[{"href":"https:\/\/dev.desarrolloproyectoswp.com\/fr\/wp-json\/wp\/v2\/pages"}],"about":[{"href":"https:\/\/dev.desarrolloproyectoswp.com\/fr\/wp-json\/wp\/v2\/types\/page"}],"author":[{"embeddable":true,"href":"https:\/\/dev.desarrolloproyectoswp.com\/fr\/wp-json\/wp\/v2\/users\/4"}],"replies":[{"embeddable":true,"href":"https:\/\/dev.desarrolloproyectoswp.com\/fr\/wp-json\/wp\/v2\/comments?post=2065"}],"version-history":[{"count":0,"href":"https:\/\/dev.desarrolloproyectoswp.com\/fr\/wp-json\/wp\/v2\/pages\/2065\/revisions"}],"wp:attachment":[{"href":"https:\/\/dev.desarrolloproyectoswp.com\/fr\/wp-json\/wp\/v2\/media?parent=2065"}],"curies":[{"name":"wp","href":"https:\/\/api.w.org\/{rel}","templated":true}]}}