{"id":1977,"date":"2023-12-04T16:44:17","date_gmt":"2023-12-04T15:44:17","guid":{"rendered":"https:\/\/dev.desarrolloproyectoswp.com\/avis-juridique\/"},"modified":"2024-07-01T13:58:47","modified_gmt":"2024-07-01T11:58:47","slug":"avis-juridique","status":"publish","type":"page","link":"https:\/\/dev.desarrolloproyectoswp.com\/fr\/avis-juridique\/","title":{"rendered":"Avis juridique"},"content":{"rendered":"\t\t<div data-elementor-type=\"wp-page\" data-elementor-id=\"1977\" class=\"elementor elementor-1977 elementor-203\" data-elementor-post-type=\"page\">\n\t\t\t\t<div class=\"elementor-element elementor-element-7cd8299 e-flex e-con-boxed e-con e-parent\" data-id=\"7cd8299\" data-element_type=\"container\" data-e-type=\"container\">\n\t\t\t\t\t<div class=\"e-con-inner\">\n\t\t\t\t<div class=\"elementor-element elementor-element-7dafed2 elementor-widget elementor-widget-heading\" data-id=\"7dafed2\" data-element_type=\"widget\" data-e-type=\"widget\" data-widget_type=\"heading.default\">\n\t\t\t\t<div class=\"elementor-widget-container\">\n\t\t\t\t\t<h1 class=\"elementor-heading-title elementor-size-default\">Avis juridique<\/h1>\t\t\t\t<\/div>\n\t\t\t\t<\/div>\n\t\t\t\t<div class=\"elementor-element elementor-element-d0bcfda elementor-widget elementor-widget-text-editor\" data-id=\"d0bcfda\" data-element_type=\"widget\" data-e-type=\"widget\" data-widget_type=\"text-editor.default\">\n\t\t\t\t<div class=\"elementor-widget-container\">\n\t\t\t\t\t\t\t\t\t<p><strong>0.OBJETO<\/strong><\/p>\n<p>Le pr\u00e9sent avis juridique r\u00e9git l&rsquo;utilisation du site web. <u><a href=\"http:\/\/www.clinicaalvarez.es\/\">https:\/\/dev.desarrolloproyectoswp.com\/<\/a><\/u>, propri\u00e9t\u00e9 de BEAUTE MORALES CUMBRERAS, S.L.U. ci-apr\u00e8s \u00a9 La Belleza del Alma.<\/p>\n<p>La navigation sur le site web \u00a9 La Belleza del AlmaE vous conf\u00e8re le statut d&rsquo;UTILISATEUR de celui-ci et implique l&rsquo;acceptation totale et sans r\u00e9serve de toutes et chacune des conditions publi\u00e9es dans cet avis l\u00e9gal, en avertissant que ces conditions peuvent \u00eatre modifi\u00e9es sans pr\u00e9avis par \u00a9 La Belleza del Alma, auquel cas elle proc\u00e9dera \u00e0 sa publication et \u00e0 sa communication le plus longtemps possible \u00e0 l&rsquo;avance.<\/p>\n<p>Il est donc conseill\u00e9 de lire attentivement son contenu si vous souhaitez acc\u00e9der aux informations et aux services offerts sur ce site et les utiliser.<\/p>\n<p>L&rsquo;utilisateur s&rsquo;engage \u00e9galement \u00e0 faire un usage correct du site Web conform\u00e9ment aux lois, \u00e0 la bonne foi, \u00e0 l&rsquo;ordre public, aux usages de la circulation et au pr\u00e9sent avis juridique, et sera responsable vis-\u00e0-vis de \u00a9 La Belleza del Alma ou de tiers de tout dommage pouvant r\u00e9sulter d&rsquo;un manquement \u00e0 cette obligation.<\/p>\n<p>Toute utilisation autre que celle autoris\u00e9e est express\u00e9ment interdite et \u00a9 La Belleza del Alma peut refuser ou retirer l&rsquo;acc\u00e8s et l&rsquo;utilisation \u00e0 tout moment.<\/p>\n<p><strong>1.IDENTIFICATION<\/strong><\/p>\n<p><em>Conform\u00e9ment \u00e0 l&rsquo;article 10 de la loi 34\/2002, du 11 juillet, sur les services de la soci\u00e9t\u00e9 de l&rsquo;information et le commerce \u00e9lectronique (LSSICE) et \u00e0 la loi organique 3\/2018, du 5 d\u00e9cembre, sur la protection des donn\u00e9es \u00e0 caract\u00e8re personnel et la garantie des droits num\u00e9riques et son r\u00e8glement d&rsquo;application (RGPD) (UE) 2016\/679, les donn\u00e9es d&rsquo;identification de l&rsquo;entreprise sont d\u00e9taill\u00e9es ci-dessous :<\/em><\/p>\n<p>Sa raison sociale est : BEAUTE MORALES CUMBRERAS, S.L.U.<br \/>Votre nom commercial : \u00a9 La Belleza del Alma<br \/>Votre num\u00e9ro de TVA : B87499661<br \/>Votre adresse postale : Lugar las Lomas, 322 de Alhaurin el Grande 29130 (Malaga)<br \/>Votre t\u00e9l\u00e9phone: <a href=\"tel:915218830\">915 218 830<\/a><br \/>Votre adresse \u00e9lectronique: <a href=\"mailto:info@labellezadelalama.es\">info@labellezadelalama.es<\/a><\/p>\n<p><strong>2.COMMUNICATIONS<\/strong><\/p>\n<p>Pour nous contacter, nous mettons \u00e0 votre disposition diff\u00e9rents moyens de contact qui sont d\u00e9taill\u00e9s ci-dessous :<\/p>\n<ul>\n<li>T\u00e9l\u00e9phone : <a href=\"tel:915218830\">915 218 830<\/a><\/li>\n<li>Courriel : <a href=\"mailto:info@labellezadelalama.es\">info@labellezadelalama.es<\/a><\/li>\n<li>Adresse postale : Lugar las Lomas, 322 de Alhaurin el Grande 29130 (Malaga)<\/li>\n<\/ul>\n<p><strong>3. OBJECTIF DU SITE WEB<\/strong><\/p>\n<p>Pour pr\u00e9senter aux personnes qui acc\u00e8dent \u00e0 notre site web les services que nous offrons, ainsi que votre carri\u00e8re professionnelle.<\/p>\n<p><strong>CONDITIONS D&rsquo;ACC\u00c8S ET D&rsquo;UTILISATION<\/strong><\/p>\n<p>Le site web et ses services sont d&rsquo;acc\u00e8s libre et gratuit. Toutefois, \u00a9 La Belleza del Alma peut subordonner l&rsquo;utilisation de certains des services offerts sur son site web \u00e0 l&rsquo;accomplissement pr\u00e9alable du formulaire correspondant. <\/p>\n<p>L&rsquo;utilisateur garantit l&rsquo;authenticit\u00e9 et l&rsquo;actualit\u00e9 de toutes les donn\u00e9es communiqu\u00e9es \u00e0 \u00a9 La Belleza del Alma et sera seul responsable de toute d\u00e9claration fausse ou inexacte.<\/p>\n<p>L&rsquo;utilisateur s&rsquo;engage express\u00e9ment \u00e0 faire un usage appropri\u00e9 des contenus et des services de \u00a9 La Belleza del Alma et \u00e0 ne pas les utiliser, entre autres, pour.. :<\/p>\n<ol>\n<li>Diffuser des contenus criminels, violents, pornographiques, racistes, x\u00e9nophobes, injurieux, terroristes ou, en g\u00e9n\u00e9ral, contraires \u00e0 la loi ou \u00e0 l&rsquo;ordre public.<\/li>\n<li>Introduire dans le r\u00e9seau des virus informatiques ou r\u00e9aliser des actions susceptibles d&rsquo;alt\u00e9rer, d&rsquo;endommager, d&rsquo;interrompre ou de g\u00e9n\u00e9rer des erreurs ou des dommages aux documents \u00e9lectroniques, aux donn\u00e9es ou aux syst\u00e8mes physiques et logiques de \u00a9 La Belleza del Alma ou de tiers ; ainsi qu&rsquo;entraver l&rsquo;acc\u00e8s d&rsquo;autres utilisateurs au site web et \u00e0 ses services par la consommation massive des ressources informatiques gr\u00e2ce auxquelles \u00a9 La Belleza del Alma fournit ses services.<\/li>\n<li>Tenter d&rsquo;acc\u00e9der aux comptes de courrier \u00e9lectronique d&rsquo;autres utilisateurs ou \u00e0 des zones restreintes des syst\u00e8mes informatiques de \u00a9 La Belleza del Alma ou de tiers et, le cas \u00e9ch\u00e9ant, d&rsquo;en extraire des informations.<\/li>\n<li>Violer les droits de propri\u00e9t\u00e9 intellectuelle ou industrielle, ainsi que la confidentialit\u00e9 des informations de \u00a9 La Belleza del Alma ou de tiers.<\/li>\n<li>Se faire passer pour un autre utilisateur.<\/li>\n<li>Reproduire, copier, distribuer, mettre \u00e0 disposition ou de toute autre mani\u00e8re communiquer publiquement, transformer ou modifier le contenu, sauf autorisation du titulaire des droits correspondants ou autorisation l\u00e9gale.<\/li>\n<li>collecter des donn\u00e9es \u00e0 des fins publicitaires et envoyer de la publicit\u00e9 de toute nature et des communications \u00e0 des fins de vente ou \u00e0 d&rsquo;autres fins commerciales sans demande ou consentement pr\u00e9alable.<\/li>\n<\/ol>\n<p>Tous les contenus du portail, y compris, mais sans s&rsquo;y limiter, les textes, photographies, graphiques, images, ic\u00f4nes, technologies, logiciels, liens et autres contenus audiovisuels ou sonores, ainsi que sa conception graphique et ses codes sources, constituent une \u0153uvre dont la propri\u00e9t\u00e9 appartient \u00e0 \u00a9 La Belleza del Alma, sans qu&rsquo;aucun droit d&rsquo;exploitation ne soit c\u00e9d\u00e9 \u00e0 l&rsquo;utilisateur au-del\u00e0 de ce qui est strictement n\u00e9cessaire \u00e0 l&rsquo;utilisation correcte du site web.<\/p>\n<p>Les marques, noms commerciaux ou logos utilis\u00e9s ou mentionn\u00e9s sur le portail sont la propri\u00e9t\u00e9 de \u00a9 La Belleza del Alma, sans que l&rsquo;acc\u00e8s au portail n&rsquo;attribue un quelconque droit sur ces marques, noms commerciaux et\/ou logos.<\/p>\n<p>En r\u00e9sum\u00e9, les utilisateurs qui acc\u00e8dent \u00e0 ce site web peuvent visualiser les contenus et r\u00e9aliser, le cas \u00e9ch\u00e9ant, des copies priv\u00e9es autoris\u00e9es, \u00e0 condition que les \u00e9l\u00e9ments reproduits ne soient pas c\u00e9d\u00e9s ult\u00e9rieurement \u00e0 des tiers, ni install\u00e9s sur des serveurs connect\u00e9s \u00e0 des r\u00e9seaux, ni soumis \u00e0 un quelconque type d&rsquo;exploitation.<\/p>\n<p>De m\u00eame, toutes les marques, noms commerciaux ou logos de toute nature qui apparaissent sur le site web sont la propri\u00e9t\u00e9 de \u00a9 La Belleza del Alma, sans qu&rsquo;il soit entendu que l&rsquo;utilisation ou l&rsquo;acc\u00e8s \u00e0 ceux-ci conf\u00e8re \u00e0 l&rsquo;utilisateur un quelconque droit sur ces marques, noms commerciaux ou logos.<\/p>\n<p>La distribution, la modification, le transfert ou la communication publique des contenus et tout autre acte qui n&rsquo;a pas \u00e9t\u00e9 express\u00e9ment autoris\u00e9 par le titulaire des droits d&rsquo;exploitation sont interdits.<\/p>\n<p>L&rsquo;\u00e9tablissement d&rsquo;un lien hypertexte n&rsquo;implique en aucun cas l&rsquo;existence de relations entre \u00a9 La Belleza del Alma et le propri\u00e9taire du site web sur lequel il est \u00e9tabli, ni l&rsquo;acceptation et l&rsquo;approbation par \u00a9 La Belleza del Alma de son contenu ou de ses services.<\/p>\n<p>La Belleza del Alma n&rsquo;est pas responsable de l&rsquo;usage que chaque utilisateur fait du mat\u00e9riel mis \u00e0 disposition sur ce site ni des actions entreprises sur la base de ce mat\u00e9riel.<\/p>\n<p><strong> 4.1 EXCLUSION DES GARANTIES ET DE LA RESPONSABILIT\u00c9 EN MATI\u00c8RE D&rsquo;ACC\u00c8S ET D&rsquo;UTILISATION<\/strong><\/p>\n<p>L&rsquo;acc\u00e8s \u00e0 l&rsquo;ensemble du contenu n&rsquo;est pas enti\u00e8rement garanti, pas plus que son exhaustivit\u00e9, son exactitude, sa validit\u00e9 ou son actualit\u00e9, ou encore son ad\u00e9quation ou son utilit\u00e9 dans un but sp\u00e9cifique.<\/p>\n<p>La Belleza del Alma exclut, dans la mesure permise par la loi, toute responsabilit\u00e9 pour des dommages de quelque nature que ce soit r\u00e9sultant de :<\/p>\n<ol>\n<li>L&rsquo;impossibilit\u00e9 d&rsquo;acc\u00e9der au site web ou le manque de v\u00e9racit\u00e9, d&rsquo;exactitude, d&rsquo;exhaustivit\u00e9 et\/ou d&rsquo;actualit\u00e9 du contenu, ainsi que l&rsquo;existence de vices et de d\u00e9fauts de toute nature dans le contenu transmis, diffus\u00e9, stock\u00e9, mis \u00e0 la disposition de ceux qui ont acc\u00e9d\u00e9 par le biais du site web ou des services offerts.<\/li>\n<li>La pr\u00e9sence de virus ou d&rsquo;autres \u00e9l\u00e9ments dans le contenu qui peuvent causer des alt\u00e9rations dans les syst\u00e8mes informatiques, les documents \u00e9lectroniques ou les donn\u00e9es des utilisateurs.<\/li>\n<li>Le non-respect des lois, de la bonne foi, de l&rsquo;ordre public, des usages de la circulation et du pr\u00e9sent avis juridique en raison d&rsquo;une utilisation inappropri\u00e9e du site Web. En particulier, et \u00e0 titre d&rsquo;exemple, \u00a9 La Belleza del Alma n&rsquo;est pas responsable des actions de tiers qui violent les droits de propri\u00e9t\u00e9 intellectuelle et industrielle, les secrets d&rsquo;affaires, les droits \u00e0 l&rsquo;honneur, \u00e0 l&rsquo;intimit\u00e9 personnelle et familiale et \u00e0 l&rsquo;image de soi, ainsi que les r\u00e8gles relatives \u00e0 la concurrence d\u00e9loyale et \u00e0 la publicit\u00e9 ill\u00e9gale. <\/li>\n<\/ol>\n<p>Par ailleurs, \u00a9 La Belleza del Alma d\u00e9cline toute responsabilit\u00e9 quant aux informations qui se trouvent en dehors de ce site et qui ne sont pas g\u00e9r\u00e9es directement par notre webmestre. La fonction des liens qui apparaissent sur ce site est exclusivement d&rsquo;informer l&rsquo;utilisateur de l&rsquo;existence d&rsquo;autres sources susceptibles d&rsquo;\u00e9largir le contenu offert par ce site. La Belleza del Alma ne garantit pas et n&rsquo;est pas responsable du fonctionnement ou de l&rsquo;accessibilit\u00e9 des sites li\u00e9s, ni ne sugg\u00e8re, invite ou recommande de les visiter, et ne sera donc pas responsable du r\u00e9sultat obtenu. La Belleza del Alma n&rsquo;est pas responsable de l&rsquo;\u00e9tablissement d&rsquo;hyperliens par des tiers.   <\/p>\n<p><strong> 4.2 PROC\u00c9DURE EN CAS D&rsquo;ACTIVIT\u00c9S ILL\u00c9GALES<\/strong><\/p>\n<p>Si un utilisateur ou un tiers consid\u00e8re qu&rsquo;il existe des faits ou des circonstances qui r\u00e9v\u00e8lent le caract\u00e8re illicite de l&rsquo;utilisation de tout contenu et\/ou de la r\u00e9alisation de toute activit\u00e9 sur les pages web incluses ou accessibles par le site web, il doit envoyer une notification \u00e0 \u00a9 La Belleza del Alma en s&rsquo;identifiant d\u00fbment et en sp\u00e9cifiant les infractions pr\u00e9sum\u00e9es.<\/p>\n<p><strong>5. UTILISATION DES COOKIES ET DU FICHIER D&rsquo;ACTIVIT\u00c9<\/strong><\/p>\n<p>Le fournisseur, pour son propre compte ou pour celui d&rsquo;un tiers charg\u00e9 de fournir des services de mesure, peut utiliser des cookies lorsqu&rsquo;un utilisateur navigue sur le site web. Les cookies sont des fichiers envoy\u00e9s au navigateur par un serveur web afin d&rsquo;enregistrer les activit\u00e9s de l&rsquo;utilisateur pendant sa navigation. <\/p>\n<p>Les cookies utilis\u00e9s par le site web sont uniquement associ\u00e9s \u00e0 un utilisateur anonyme et \u00e0 son ordinateur, et ne fournissent pas en eux-m\u00eames les donn\u00e9es personnelles de l&rsquo;utilisateur.<\/p>\n<p>L&rsquo;utilisation de cookies permet au serveur o\u00f9 se trouve le site web de reconna\u00eetre le navigateur web utilis\u00e9 par l&rsquo;utilisateur afin de faciliter la navigation, en permettant, par exemple, aux utilisateurs qui se sont pr\u00e9alablement enregistr\u00e9s d&rsquo;acc\u00e9der \u00e0 des zones, des services, des promotions ou des concours qui leur sont exclusivement r\u00e9serv\u00e9s, sans avoir \u00e0 s&rsquo;enregistrer \u00e0 chaque visite. Ils sont \u00e9galement utilis\u00e9s pour mesurer les param\u00e8tres d&rsquo;audience et de trafic, contr\u00f4ler la progression et le nombre de participations. <\/p>\n<p>L&rsquo;utilisateur a la possibilit\u00e9 de configurer son navigateur pour \u00eatre averti de la r\u00e9ception de cookies et pour emp\u00eacher leur installation sur son ordinateur. Veuillez consulter les instructions et les manuels de votre navigateur pour de plus amples informations. <\/p>\n<p>Pour utiliser le site web, il n&rsquo;est pas n\u00e9cessaire que l&rsquo;utilisateur autorise l&rsquo;installation des cookies envoy\u00e9s par le site web, ou le tiers agissant en son nom, sans pr\u00e9judice du fait qu&rsquo;il est n\u00e9cessaire que l&rsquo;utilisateur s&rsquo;identifie en tant que tel dans chacun des services dont la prestation n\u00e9cessite un enregistrement pr\u00e9alable ou \u00ab\u00a0login\u00a0\u00bb.<\/p>\n<p>Les cookies utilis\u00e9s sur ce site sont, en tout \u00e9tat de cause, de nature temporaire, dans le seul but de rendre plus efficace leur transmission ult\u00e9rieure. Les cookies ne sont en aucun cas utilis\u00e9s pour collecter des informations personnelles. <\/p>\n<p>Pour autoriser, conna\u00eetre, bloquer ou supprimer les cookies install\u00e9s sur votre ordinateur, vous pouvez le faire en configurant les options du navigateur install\u00e9 sur votre ordinateur.<\/p>\n<p>Par exemple, vous pouvez trouver des informations sur la mani\u00e8re de proc\u00e9der dans l&rsquo;application que vous utilisez comme navigateur :<\/p>\n<p><strong>Firefox \u00e0 partir d&rsquo;ici : <\/strong> <a href=\"https:\/\/support.mozilla.org\/es\/kb\/habilitar-y-deshabilitar-cookies-que-los-sitios-we\">https:\/\/support.mozilla.org\/es\/kb\/habilitar-y-deshabilitar-cookies-que-los-sitios-we<\/a><br \/><strong>Chrome \u00e0 partir d&rsquo;ici : <\/strong> <a href=\"http:\/\/support.google.com\/chrome\/bin\/answer.py?hl=es&amp;answer=95647\">http:\/\/support.google.com\/chrome\/bin\/answer.py?hl=es&amp;answer=95647<\/a><br \/><strong>Explorer \u00e0 partir d&rsquo;ici : <\/strong> <a href=\"http:\/\/windows.microsoft.com\/es-es\/windows7\/how-to-manage-cookies-in-internet-explorer-9\">http:\/\/windows.microsoft.com\/es-es\/windows7\/how-to-manage-cookies-in-internet-explorer-9<\/a><br \/><strong>Safari \u00e0 partir d&rsquo;ici : <\/strong> <a href=\"http:\/\/support.apple.com\/kb\/ph5042\">http:\/\/support.apple.com\/kb\/ph5042<\/a><br \/><strong>Safari \u00e0 partir d&rsquo;ici : <\/strong> <a href=\"http:\/\/help.opera.com\/Windows\/11.50\/es-ES\/cookies.html\">http:\/\/support.apple.com\/kb\/ph5042<\/a><\/p>\n<p><strong>6. ADRESSES IP<\/strong><\/p>\n<p>Les serveurs du site web peuvent d\u00e9tecter automatiquement l&rsquo;adresse IP et le nom de domaine utilis\u00e9s par l&rsquo;utilisateur. L&rsquo;adresse IP est un num\u00e9ro attribu\u00e9 automatiquement \u00e0 un ordinateur lorsqu&rsquo;il se connecte \u00e0 Internet. Toutes ces informations sont enregistr\u00e9es dans un fichier d&rsquo;activit\u00e9 du serveur d\u00fbment enregistr\u00e9 qui permet le traitement ult\u00e9rieur des donn\u00e9es afin d&rsquo;obtenir des mesures purement statistiques permettant de conna\u00eetre le nombre d&rsquo;impressions de pages, le nombre de visites effectu\u00e9es sur les services web, l&rsquo;ordre des visites, le point d&rsquo;acc\u00e8s, etc.  <\/p>\n<p><strong>S\u00c9CURIT\u00c9<\/strong><\/p>\n<p>Le site Web utilise des techniques de s\u00e9curit\u00e9 de l&rsquo;information g\u00e9n\u00e9ralement accept\u00e9es dans l&rsquo;industrie, telles que les pare-feu, les proc\u00e9dures de contr\u00f4le d&rsquo;acc\u00e8s et les m\u00e9canismes cryptographiques, le tout afin d&#8217;emp\u00eacher l&rsquo;acc\u00e8s non autoris\u00e9 aux donn\u00e9es. Pour atteindre ces objectifs, l&rsquo;utilisateur\/le client accepte que le fournisseur obtienne des donn\u00e9es \u00e0 des fins d&rsquo;authentification des contr\u00f4les d&rsquo;acc\u00e8s.\u00a9 La Belleza del Alma<\/p>\n\t\t\t\t\t\t\t\t<\/div>\n\t\t\t\t<\/div>\n\t\t\t\t\t<\/div>\n\t\t\t\t<\/div>\n\t\t\t\t<\/div>\n\t\t","protected":false},"excerpt":{"rendered":"<p>Avis juridique 0.OBJETO Le pr\u00e9sent avis juridique r\u00e9git l&rsquo;utilisation du site web. https:\/\/dev.desarrolloproyectoswp.com\/, propri\u00e9t\u00e9 de BEAUTE MORALES CUMBRERAS, S.L.U. ci-apr\u00e8s \u00a9 La Belleza del Alma. La navigation sur le site web \u00a9 La Belleza del AlmaE vous conf\u00e8re le statut d&rsquo;UTILISATEUR de celui-ci et implique l&rsquo;acceptation totale et sans r\u00e9serve de toutes et chacune des &#8230; <a title=\"Avis juridique\" class=\"read-more\" href=\"https:\/\/dev.desarrolloproyectoswp.com\/fr\/avis-juridique\/\" aria-label=\"En savoir plus sur Avis juridique\">Lire la suite<\/a><\/p>\n","protected":false},"author":4,"featured_media":0,"parent":0,"menu_order":0,"comment_status":"closed","ping_status":"closed","template":"elementor_header_footer","meta":{"footnotes":""},"class_list":["post-1977","page","type-page","status-publish"],"yoast_head":"<!-- This site is optimized with the Yoast SEO plugin v27.3 - https:\/\/yoast.com\/product\/yoast-seo-wordpress\/ -->\n<title>Avis juridique - La Belleza del Alma<\/title>\n<meta name=\"robots\" content=\"noindex, nofollow\" \/>\n<meta property=\"og:locale\" content=\"fr_FR\" \/>\n<meta property=\"og:type\" content=\"article\" \/>\n<meta property=\"og:title\" content=\"Avis juridique - La Belleza del Alma\" \/>\n<meta property=\"og:description\" content=\"Avis juridique 0.OBJETO Le pr\u00e9sent avis juridique r\u00e9git l&rsquo;utilisation du site web. https:\/\/dev.desarrolloproyectoswp.com\/, propri\u00e9t\u00e9 de BEAUTE MORALES CUMBRERAS, S.L.U. ci-apr\u00e8s \u00a9 La Belleza del Alma. La navigation sur le site web \u00a9 La Belleza del AlmaE vous conf\u00e8re le statut d&rsquo;UTILISATEUR de celui-ci et implique l&rsquo;acceptation totale et sans r\u00e9serve de toutes et chacune des ... Lire la suite\" \/>\n<meta property=\"og:url\" content=\"https:\/\/dev.desarrolloproyectoswp.com\/fr\/avis-juridique\/\" \/>\n<meta property=\"og:site_name\" content=\"La Belleza del Alma\" \/>\n<meta property=\"article:publisher\" content=\"https:\/\/www.facebook.com\/vegancosmeticsbeauty\/\" \/>\n<meta property=\"article:modified_time\" content=\"2024-07-01T11:58:47+00:00\" \/>\n<meta name=\"twitter:card\" content=\"summary_large_image\" \/>\n<meta name=\"twitter:label1\" content=\"Dur\u00e9e de lecture estim\u00e9e\" \/>\n\t<meta name=\"twitter:data1\" content=\"10 minutes\" \/>\n<script type=\"application\/ld+json\" class=\"yoast-schema-graph\">{\"@context\":\"https:\\\/\\\/schema.org\",\"@graph\":[{\"@type\":\"WebPage\",\"@id\":\"https:\\\/\\\/dev.desarrolloproyectoswp.com\\\/fr\\\/avis-juridique\\\/\",\"url\":\"https:\\\/\\\/dev.desarrolloproyectoswp.com\\\/fr\\\/avis-juridique\\\/\",\"name\":\"Avis juridique - La Belleza del Alma\",\"isPartOf\":{\"@id\":\"https:\\\/\\\/dev.desarrolloproyectoswp.com\\\/fr\\\/#website\"},\"datePublished\":\"2023-12-04T15:44:17+00:00\",\"dateModified\":\"2024-07-01T11:58:47+00:00\",\"breadcrumb\":{\"@id\":\"https:\\\/\\\/dev.desarrolloproyectoswp.com\\\/fr\\\/avis-juridique\\\/#breadcrumb\"},\"inLanguage\":\"fr-FR\",\"potentialAction\":[{\"@type\":\"ReadAction\",\"target\":[\"https:\\\/\\\/dev.desarrolloproyectoswp.com\\\/fr\\\/avis-juridique\\\/\"]}]},{\"@type\":\"BreadcrumbList\",\"@id\":\"https:\\\/\\\/dev.desarrolloproyectoswp.com\\\/fr\\\/avis-juridique\\\/#breadcrumb\",\"itemListElement\":[{\"@type\":\"ListItem\",\"position\":1,\"name\":\"Portada\",\"item\":\"https:\\\/\\\/dev.desarrolloproyectoswp.com\\\/fr\\\/la-belleza-del-alma\\\/\"},{\"@type\":\"ListItem\",\"position\":2,\"name\":\"Avis juridique\"}]},{\"@type\":\"WebSite\",\"@id\":\"https:\\\/\\\/dev.desarrolloproyectoswp.com\\\/fr\\\/#website\",\"url\":\"https:\\\/\\\/dev.desarrolloproyectoswp.com\\\/fr\\\/\",\"name\":\"La Belleza del Alma\",\"description\":\"Belleza Org\u00e1nica y Cosm\u00e9tica Vegana\",\"potentialAction\":[{\"@type\":\"SearchAction\",\"target\":{\"@type\":\"EntryPoint\",\"urlTemplate\":\"https:\\\/\\\/dev.desarrolloproyectoswp.com\\\/fr\\\/?s={search_term_string}\"},\"query-input\":{\"@type\":\"PropertyValueSpecification\",\"valueRequired\":true,\"valueName\":\"search_term_string\"}}],\"inLanguage\":\"fr-FR\"}]}<\/script>\n<!-- \/ Yoast SEO plugin. -->","yoast_head_json":{"title":"Avis juridique - La Belleza del Alma","robots":{"index":"noindex","follow":"nofollow"},"og_locale":"fr_FR","og_type":"article","og_title":"Avis juridique - La Belleza del Alma","og_description":"Avis juridique 0.OBJETO Le pr\u00e9sent avis juridique r\u00e9git l&rsquo;utilisation du site web. https:\/\/dev.desarrolloproyectoswp.com\/, propri\u00e9t\u00e9 de BEAUTE MORALES CUMBRERAS, S.L.U. ci-apr\u00e8s \u00a9 La Belleza del Alma. La navigation sur le site web \u00a9 La Belleza del AlmaE vous conf\u00e8re le statut d&rsquo;UTILISATEUR de celui-ci et implique l&rsquo;acceptation totale et sans r\u00e9serve de toutes et chacune des ... Lire la suite","og_url":"https:\/\/dev.desarrolloproyectoswp.com\/fr\/avis-juridique\/","og_site_name":"La Belleza del Alma","article_publisher":"https:\/\/www.facebook.com\/vegancosmeticsbeauty\/","article_modified_time":"2024-07-01T11:58:47+00:00","twitter_card":"summary_large_image","twitter_misc":{"Dur\u00e9e de lecture estim\u00e9e":"10 minutes"},"schema":{"@context":"https:\/\/schema.org","@graph":[{"@type":"WebPage","@id":"https:\/\/dev.desarrolloproyectoswp.com\/fr\/avis-juridique\/","url":"https:\/\/dev.desarrolloproyectoswp.com\/fr\/avis-juridique\/","name":"Avis juridique - La Belleza del Alma","isPartOf":{"@id":"https:\/\/dev.desarrolloproyectoswp.com\/fr\/#website"},"datePublished":"2023-12-04T15:44:17+00:00","dateModified":"2024-07-01T11:58:47+00:00","breadcrumb":{"@id":"https:\/\/dev.desarrolloproyectoswp.com\/fr\/avis-juridique\/#breadcrumb"},"inLanguage":"fr-FR","potentialAction":[{"@type":"ReadAction","target":["https:\/\/dev.desarrolloproyectoswp.com\/fr\/avis-juridique\/"]}]},{"@type":"BreadcrumbList","@id":"https:\/\/dev.desarrolloproyectoswp.com\/fr\/avis-juridique\/#breadcrumb","itemListElement":[{"@type":"ListItem","position":1,"name":"Portada","item":"https:\/\/dev.desarrolloproyectoswp.com\/fr\/la-belleza-del-alma\/"},{"@type":"ListItem","position":2,"name":"Avis juridique"}]},{"@type":"WebSite","@id":"https:\/\/dev.desarrolloproyectoswp.com\/fr\/#website","url":"https:\/\/dev.desarrolloproyectoswp.com\/fr\/","name":"La Belleza del Alma","description":"Belleza Org\u00e1nica y Cosm\u00e9tica Vegana","potentialAction":[{"@type":"SearchAction","target":{"@type":"EntryPoint","urlTemplate":"https:\/\/dev.desarrolloproyectoswp.com\/fr\/?s={search_term_string}"},"query-input":{"@type":"PropertyValueSpecification","valueRequired":true,"valueName":"search_term_string"}}],"inLanguage":"fr-FR"}]}},"_links":{"self":[{"href":"https:\/\/dev.desarrolloproyectoswp.com\/fr\/wp-json\/wp\/v2\/pages\/1977","targetHints":{"allow":["GET"]}}],"collection":[{"href":"https:\/\/dev.desarrolloproyectoswp.com\/fr\/wp-json\/wp\/v2\/pages"}],"about":[{"href":"https:\/\/dev.desarrolloproyectoswp.com\/fr\/wp-json\/wp\/v2\/types\/page"}],"author":[{"embeddable":true,"href":"https:\/\/dev.desarrolloproyectoswp.com\/fr\/wp-json\/wp\/v2\/users\/4"}],"replies":[{"embeddable":true,"href":"https:\/\/dev.desarrolloproyectoswp.com\/fr\/wp-json\/wp\/v2\/comments?post=1977"}],"version-history":[{"count":0,"href":"https:\/\/dev.desarrolloproyectoswp.com\/fr\/wp-json\/wp\/v2\/pages\/1977\/revisions"}],"wp:attachment":[{"href":"https:\/\/dev.desarrolloproyectoswp.com\/fr\/wp-json\/wp\/v2\/media?parent=1977"}],"curies":[{"name":"wp","href":"https:\/\/api.w.org\/{rel}","templated":true}]}}